{"id":87791,"date":"2021-02-21T20:57:37","date_gmt":"2021-02-21T20:57:37","guid":{"rendered":"https:\/\/www.autonvaraosahaku.fi\/?product=febi-bilstein-08324-kasijarrukengat"},"modified":"2021-02-21T20:57:37","modified_gmt":"2021-02-21T20:57:37","slug":"febi-bilstein-08324-kasijarrukengat","status":"publish","type":"product","link":"https:\/\/www.autonvaraosahaku.fi\/?product=febi-bilstein-08324-kasijarrukengat","title":{"rendered":"FEBI BILSTEIN 08324 K\u00e4sijarrukeng\u00e4t"},"content":{"rendered":"<p>Leveys (mm): 25,0; Ulkol\u00e4pimitta [mm]: 160,0; Asennuspuoli: Taka-akseli; Paino [kg]: 1,0, 1,0; Moottorinumero: M117; MERCEDES-BENZ: SL R107,Stufenheck W123,S-CLASS W126,COUPE C123,S-CLASS W108, W109,COUPE W111,S-CLASS Coupe C126,KOMBI Kombi S123,SL Coupe C107,HECKFLOSSE W111, W112; 0004200620, 1084200120, 1164200020, 1234200120, 1264200120, A0004200620, A1084200120, A1164200020, A1234200120, A1264200120; Jarrukenk\u00e4sarja, K\u00e4sijarru<\/p>\n","protected":false},"excerpt":{"rendered":"<p>FEBI BILSTEIN K\u00e4sijarrukeng\u00e4t 08324 Jarrukenk\u00e4sarja, K\u00e4sijarru MERCEDES-BENZ,SL R107,Stufenheck W123,S-CLASS W126,COUPE C123,S-CLASS W108, W109<\/p>\n","protected":false},"featured_media":0,"template":"","meta":{"site-sidebar-layout":"default","site-content-layout":"default","ast-global-header-display":"","ast-main-header-display":"","ast-hfb-above-header-display":"","ast-hfb-below-header-display":"","ast-hfb-mobile-header-display":"","site-post-title":"","ast-breadcrumbs-content":"","ast-featured-img":"","footer-sml-layout":"","theme-transparent-header-meta":"","adv-header-id-meta":"","stick-header-meta":"","header-above-stick-meta":"","header-main-stick-meta":"","header-below-stick-meta":""},"pwb-brand":[50],"product_cat":[236],"product_tag":[],"class_list":{"0":"post-87791","1":"product","2":"type-product","3":"status-publish","5":"pwb-brand-febi-bilstein","6":"product_cat-kasijarrukengat","7":"desktop-align-left","8":"tablet-align-left","9":"mobile-align-left","11":"first","12":"instock","13":"product-type-external"},"brands":[{"id":50,"name":"FEBI BILSTEIN","slug":"febi-bilstein"}],"_links":{"self":[{"href":"https:\/\/www.autonvaraosahaku.fi\/index.php?rest_route=\/wp\/v2\/product\/87791","targetHints":{"allow":["GET"]}}],"collection":[{"href":"https:\/\/www.autonvaraosahaku.fi\/index.php?rest_route=\/wp\/v2\/product"}],"about":[{"href":"https:\/\/www.autonvaraosahaku.fi\/index.php?rest_route=\/wp\/v2\/types\/product"}],"wp:attachment":[{"href":"https:\/\/www.autonvaraosahaku.fi\/index.php?rest_route=%2Fwp%2Fv2%2Fmedia&parent=87791"}],"wp:term":[{"taxonomy":"pwb-brand","embeddable":true,"href":"https:\/\/www.autonvaraosahaku.fi\/index.php?rest_route=%2Fwp%2Fv2%2Fpwb-brand&post=87791"},{"taxonomy":"product_cat","embeddable":true,"href":"https:\/\/www.autonvaraosahaku.fi\/index.php?rest_route=%2Fwp%2Fv2%2Fproduct_cat&post=87791"},{"taxonomy":"product_tag","embeddable":true,"href":"https:\/\/www.autonvaraosahaku.fi\/index.php?rest_route=%2Fwp%2Fv2%2Fproduct_tag&post=87791"}],"curies":[{"name":"wp","href":"https:\/\/api.w.org\/{rel}","templated":true}]}}