{"id":87799,"date":"2021-02-21T20:57:37","date_gmt":"2021-02-21T20:57:37","guid":{"rendered":"https:\/\/www.autonvaraosahaku.fi\/?product=vemo-v10-73-0154-lasinnostimen-kytkin"},"modified":"2021-02-21T20:57:41","modified_gmt":"2021-02-21T20:57:41","slug":"vemo-v10-73-0154-lasinnostimen-kytkin","status":"publish","type":"product","link":"https:\/\/www.autonvaraosahaku.fi\/?product=vemo-v10-73-0154-lasinnostimen-kytkin","title":{"rendered":"VEMO V10-73-0154 Lasinnostimen kytkin"},"content":{"rendered":"<p>Asennuspuoli: Edess\u00e4, Etu, vasen; Pituus (mm): 144; Leveys (mm): 40,47; Korkeus (mm): 41; Varusteet: ajon. s\u00e4hk\u00f6-ikkunanostimilla edess\u00e4 ja takana; Liittimi\u00e4: 9; Paino [kg]: 0,093; Pakkausleveys [cm]: 20,6; Pakkauskorkeus [mm]: 6,5; Pakkaussyvyys [cm]: 6,8; Tuotelinja: Original Quality; VW: GOLF IV 1J1,GOLF V 1K1,PASSAT Variant 3B6,GOLF IV Variant 1J5,PASSAT Variant 3B5,BORA 1J2,PASSAT 3B2,PASSAT 3B3,GOLF Mk III Cabriolet 1E7,BORA Kombi 1J6; SEAT: LEON 1P1,LEON 1M1,TOLEDO II 1M2,TOLEDO III 5P2; 1J4959857, 1J4959857B, 1J4959857D, 1J4959857, 1J4959857B, 1J4959857D, 1J4959857, 1J4959857B, 1J4959857D; Kytkin, Lasinnostin<\/p>\n","protected":false},"excerpt":{"rendered":"<p>VEMO Lasinnostimen Kytkin V10-73-0154 Kytkin, Lasinnostin VW,SEAT,GOLF IV 1J1,GOLF V 1K1,PASSAT Variant 3B6,GOLF IV Variant 1J5,PASSAT Variant 3B5<\/p>\n","protected":false},"featured_media":0,"template":"","meta":{"site-sidebar-layout":"default","site-content-layout":"default","ast-global-header-display":"","ast-main-header-display":"","ast-hfb-above-header-display":"","ast-hfb-below-header-display":"","ast-hfb-mobile-header-display":"","site-post-title":"","ast-breadcrumbs-content":"","ast-featured-img":"","footer-sml-layout":"","theme-transparent-header-meta":"","adv-header-id-meta":"","stick-header-meta":"","header-above-stick-meta":"","header-main-stick-meta":"","header-below-stick-meta":""},"pwb-brand":[168],"product_cat":[135],"product_tag":[],"class_list":{"0":"post-87799","1":"product","2":"type-product","3":"status-publish","5":"pwb-brand-vemo","6":"product_cat-lasinnostimen-kytkin","7":"desktop-align-left","8":"tablet-align-left","9":"mobile-align-left","11":"first","12":"instock","13":"product-type-external"},"brands":[{"id":168,"name":"VEMO","slug":"vemo"}],"_links":{"self":[{"href":"https:\/\/www.autonvaraosahaku.fi\/index.php?rest_route=\/wp\/v2\/product\/87799","targetHints":{"allow":["GET"]}}],"collection":[{"href":"https:\/\/www.autonvaraosahaku.fi\/index.php?rest_route=\/wp\/v2\/product"}],"about":[{"href":"https:\/\/www.autonvaraosahaku.fi\/index.php?rest_route=\/wp\/v2\/types\/product"}],"wp:attachment":[{"href":"https:\/\/www.autonvaraosahaku.fi\/index.php?rest_route=%2Fwp%2Fv2%2Fmedia&parent=87799"}],"wp:term":[{"taxonomy":"pwb-brand","embeddable":true,"href":"https:\/\/www.autonvaraosahaku.fi\/index.php?rest_route=%2Fwp%2Fv2%2Fpwb-brand&post=87799"},{"taxonomy":"product_cat","embeddable":true,"href":"https:\/\/www.autonvaraosahaku.fi\/index.php?rest_route=%2Fwp%2Fv2%2Fproduct_cat&post=87799"},{"taxonomy":"product_tag","embeddable":true,"href":"https:\/\/www.autonvaraosahaku.fi\/index.php?rest_route=%2Fwp%2Fv2%2Fproduct_tag&post=87799"}],"curies":[{"name":"wp","href":"https:\/\/api.w.org\/{rel}","templated":true}]}}