{"id":87808,"date":"2021-02-21T20:57:37","date_gmt":"2021-02-21T20:57:37","guid":{"rendered":"https:\/\/www.autonvaraosahaku.fi\/?product=glaser-x51644-01-pakosarjan-tiivisteet"},"modified":"2021-02-21T20:57:46","modified_gmt":"2021-02-21T20:57:46","slug":"glaser-x51644-01-pakosarjan-tiivisteet","status":"publish","type":"product","link":"https:\/\/www.autonvaraosahaku.fi\/?product=glaser-x51644-01-pakosarjan-tiivisteet","title":{"rendered":"GLASER X51644-01 Pakosarjan tiivisteet"},"content":{"rendered":"<p>Paksuus [mm]: 16; Tarvittava kappalem\u00e4\u00e4r\u00e4: 2; BMW: 3 E46,5 E39,5 Touring E39,3 Compact E36,3 E36,7 E38,3 Coupe E36,Z3 E36,3 Cabriolet E36,3 Touring E36,Z3 Coupe E36; LAND ROVER: DEFENDER Station Wagon LD,DEFENDER Pick-up LD_; 11621740834, 11621744252, 1744252; Tiiviste, Pakosarja<\/p>\n","protected":false},"excerpt":{"rendered":"<p>GLASER Pakosarjan Tiivisteet X51644-01 Tiiviste, Pakosarja BMW,LAND ROVER,3 E46,5 E39,5 Touring E39,3 Compact E36,3 E36,7 E38,3 Coupe E36,Z3 E36<\/p>\n","protected":false},"featured_media":0,"template":"","meta":{"site-sidebar-layout":"default","site-content-layout":"default","ast-global-header-display":"","ast-main-header-display":"","ast-hfb-above-header-display":"","ast-hfb-below-header-display":"","ast-hfb-mobile-header-display":"","site-post-title":"","ast-breadcrumbs-content":"","ast-featured-img":"","footer-sml-layout":"","theme-transparent-header-meta":"","adv-header-id-meta":"","stick-header-meta":"","header-above-stick-meta":"","header-main-stick-meta":"","header-below-stick-meta":""},"pwb-brand":[479],"product_cat":[123],"product_tag":[],"class_list":{"0":"post-87808","1":"product","2":"type-product","3":"status-publish","5":"pwb-brand-glaser","6":"product_cat-pakosarjan-tiivisteet","7":"desktop-align-left","8":"tablet-align-left","9":"mobile-align-left","11":"first","12":"instock","13":"product-type-external"},"brands":[{"id":479,"name":"GLASER","slug":"glaser"}],"_links":{"self":[{"href":"https:\/\/www.autonvaraosahaku.fi\/index.php?rest_route=\/wp\/v2\/product\/87808","targetHints":{"allow":["GET"]}}],"collection":[{"href":"https:\/\/www.autonvaraosahaku.fi\/index.php?rest_route=\/wp\/v2\/product"}],"about":[{"href":"https:\/\/www.autonvaraosahaku.fi\/index.php?rest_route=\/wp\/v2\/types\/product"}],"wp:attachment":[{"href":"https:\/\/www.autonvaraosahaku.fi\/index.php?rest_route=%2Fwp%2Fv2%2Fmedia&parent=87808"}],"wp:term":[{"taxonomy":"pwb-brand","embeddable":true,"href":"https:\/\/www.autonvaraosahaku.fi\/index.php?rest_route=%2Fwp%2Fv2%2Fpwb-brand&post=87808"},{"taxonomy":"product_cat","embeddable":true,"href":"https:\/\/www.autonvaraosahaku.fi\/index.php?rest_route=%2Fwp%2Fv2%2Fproduct_cat&post=87808"},{"taxonomy":"product_tag","embeddable":true,"href":"https:\/\/www.autonvaraosahaku.fi\/index.php?rest_route=%2Fwp%2Fv2%2Fproduct_tag&post=87808"}],"curies":[{"name":"wp","href":"https:\/\/api.w.org\/{rel}","templated":true}]}}