{"id":87809,"date":"2021-02-21T20:57:37","date_gmt":"2021-02-21T20:57:37","guid":{"rendered":"https:\/\/www.autonvaraosahaku.fi\/?product=hepu-pk09800-vesipumppu-jakohihnasarja"},"modified":"2021-02-21T20:57:47","modified_gmt":"2021-02-21T20:57:47","slug":"hepu-pk09800-vesipumppu-jakohihnasarja","status":"publish","type":"product","link":"https:\/\/www.autonvaraosahaku.fi\/?product=hepu-pk09800-vesipumppu-jakohihnasarja","title":{"rendered":"HEPU PK09800 Vesipumppu + jakohihnasarja"},"content":{"rendered":"<p>Hihnojen m\u00e4\u00e4r\u00e4: 1; Leveys (mm): 28; Hammasluku: 132; Sis\u00e4lt\u00e4\u00e4 rullat: 2; Tuotantonumero: 30650979; VOLVO: V70 II SW,V50 MW,XC60,XC90 I,S60 I,V70 III BW,C30,S80 I TS, XY,V60,S40 II MS,XC70 CROSS COUNTRY,C70 II Cabriolet,V40 Schr\u00e4gheck,XC70 II,S80 II AS,S60 II; 274216, 30751022, 31258305, 31293177, 31293668, 31359568, 8694629, 8694630<\/p>\n","protected":false},"excerpt":{"rendered":"<p>HEPU Vesipumppu + Jakohihnasarja PK09800  VOLVO,V70 II SW,V50 MW,XC60,XC90 I,S60 I,V70 III BW,C30,S80 I TS, XY,V60,S40 II MS,XC70 CROSS COUNTRY<\/p>\n","protected":false},"featured_media":0,"template":"","meta":{"site-sidebar-layout":"default","site-content-layout":"default","ast-global-header-display":"","ast-main-header-display":"","ast-hfb-above-header-display":"","ast-hfb-below-header-display":"","ast-hfb-mobile-header-display":"","site-post-title":"","ast-breadcrumbs-content":"","ast-featured-img":"","footer-sml-layout":"","theme-transparent-header-meta":"","adv-header-id-meta":"","stick-header-meta":"","header-above-stick-meta":"","header-main-stick-meta":"","header-below-stick-meta":""},"pwb-brand":[413],"product_cat":[321],"product_tag":[],"class_list":{"0":"post-87809","1":"product","2":"type-product","3":"status-publish","5":"pwb-brand-hepu","6":"product_cat-vesipumppu-jakohihnasarja","7":"desktop-align-left","8":"tablet-align-left","9":"mobile-align-left","11":"first","12":"instock","13":"product-type-external"},"brands":[{"id":413,"name":"HEPU","slug":"hepu"}],"_links":{"self":[{"href":"https:\/\/www.autonvaraosahaku.fi\/index.php?rest_route=\/wp\/v2\/product\/87809","targetHints":{"allow":["GET"]}}],"collection":[{"href":"https:\/\/www.autonvaraosahaku.fi\/index.php?rest_route=\/wp\/v2\/product"}],"about":[{"href":"https:\/\/www.autonvaraosahaku.fi\/index.php?rest_route=\/wp\/v2\/types\/product"}],"wp:attachment":[{"href":"https:\/\/www.autonvaraosahaku.fi\/index.php?rest_route=%2Fwp%2Fv2%2Fmedia&parent=87809"}],"wp:term":[{"taxonomy":"pwb-brand","embeddable":true,"href":"https:\/\/www.autonvaraosahaku.fi\/index.php?rest_route=%2Fwp%2Fv2%2Fpwb-brand&post=87809"},{"taxonomy":"product_cat","embeddable":true,"href":"https:\/\/www.autonvaraosahaku.fi\/index.php?rest_route=%2Fwp%2Fv2%2Fproduct_cat&post=87809"},{"taxonomy":"product_tag","embeddable":true,"href":"https:\/\/www.autonvaraosahaku.fi\/index.php?rest_route=%2Fwp%2Fv2%2Fproduct_tag&post=87809"}],"curies":[{"name":"wp","href":"https:\/\/api.w.org\/{rel}","templated":true}]}}