{"id":87844,"date":"2021-02-21T20:57:56","date_gmt":"2021-02-21T20:57:56","guid":{"rendered":"https:\/\/www.autonvaraosahaku.fi\/?product=mapco-26587-pyoranlaakerit"},"modified":"2021-02-21T20:58:02","modified_gmt":"2021-02-21T20:58:02","slug":"mapco-26587-pyoranlaakerit","status":"publish","type":"product","link":"https:\/\/www.autonvaraosahaku.fi\/?product=mapco-26587-pyoranlaakerit","title":{"rendered":"MAPCO 26587 Py\u00f6r\u00e4nlaakerit"},"content":{"rendered":"<p>Leveys (mm): 45; Sis\u00e4l\u00e4pimitta [mm]: 42; Ulkol\u00e4pimitta [mm]: 80; Asennuspuoli: Vorderachse beidseitig; MAZDA: 6 Station Wagon GY,6 Hatchback GG,6 GG,MX-5 III NC,626 V Hatchback GF,MPV II LW,626 V GF,626 V Station Wagon GW,626 IV Hatchback GE,XEDOS 6 CA,323 C IV BG,FAMILIA IV BF,XEDOS 9 TA,626 IV GE,RX 7 II FC,MX-6 GE,626 III GD,FAMILIA IV BG,626 III Hatchback GD,626 III Coupe GD,626 III Station Wagon GV,RX 7 II Cabriolet; KIA: CARENS II FJ,SHUMA II FB,CARENS I FC,SHUMA FB,SHUMA II Stufenheck FB,CLARUS K9A,CLARUS Kombi GC,SEPHIA Stufenheck FA,SEPHIA FA,SEPHIA FB; 3433927, BN8B33047, BN8B33047A, FB0126151A, FB0126151B, FB0126151C, GA2A33047, GE4T33048, GEAT33048; Py\u00f6r\u00e4nlaakerisarja<\/p>\n","protected":false},"excerpt":{"rendered":"<p>MAPCO Py\u00f6r\u00e4nlaakerit 26587 Py\u00f6r\u00e4nlaakerisarja MAZDA,KIA,6 Station Wagon GY,6 Hatchback GG,6 GG,MX-5 III NC,626 V Hatchback GF,MPV II LW,626 V GF<\/p>\n","protected":false},"featured_media":0,"template":"","meta":{"site-sidebar-layout":"default","site-content-layout":"default","ast-global-header-display":"","ast-main-header-display":"","ast-hfb-above-header-display":"","ast-hfb-below-header-display":"","ast-hfb-mobile-header-display":"","site-post-title":"","ast-breadcrumbs-content":"","ast-featured-img":"","footer-sml-layout":"","theme-transparent-header-meta":"","adv-header-id-meta":"","stick-header-meta":"","header-above-stick-meta":"","header-main-stick-meta":"","header-below-stick-meta":""},"pwb-brand":[36],"product_cat":[83],"product_tag":[],"class_list":{"0":"post-87844","1":"product","2":"type-product","3":"status-publish","5":"pwb-brand-mapco","6":"product_cat-pyoranlaakerit","7":"desktop-align-left","8":"tablet-align-left","9":"mobile-align-left","11":"first","12":"instock","13":"product-type-external"},"brands":[{"id":36,"name":"MAPCO","slug":"mapco"}],"_links":{"self":[{"href":"https:\/\/www.autonvaraosahaku.fi\/index.php?rest_route=\/wp\/v2\/product\/87844","targetHints":{"allow":["GET"]}}],"collection":[{"href":"https:\/\/www.autonvaraosahaku.fi\/index.php?rest_route=\/wp\/v2\/product"}],"about":[{"href":"https:\/\/www.autonvaraosahaku.fi\/index.php?rest_route=\/wp\/v2\/types\/product"}],"wp:attachment":[{"href":"https:\/\/www.autonvaraosahaku.fi\/index.php?rest_route=%2Fwp%2Fv2%2Fmedia&parent=87844"}],"wp:term":[{"taxonomy":"pwb-brand","embeddable":true,"href":"https:\/\/www.autonvaraosahaku.fi\/index.php?rest_route=%2Fwp%2Fv2%2Fpwb-brand&post=87844"},{"taxonomy":"product_cat","embeddable":true,"href":"https:\/\/www.autonvaraosahaku.fi\/index.php?rest_route=%2Fwp%2Fv2%2Fproduct_cat&post=87844"},{"taxonomy":"product_tag","embeddable":true,"href":"https:\/\/www.autonvaraosahaku.fi\/index.php?rest_route=%2Fwp%2Fv2%2Fproduct_tag&post=87844"}],"curies":[{"name":"wp","href":"https:\/\/api.w.org\/{rel}","templated":true}]}}