{"id":87849,"date":"2021-02-21T20:57:56","date_gmt":"2021-02-21T20:57:56","guid":{"rendered":"https:\/\/www.autonvaraosahaku.fi\/?product=mapco-26026-pyoranlaakerit"},"modified":"2021-02-21T20:58:03","modified_gmt":"2021-02-21T20:58:03","slug":"mapco-26026-pyoranlaakerit","status":"publish","type":"product","link":"https:\/\/www.autonvaraosahaku.fi\/?product=mapco-26026-pyoranlaakerit","title":{"rendered":"MAPCO 26026 Py\u00f6r\u00e4nlaakerit"},"content":{"rendered":"<p>Leveys (mm): 37; Sis\u00e4l\u00e4pimitta [mm]: 37; Ulkol\u00e4pimitta [mm]: 72; Korvaava tuote\/korvaava tiedote 2: sis\u00e4\u00e4nrakennetulla magneetti sensorirenkaalla; Materiaali huulitiiviste: NBR (nitriili-butadi-kumi); Laakerityyppi: S\u00e4teitt\u00e4iskuulalaakeri; Asennuspuoli: Vorderachse; ABARTH: 500 \/ 595 312_,500C \/ 595C 312_,PUNTO 199_,PUNTO EVO 199_; OPEL: CORSA D,ADAM,CORSA D Van,CORSA E,CORSA E Van; LANCIA: YPSILON 843,MUSA 350,LYBRA SW 839BX,LYBRA 839AX,YPSILON 312, 846; FORD: KA RU8; FIAT: GRANDE PUNTO 199,PUNTO 188,PANDA 169,500 312,PUNTO EVO 199,BARCHETTA 183,DOBLO Cargo 223,500 C 312,DOBLO 119,PANDA Van 169,PUNTO 199,IDEA,PANDA 312,STRADA Pick-up 178E,MULTIPLA 186,QUBO 225,PUNTO Van 188AX,BRAVO I 182,BRAVA 182,MAREA Weekend 185,FIORINO Kasten\/Kombi 225,LINEA 323,PUNTO Van 199,STRADA Pick-up 578_,MAREA 185,SIENA 178_,PANDA VAN 312,GRANDE PUNTO Van 199_,PUNTO EVO Van 199_; CITRO\u00cbN: NEMO Kasten AA_,NEMO Kombi,E-MEHARI; ALFA ROMEO: MITO 955,SPIDER 916S_,GTV 916C_,145 930,146 930; PEUGEOT: BIPPER AA_,BIPPER Tepee; VAUXHALL: CORSA Mk III D L_8,ADAM,CORSAVAN Mk III D,CORSA Mk IV E; 46773662, 71745047, 46519869, 46773662, 55703171, 60815492, 60815902, 71714457, 71745047, 1618649280, 332675, 332677, 46512970, 46519869, 46773662, 51753791, 55703171, 60815902, 71714457, 7174457, 71745047, 71753061, 71753062, 1541808, 1587565, 1619855, 9S51J1K018BA, 9S511215BA, 9S511215BB, 46519869, 46773662, 51753791, 55703171, 60815902, 71714457, 71745047, 71753061, 1603336, 1603338, 42697381, 93188890, 332675, 332677, 093188890, 1603338, 93188890; Py\u00f6r\u00e4nlaakerisarja<\/p>\n","protected":false},"excerpt":{"rendered":"<p>MAPCO Py\u00f6r\u00e4nlaakerit 26026 Py\u00f6r\u00e4nlaakerisarja ABARTH,OPEL,LANCIA,500 \/ 595 312_,500C \/ 595C 312_,PUNTO 199_,PUNTO EVO 199_,CORSA D,ADAM,CORSA D Van<\/p>\n","protected":false},"featured_media":0,"template":"","meta":{"site-sidebar-layout":"default","site-content-layout":"default","ast-global-header-display":"","ast-main-header-display":"","ast-hfb-above-header-display":"","ast-hfb-below-header-display":"","ast-hfb-mobile-header-display":"","site-post-title":"","ast-breadcrumbs-content":"","ast-featured-img":"","footer-sml-layout":"","theme-transparent-header-meta":"","adv-header-id-meta":"","stick-header-meta":"","header-above-stick-meta":"","header-main-stick-meta":"","header-below-stick-meta":""},"pwb-brand":[36],"product_cat":[83],"product_tag":[],"class_list":{"0":"post-87849","1":"product","2":"type-product","3":"status-publish","5":"pwb-brand-mapco","6":"product_cat-pyoranlaakerit","7":"desktop-align-left","8":"tablet-align-left","9":"mobile-align-left","11":"first","12":"instock","13":"product-type-external"},"brands":[{"id":36,"name":"MAPCO","slug":"mapco"}],"_links":{"self":[{"href":"https:\/\/www.autonvaraosahaku.fi\/index.php?rest_route=\/wp\/v2\/product\/87849","targetHints":{"allow":["GET"]}}],"collection":[{"href":"https:\/\/www.autonvaraosahaku.fi\/index.php?rest_route=\/wp\/v2\/product"}],"about":[{"href":"https:\/\/www.autonvaraosahaku.fi\/index.php?rest_route=\/wp\/v2\/types\/product"}],"wp:attachment":[{"href":"https:\/\/www.autonvaraosahaku.fi\/index.php?rest_route=%2Fwp%2Fv2%2Fmedia&parent=87849"}],"wp:term":[{"taxonomy":"pwb-brand","embeddable":true,"href":"https:\/\/www.autonvaraosahaku.fi\/index.php?rest_route=%2Fwp%2Fv2%2Fpwb-brand&post=87849"},{"taxonomy":"product_cat","embeddable":true,"href":"https:\/\/www.autonvaraosahaku.fi\/index.php?rest_route=%2Fwp%2Fv2%2Fproduct_cat&post=87849"},{"taxonomy":"product_tag","embeddable":true,"href":"https:\/\/www.autonvaraosahaku.fi\/index.php?rest_route=%2Fwp%2Fv2%2Fproduct_tag&post=87849"}],"curies":[{"name":"wp","href":"https:\/\/api.w.org\/{rel}","templated":true}]}}