{"id":87856,"date":"2021-02-21T20:58:04","date_gmt":"2021-02-21T20:58:04","guid":{"rendered":"https:\/\/www.autonvaraosahaku.fi\/?product=mapco-20649-iskunvaimennin"},"modified":"2021-02-21T20:58:07","modified_gmt":"2021-02-21T20:58:07","slug":"mapco-20649-iskunvaimennin","status":"publish","type":"product","link":"https:\/\/www.autonvaraosahaku.fi\/?product=mapco-20649-iskunvaimennin","title":{"rendered":"MAPCO 20649 Iskunvaimennin"},"content":{"rendered":"<p>Iskunvaimennin tyyppi: Kaasupaine; Asennuspuoli: Taka-akseli; Iskunvaimennin malli: Vaimennin, jousituella; Iskunvaimennin asennustapa: Silmukka alhaalla, Tappi ylh\u00e4\u00e4ll\u00e4; L\u00e4pimitta [mm]: 39; Kierremitta: M10x1,0; Pituus 1 (mm): 595; Pituus 2 (mm): 375; M\u00e4nn\u00e4nvarren l\u00e4pimitta [mm]: 12; Vaihdettava pareittain: ; Alustarakenne: f\u00fcr Fahrzeuge mit M-Technik; BMW: 3 E46,3 Touring E46,3 Compact E46,3 Coupe E46,3 Cabriolet E46,3 Touring E36; 1029309, 1091095, 1091245, 1091246, 1091274, 1091625, 1092485, 1092489, 1092918, 1095647, 1096366, 2282099, 2282100, 2282461, 33521029309, 33521091095, 33521091245, 33521091274, 33521092485, 33521092489, 33521092918, 33521095646, 33521095647, 33521095913, 33521096366, 33522282099, 33522282100, 33522282461, 33526750781, 33526750782, 33526750783, 33526750784, 33526757045, 33526757365, 33526757366, 33526759099, 33526759100, 6750781, 6750782, 6750783, 6750784, 6757045, 6757365, 6757366, 6759099, 6759100; Iskarit,Iskunvaimennin<\/p>\n","protected":false},"excerpt":{"rendered":"<p>MAPCO Iskunvaimentimet 20649 Iskarit,Iskunvaimennin BMW,3 E46,3 Touring E46,3 Compact E46,3 Coupe E46,3 Cabriolet E46,3 Touring E36<\/p>\n","protected":false},"featured_media":0,"template":"","meta":{"site-sidebar-layout":"default","site-content-layout":"default","ast-global-header-display":"","ast-main-header-display":"","ast-hfb-above-header-display":"","ast-hfb-below-header-display":"","ast-hfb-mobile-header-display":"","site-post-title":"","ast-breadcrumbs-content":"","ast-featured-img":"","footer-sml-layout":"","theme-transparent-header-meta":"","adv-header-id-meta":"","stick-header-meta":"","header-above-stick-meta":"","header-main-stick-meta":"","header-below-stick-meta":""},"pwb-brand":[36],"product_cat":[80],"product_tag":[],"class_list":{"0":"post-87856","1":"product","2":"type-product","3":"status-publish","5":"pwb-brand-mapco","6":"product_cat-iskunvaimennin","7":"desktop-align-left","8":"tablet-align-left","9":"mobile-align-left","11":"first","12":"instock","13":"product-type-external"},"brands":[{"id":36,"name":"MAPCO","slug":"mapco"}],"_links":{"self":[{"href":"https:\/\/www.autonvaraosahaku.fi\/index.php?rest_route=\/wp\/v2\/product\/87856","targetHints":{"allow":["GET"]}}],"collection":[{"href":"https:\/\/www.autonvaraosahaku.fi\/index.php?rest_route=\/wp\/v2\/product"}],"about":[{"href":"https:\/\/www.autonvaraosahaku.fi\/index.php?rest_route=\/wp\/v2\/types\/product"}],"wp:attachment":[{"href":"https:\/\/www.autonvaraosahaku.fi\/index.php?rest_route=%2Fwp%2Fv2%2Fmedia&parent=87856"}],"wp:term":[{"taxonomy":"pwb-brand","embeddable":true,"href":"https:\/\/www.autonvaraosahaku.fi\/index.php?rest_route=%2Fwp%2Fv2%2Fpwb-brand&post=87856"},{"taxonomy":"product_cat","embeddable":true,"href":"https:\/\/www.autonvaraosahaku.fi\/index.php?rest_route=%2Fwp%2Fv2%2Fproduct_cat&post=87856"},{"taxonomy":"product_tag","embeddable":true,"href":"https:\/\/www.autonvaraosahaku.fi\/index.php?rest_route=%2Fwp%2Fv2%2Fproduct_tag&post=87856"}],"curies":[{"name":"wp","href":"https:\/\/api.w.org\/{rel}","templated":true}]}}