{"id":87859,"date":"2021-02-21T20:58:04","date_gmt":"2021-02-21T20:58:04","guid":{"rendered":"https:\/\/www.autonvaraosahaku.fi\/?product=febi-bilstein-02106-alapallonivel"},"modified":"2021-02-21T20:58:08","modified_gmt":"2021-02-21T20:58:08","slug":"febi-bilstein-02106-alapallonivel","status":"publish","type":"product","link":"https:\/\/www.autonvaraosahaku.fi\/?product=febi-bilstein-02106-alapallonivel","title":{"rendered":"FEBI BILSTEIN 02106 Alapallonivel"},"content":{"rendered":"<p>Ulkokierre [mm]: M16 x 1,5; Kartiomitta (mm): 18,1; Ohjausmalli: Poikittaistukivarsi; Asennuspuoli: Etuakseli, yl\u00e4; Paino [kg]: 0,455; Tarvittava kappalem\u00e4\u00e4r\u00e4: 2; VW: TRANSPORTER III Bus,TRANSPORTER III Kasten,TRANSPORTER III Pritsche\/Fahrgestell; 251407361; Pallonivel<\/p>\n","protected":false},"excerpt":{"rendered":"<p>FEBI BILSTEIN Alapallonivel 02106 Pallonivel VW,TRANSPORTER III Bus,TRANSPORTER III Kasten,TRANSPORTER III Pritsche\/Fahrgestell<\/p>\n","protected":false},"featured_media":0,"template":"","meta":{"site-sidebar-layout":"default","site-content-layout":"default","ast-global-header-display":"","ast-main-header-display":"","ast-hfb-above-header-display":"","ast-hfb-below-header-display":"","ast-hfb-mobile-header-display":"","site-post-title":"","ast-breadcrumbs-content":"","ast-featured-img":"","footer-sml-layout":"","theme-transparent-header-meta":"","adv-header-id-meta":"","stick-header-meta":"","header-above-stick-meta":"","header-main-stick-meta":"","header-below-stick-meta":""},"pwb-brand":[50],"product_cat":[93],"product_tag":[],"class_list":{"0":"post-87859","1":"product","2":"type-product","3":"status-publish","5":"pwb-brand-febi-bilstein","6":"product_cat-alapallonivel","7":"desktop-align-left","8":"tablet-align-left","9":"mobile-align-left","11":"first","12":"instock","13":"product-type-external"},"brands":[{"id":50,"name":"FEBI BILSTEIN","slug":"febi-bilstein"}],"_links":{"self":[{"href":"https:\/\/www.autonvaraosahaku.fi\/index.php?rest_route=\/wp\/v2\/product\/87859","targetHints":{"allow":["GET"]}}],"collection":[{"href":"https:\/\/www.autonvaraosahaku.fi\/index.php?rest_route=\/wp\/v2\/product"}],"about":[{"href":"https:\/\/www.autonvaraosahaku.fi\/index.php?rest_route=\/wp\/v2\/types\/product"}],"wp:attachment":[{"href":"https:\/\/www.autonvaraosahaku.fi\/index.php?rest_route=%2Fwp%2Fv2%2Fmedia&parent=87859"}],"wp:term":[{"taxonomy":"pwb-brand","embeddable":true,"href":"https:\/\/www.autonvaraosahaku.fi\/index.php?rest_route=%2Fwp%2Fv2%2Fpwb-brand&post=87859"},{"taxonomy":"product_cat","embeddable":true,"href":"https:\/\/www.autonvaraosahaku.fi\/index.php?rest_route=%2Fwp%2Fv2%2Fproduct_cat&post=87859"},{"taxonomy":"product_tag","embeddable":true,"href":"https:\/\/www.autonvaraosahaku.fi\/index.php?rest_route=%2Fwp%2Fv2%2Fproduct_tag&post=87859"}],"curies":[{"name":"wp","href":"https:\/\/api.w.org\/{rel}","templated":true}]}}