{"id":87866,"date":"2021-02-21T20:58:04","date_gmt":"2021-02-21T20:58:04","guid":{"rendered":"https:\/\/www.autonvaraosahaku.fi\/?product=mapco-19254-muut-luokat"},"modified":"2021-02-21T20:58:12","modified_gmt":"2021-02-21T20:58:12","slug":"mapco-19254-muut-luokat","status":"publish","type":"product","link":"https:\/\/www.autonvaraosahaku.fi\/?product=mapco-19254-muut-luokat","title":{"rendered":"MAPCO 19254 Muut luokat"},"content":{"rendered":"<p>Ohjausmalli: Poikittaistukivarrelle; Asennuspuoli: Etuakseli; Korvaava tuote\/korvaava tiedote 2: Alapallo-\/pallonivelell\u00e4, Kumilaakerilla, Kiinnitysmateriaalilla; Tarvittava kappalem\u00e4\u00e4r\u00e4: 2; Valmistusvuoteen: 01\/1994; FORD: FIESTA III GFJ,ESCORT VII GAL, AAL, ABL,ESCORT VII Kombi GAL, ANL,ESCORT VII Cabriolet ALL,ESCORT VI Cabriolet ALL,ESCORT VI GAL,ESCORT V Cabriolet ALL,ESCORT &#8217;95 Express AVL,ESCORT V GAL,ESCORT VII Stufenheck GAL, AFL,ESCORT VI Kombi GAL,ESCORT CLASSIC AAL, ABL,ESCORT CLASSIC Turnier ANL,ESCORT VI Stufenheck GAL,FIESTA Kasten F3L, F5L,ESCORT V Kombi GAL, AVL,ESCORT &#8217;91 Express AVL,ORION III GAL; Korjaussarja, Poikittaistukivarsi<\/p>\n","protected":false},"excerpt":{"rendered":"<p>MAPCO Alatukivarren Korjaussarja 19254 Korjaussarja, Poikittaistukivarsi FORD,FIESTA III GFJ,ESCORT VII GAL, AAL, ABL,ESCORT VII Kombi GAL, ANL<\/p>\n","protected":false},"featured_media":0,"template":"","meta":{"site-sidebar-layout":"default","site-content-layout":"default","ast-global-header-display":"","ast-main-header-display":"","ast-hfb-above-header-display":"","ast-hfb-below-header-display":"","ast-hfb-mobile-header-display":"","site-post-title":"","ast-breadcrumbs-content":"","ast-featured-img":"","footer-sml-layout":"","theme-transparent-header-meta":"","adv-header-id-meta":"","stick-header-meta":"","header-above-stick-meta":"","header-main-stick-meta":"","header-below-stick-meta":""},"pwb-brand":[36],"product_cat":[37],"product_tag":[],"class_list":{"0":"post-87866","1":"product","2":"type-product","3":"status-publish","5":"pwb-brand-mapco","6":"product_cat-muut-luokat","7":"desktop-align-left","8":"tablet-align-left","9":"mobile-align-left","11":"first","12":"instock","13":"product-type-external"},"brands":[{"id":36,"name":"MAPCO","slug":"mapco"}],"_links":{"self":[{"href":"https:\/\/www.autonvaraosahaku.fi\/index.php?rest_route=\/wp\/v2\/product\/87866","targetHints":{"allow":["GET"]}}],"collection":[{"href":"https:\/\/www.autonvaraosahaku.fi\/index.php?rest_route=\/wp\/v2\/product"}],"about":[{"href":"https:\/\/www.autonvaraosahaku.fi\/index.php?rest_route=\/wp\/v2\/types\/product"}],"wp:attachment":[{"href":"https:\/\/www.autonvaraosahaku.fi\/index.php?rest_route=%2Fwp%2Fv2%2Fmedia&parent=87866"}],"wp:term":[{"taxonomy":"pwb-brand","embeddable":true,"href":"https:\/\/www.autonvaraosahaku.fi\/index.php?rest_route=%2Fwp%2Fv2%2Fpwb-brand&post=87866"},{"taxonomy":"product_cat","embeddable":true,"href":"https:\/\/www.autonvaraosahaku.fi\/index.php?rest_route=%2Fwp%2Fv2%2Fproduct_cat&post=87866"},{"taxonomy":"product_tag","embeddable":true,"href":"https:\/\/www.autonvaraosahaku.fi\/index.php?rest_route=%2Fwp%2Fv2%2Fproduct_tag&post=87866"}],"curies":[{"name":"wp","href":"https:\/\/api.w.org\/{rel}","templated":true}]}}