{"id":87890,"date":"2021-02-21T20:58:22","date_gmt":"2021-02-21T20:58:22","guid":{"rendered":"https:\/\/www.autonvaraosahaku.fi\/?product=trw-gdb531-jarrupalat"},"modified":"2021-02-21T20:58:23","modified_gmt":"2021-02-21T20:58:23","slug":"trw-gdb531-jarrupalat","status":"publish","type":"product","link":"https:\/\/www.autonvaraosahaku.fi\/?product=trw-gdb531-jarrupalat","title":{"rendered":"TRW GDB531 Jarrupalat"},"content":{"rendered":"<p>Valmistaja rajaus: TRW; Kulumisenilmaisimen liitos: Ei kulumisenilmaisimelle; Korkeus (mm): 68; Pituus (mm): 98,2; Paksuus [mm]: 16; Jarrut: ei hiili-keraamisille jarrulevyille, vain ter\u00e4sjarrulevyjen yhteydess\u00e4; M\u00e4\u00e4r\u00e4yksikk\u00f6: Akselisarja; Asennuspuoli: Vorderachse; FIAT: 1500 Cabriolet,1500-2300; VOLVO: P 1800,P 121; JAGUAR: XJ,E-TYPE Convertible,E-TYPE,E-TYPE 2+2; ASTON MARTIN: VANTAGE Vantage,VANTAGE Volante,V8 Vantage,DB6 Vantage,VIRAGE Vantage,VIRAGE Shooting Brake; LOTUS: ECLAT,EXCEL; AC: 428 Cabriolet,428 Fastback; DAIMLER: 2.8 &#8211; 5.3; GBP208, GBP5220, GBP208, GBP5220, C39136, GBP208, 5862742, 0005862742, C39136, GBP208, C39136, GBP208, GBP184, GBP203, GBP203AF, C39136, GBP208; Jarrupalasarja,Jarrupala, Levyjarru<\/p>\n","protected":false},"excerpt":{"rendered":"<p>TRW Jarrupalat GDB531 Jarrupalasarja,Jarrupala, Levyjarru FIAT,VOLVO,JAGUAR,1500 Cabriolet,1500-2300,P 1800,P 121,XJ,E-TYPE Convertible,E-TYPE<\/p>\n","protected":false},"featured_media":0,"template":"","meta":{"site-sidebar-layout":"default","site-content-layout":"default","ast-global-header-display":"","ast-main-header-display":"","ast-hfb-above-header-display":"","ast-hfb-below-header-display":"","ast-hfb-mobile-header-display":"","site-post-title":"","ast-breadcrumbs-content":"","ast-featured-img":"","footer-sml-layout":"","theme-transparent-header-meta":"","adv-header-id-meta":"","stick-header-meta":"","header-above-stick-meta":"","header-main-stick-meta":"","header-below-stick-meta":""},"pwb-brand":[332],"product_cat":[100],"product_tag":[],"class_list":{"0":"post-87890","1":"product","2":"type-product","3":"status-publish","5":"pwb-brand-trw","6":"product_cat-jarrupalat","7":"desktop-align-left","8":"tablet-align-left","9":"mobile-align-left","11":"first","12":"instock","13":"product-type-external"},"brands":[{"id":332,"name":"TRW","slug":"trw"}],"_links":{"self":[{"href":"https:\/\/www.autonvaraosahaku.fi\/index.php?rest_route=\/wp\/v2\/product\/87890","targetHints":{"allow":["GET"]}}],"collection":[{"href":"https:\/\/www.autonvaraosahaku.fi\/index.php?rest_route=\/wp\/v2\/product"}],"about":[{"href":"https:\/\/www.autonvaraosahaku.fi\/index.php?rest_route=\/wp\/v2\/types\/product"}],"wp:attachment":[{"href":"https:\/\/www.autonvaraosahaku.fi\/index.php?rest_route=%2Fwp%2Fv2%2Fmedia&parent=87890"}],"wp:term":[{"taxonomy":"pwb-brand","embeddable":true,"href":"https:\/\/www.autonvaraosahaku.fi\/index.php?rest_route=%2Fwp%2Fv2%2Fpwb-brand&post=87890"},{"taxonomy":"product_cat","embeddable":true,"href":"https:\/\/www.autonvaraosahaku.fi\/index.php?rest_route=%2Fwp%2Fv2%2Fproduct_cat&post=87890"},{"taxonomy":"product_tag","embeddable":true,"href":"https:\/\/www.autonvaraosahaku.fi\/index.php?rest_route=%2Fwp%2Fv2%2Fproduct_tag&post=87890"}],"curies":[{"name":"wp","href":"https:\/\/api.w.org\/{rel}","templated":true}]}}