{"id":87893,"date":"2021-02-21T20:58:22","date_gmt":"2021-02-21T20:58:22","guid":{"rendered":"https:\/\/www.autonvaraosahaku.fi\/?product=trw-gdb5074-jarrupalat"},"modified":"2021-02-21T20:58:24","modified_gmt":"2021-02-21T20:58:24","slug":"trw-gdb5074-jarrupalat","status":"publish","type":"product","link":"https:\/\/www.autonvaraosahaku.fi\/?product=trw-gdb5074-jarrupalat","title":{"rendered":"TRW GDB5074 Jarrupalat"},"content":{"rendered":"<p>Jarruj\u00e4rjestelm\u00e4: ATE; Pituus (mm): 149,8; Korkeus (mm): 81,6; Paksuus [mm]: 20,3; Kulumisenilmaisimen liitos: Sis. kulumisenilmaisimen; Kulumisvaroittimia [pro Achse]: 2; Varoittimen pituus [mm]: 480; Tarkistuskilpi: E9 90R-02A1249\/0858; M\u00e4\u00e4r\u00e4yksikk\u00f6: Akselisarja; Asennuspuoli: Hinterachse; MERCEDES-BENZ: UNIMOG; 0004209220, 0004209320, 0014208820, 0014208920, 0014209020, 0014209120, 0015864942, 0015865142, 0015866042, 0015866142, 0024201320, 0024201420, 0024202920, 14208820, 14208920, 14209020, 14209120, 15864942, 15865142, 15866042, 15866142, 24201320, 24201420, 24202920, 4209220, 4209320, A0004209220, A0004209320, A0014208820, A0014208920, A0014209020, A0014209120, A0015864942, A0015865142, A0015866042, A0015866142, A0024201320, A0024201420, A0024202920; Jarrupalasarja,Jarrupala, Levyjarru<\/p>\n","protected":false},"excerpt":{"rendered":"<p>TRW Jarrupalat GDB5074 Jarrupalasarja,Jarrupala, Levyjarru MERCEDES-BENZ,UNIMOG<\/p>\n","protected":false},"featured_media":0,"template":"","meta":{"site-sidebar-layout":"default","site-content-layout":"default","ast-global-header-display":"","ast-main-header-display":"","ast-hfb-above-header-display":"","ast-hfb-below-header-display":"","ast-hfb-mobile-header-display":"","site-post-title":"","ast-breadcrumbs-content":"","ast-featured-img":"","footer-sml-layout":"","theme-transparent-header-meta":"","adv-header-id-meta":"","stick-header-meta":"","header-above-stick-meta":"","header-main-stick-meta":"","header-below-stick-meta":""},"pwb-brand":[332],"product_cat":[100],"product_tag":[],"class_list":{"0":"post-87893","1":"product","2":"type-product","3":"status-publish","5":"pwb-brand-trw","6":"product_cat-jarrupalat","7":"desktop-align-left","8":"tablet-align-left","9":"mobile-align-left","11":"first","12":"instock","13":"product-type-external"},"brands":[{"id":332,"name":"TRW","slug":"trw"}],"_links":{"self":[{"href":"https:\/\/www.autonvaraosahaku.fi\/index.php?rest_route=\/wp\/v2\/product\/87893","targetHints":{"allow":["GET"]}}],"collection":[{"href":"https:\/\/www.autonvaraosahaku.fi\/index.php?rest_route=\/wp\/v2\/product"}],"about":[{"href":"https:\/\/www.autonvaraosahaku.fi\/index.php?rest_route=\/wp\/v2\/types\/product"}],"wp:attachment":[{"href":"https:\/\/www.autonvaraosahaku.fi\/index.php?rest_route=%2Fwp%2Fv2%2Fmedia&parent=87893"}],"wp:term":[{"taxonomy":"pwb-brand","embeddable":true,"href":"https:\/\/www.autonvaraosahaku.fi\/index.php?rest_route=%2Fwp%2Fv2%2Fpwb-brand&post=87893"},{"taxonomy":"product_cat","embeddable":true,"href":"https:\/\/www.autonvaraosahaku.fi\/index.php?rest_route=%2Fwp%2Fv2%2Fproduct_cat&post=87893"},{"taxonomy":"product_tag","embeddable":true,"href":"https:\/\/www.autonvaraosahaku.fi\/index.php?rest_route=%2Fwp%2Fv2%2Fproduct_tag&post=87893"}],"curies":[{"name":"wp","href":"https:\/\/api.w.org\/{rel}","templated":true}]}}