{"id":87895,"date":"2021-02-21T20:58:22","date_gmt":"2021-02-21T20:58:22","guid":{"rendered":"https:\/\/www.autonvaraosahaku.fi\/?product=aks-dasis-127007n-valijaahdytin"},"modified":"2021-02-21T20:58:25","modified_gmt":"2021-02-21T20:58:25","slug":"aks-dasis-127007n-valijaahdytin","status":"publish","type":"product","link":"https:\/\/www.autonvaraosahaku.fi\/?product=aks-dasis-127007n-valijaahdytin","title":{"rendered":"AKS DASIS 127007N V\u00e4lij\u00e4\u00e4hdytin"},"content":{"rendered":"<p>Verkon pituus [mm]: 170; Verkon leveys [mm]: 218; Verkon syvyys [mm]: 50; Kennon mitat: 170x218x50; Sis\u00e4\u00e4ntulol\u00e4pimitta [mm]: 41,5; Ulostulon l\u00e4pimitta [mm]: 34,7; J\u00e4\u00e4hdytintyyppi: J\u00e4\u00e4hdytysrivat juotetut; Pakkauspituus [cm]: 35,5; Pakkausleveys [cm]: 25,5; Pakkauskorkeus [mm]: 16,1; Paino [kg]: 1,322; Valmistusvuosi alkaen: 03\/2002; SMART: CITY-COUPE 450,CABRIO 450,FORTWO Coupe 450,FORTWO Cabrio 450; 0002490V005, 0002490V005000000, 0002490V006, 0002490V006000000, 0002490V007, 0002490V007000000, A0002490V00, A0002490V005, A0002490V005000000, A0002490V006, A0002490V006000000, A0002490V007, A0002490V007000000, Q0002490V005000000, Q0002490V006000000, Q0002490V007000000<\/p>\n","protected":false},"excerpt":{"rendered":"<p>AKS DASIS V\u00e4lij\u00e4\u00e4hdytin 127007N  SMART,CITY-COUPE 450,CABRIO 450,FORTWO Coupe 450,FORTWO Cabrio 450<\/p>\n","protected":false},"featured_media":0,"template":"","meta":{"site-sidebar-layout":"default","site-content-layout":"default","ast-global-header-display":"","ast-main-header-display":"","ast-hfb-above-header-display":"","ast-hfb-below-header-display":"","ast-hfb-mobile-header-display":"","site-post-title":"","ast-breadcrumbs-content":"","ast-featured-img":"","footer-sml-layout":"","theme-transparent-header-meta":"","adv-header-id-meta":"","stick-header-meta":"","header-above-stick-meta":"","header-main-stick-meta":"","header-below-stick-meta":""},"pwb-brand":[461],"product_cat":[234],"product_tag":[],"class_list":{"0":"post-87895","1":"product","2":"type-product","3":"status-publish","5":"pwb-brand-aks-dasis","6":"product_cat-valijaahdytin","7":"desktop-align-left","8":"tablet-align-left","9":"mobile-align-left","11":"first","12":"instock","13":"product-type-external"},"brands":[{"id":461,"name":"AKS DASIS","slug":"aks-dasis"}],"_links":{"self":[{"href":"https:\/\/www.autonvaraosahaku.fi\/index.php?rest_route=\/wp\/v2\/product\/87895","targetHints":{"allow":["GET"]}}],"collection":[{"href":"https:\/\/www.autonvaraosahaku.fi\/index.php?rest_route=\/wp\/v2\/product"}],"about":[{"href":"https:\/\/www.autonvaraosahaku.fi\/index.php?rest_route=\/wp\/v2\/types\/product"}],"wp:attachment":[{"href":"https:\/\/www.autonvaraosahaku.fi\/index.php?rest_route=%2Fwp%2Fv2%2Fmedia&parent=87895"}],"wp:term":[{"taxonomy":"pwb-brand","embeddable":true,"href":"https:\/\/www.autonvaraosahaku.fi\/index.php?rest_route=%2Fwp%2Fv2%2Fpwb-brand&post=87895"},{"taxonomy":"product_cat","embeddable":true,"href":"https:\/\/www.autonvaraosahaku.fi\/index.php?rest_route=%2Fwp%2Fv2%2Fproduct_cat&post=87895"},{"taxonomy":"product_tag","embeddable":true,"href":"https:\/\/www.autonvaraosahaku.fi\/index.php?rest_route=%2Fwp%2Fv2%2Fproduct_tag&post=87895"}],"curies":[{"name":"wp","href":"https:\/\/api.w.org\/{rel}","templated":true}]}}