{"id":87906,"date":"2021-02-21T20:58:22","date_gmt":"2021-02-21T20:58:22","guid":{"rendered":"https:\/\/www.autonvaraosahaku.fi\/?product=trw-gdb3426-jarrupalat"},"modified":"2021-02-21T20:58:28","modified_gmt":"2021-02-21T20:58:28","slug":"trw-gdb3426-jarrupalat","status":"publish","type":"product","link":"https:\/\/www.autonvaraosahaku.fi\/?product=trw-gdb3426-jarrupalat","title":{"rendered":"TRW GDB3426 Jarrupalat"},"content":{"rendered":"<p>Pituus (mm): 96,8; Paksuus [mm]: 15,4; Korkeus (mm): 49,3; Valmistaja rajaus: AKEBONO; Kulumisenilmaisimen liitos: Ei kulumisenilmaisimelle; Tarkistuskilpi: E9 90R &#8211; 01120\/1624; M\u00e4\u00e4r\u00e4yksikk\u00f6: Akselisarja; Tuotelinja: COTEC; Asennuspuoli: Hinterachse; TOYOTA: RAV 4 III ACA3_, ACE_, ALA3_, GSA3_, ZSA3_,RAV 4 IV ZSA4_, ALA4_,CAMRY Stufenheck _XV4_,CAMRY Stufenheck AVV5_, XV5_,MATRIX ZRE14_, AZE14_; LEXUS: ES AVV6_, GSV6_, ASV6_,ES GSV4_, ACV4_,HS ANF10; 0446633160, 0446633180, 0446633200, 0446642060, 0446675010, 04466YZZE8, 0446602220, 0446606060, 0446606070, 0446606090, 0446606210, 0446633160, 0446633180, 0446633200, 0446642060, 0446675010, 04466YZZE8, D6247; Jarrupalasarja,Jarrupala, Levyjarru<\/p>\n","protected":false},"excerpt":{"rendered":"<p>TRW Jarrupalat GDB3426 Jarrupalasarja,Jarrupala, Levyjarru TOYOTA,LEXUS,RAV 4 III ACA3_, ACE_, ALA3_, GSA3_, ZSA3_,RAV 4 IV ZSA4_, ALA4_<\/p>\n","protected":false},"featured_media":0,"template":"","meta":{"site-sidebar-layout":"default","site-content-layout":"default","ast-global-header-display":"","ast-main-header-display":"","ast-hfb-above-header-display":"","ast-hfb-below-header-display":"","ast-hfb-mobile-header-display":"","site-post-title":"","ast-breadcrumbs-content":"","ast-featured-img":"","footer-sml-layout":"","theme-transparent-header-meta":"","adv-header-id-meta":"","stick-header-meta":"","header-above-stick-meta":"","header-main-stick-meta":"","header-below-stick-meta":""},"pwb-brand":[332],"product_cat":[100],"product_tag":[],"class_list":{"0":"post-87906","1":"product","2":"type-product","3":"status-publish","5":"pwb-brand-trw","6":"product_cat-jarrupalat","7":"desktop-align-left","8":"tablet-align-left","9":"mobile-align-left","11":"first","12":"instock","13":"product-type-external"},"brands":[{"id":332,"name":"TRW","slug":"trw"}],"_links":{"self":[{"href":"https:\/\/www.autonvaraosahaku.fi\/index.php?rest_route=\/wp\/v2\/product\/87906","targetHints":{"allow":["GET"]}}],"collection":[{"href":"https:\/\/www.autonvaraosahaku.fi\/index.php?rest_route=\/wp\/v2\/product"}],"about":[{"href":"https:\/\/www.autonvaraosahaku.fi\/index.php?rest_route=\/wp\/v2\/types\/product"}],"wp:attachment":[{"href":"https:\/\/www.autonvaraosahaku.fi\/index.php?rest_route=%2Fwp%2Fv2%2Fmedia&parent=87906"}],"wp:term":[{"taxonomy":"pwb-brand","embeddable":true,"href":"https:\/\/www.autonvaraosahaku.fi\/index.php?rest_route=%2Fwp%2Fv2%2Fpwb-brand&post=87906"},{"taxonomy":"product_cat","embeddable":true,"href":"https:\/\/www.autonvaraosahaku.fi\/index.php?rest_route=%2Fwp%2Fv2%2Fproduct_cat&post=87906"},{"taxonomy":"product_tag","embeddable":true,"href":"https:\/\/www.autonvaraosahaku.fi\/index.php?rest_route=%2Fwp%2Fv2%2Fproduct_tag&post=87906"}],"curies":[{"name":"wp","href":"https:\/\/api.w.org\/{rel}","templated":true}]}}