{"id":8791,"date":"2021-02-21T14:04:02","date_gmt":"2021-02-21T14:04:02","guid":{"rendered":"https:\/\/www.autonvaraosahaku.fi\/?product=elring-135-151-nokka-akselin-tiiviste"},"modified":"2021-02-21T14:04:03","modified_gmt":"2021-02-21T14:04:03","slug":"elring-135-151-nokka-akselin-tiiviste","status":"publish","type":"product","link":"https:\/\/www.autonvaraosahaku.fi\/?product=elring-135-151-nokka-akselin-tiiviste","title":{"rendered":"ELRING 135.151 Nokka akselin tiiviste"},"content":{"rendered":"<p>Sis\u00e4l\u00e4pimitta [mm]: 30; Ulkol\u00e4pimitta [mm]: 47; Korkeus (mm): 7; Akselitiivisteen malli: A; Rihlamalli: Vasen kierre; Materiaali: FPM (fluori-kumi)\/APM (polyakryyli-kumi); Suojavaippa: Ilman suojakumia; Asennuspuoli: getriebeseitig; VOLVO: V40 Kombi VW,V70 II SW,V50 MW,XC90 I,V70 I LV,S60 I,850 Kombi LW,C30,S80 I TS, XY,S40 II MS,XC70 CROSS COUNTRY,S40 I VS,C70 II Cabriolet,V40 Schr\u00e4gheck,C70 I Cabriolet,C70 I Coupe,850 LS,960 II Kombi 965,S70 LS,960 II 964,V90 Kombi,960 Kombi 965,960 964,S90; 1307817, 7980955, 5001000146, 7433514943, 7439443310, 3514943, 9443310, 94433109; Akselitiiviste, Nokka-Akseli<\/p>\n","protected":false},"excerpt":{"rendered":"<p>ELRING Nokka Akselin Tiiviste 135.151 Akselitiiviste, Nokka-Akseli VOLVO,V40 Kombi VW,V70 II SW,V50 MW,XC90 I,V70 I LV,S60 I,850 Kombi LW,C30<\/p>\n","protected":false},"featured_media":0,"template":"","meta":{"site-sidebar-layout":"default","site-content-layout":"default","ast-global-header-display":"","ast-main-header-display":"","ast-hfb-above-header-display":"","ast-hfb-below-header-display":"","ast-hfb-mobile-header-display":"","site-post-title":"","ast-breadcrumbs-content":"","ast-featured-img":"","footer-sml-layout":"","theme-transparent-header-meta":"","adv-header-id-meta":"","stick-header-meta":"","header-above-stick-meta":"","header-main-stick-meta":"","header-below-stick-meta":""},"pwb-brand":[26],"product_cat":[122],"product_tag":[],"class_list":{"0":"post-8791","1":"product","2":"type-product","3":"status-publish","5":"pwb-brand-elring","6":"product_cat-nokka-akselin-tiiviste","7":"desktop-align-left","8":"tablet-align-left","9":"mobile-align-left","11":"first","12":"instock","13":"product-type-external"},"brands":[{"id":26,"name":"ELRING","slug":"elring"}],"_links":{"self":[{"href":"https:\/\/www.autonvaraosahaku.fi\/index.php?rest_route=\/wp\/v2\/product\/8791","targetHints":{"allow":["GET"]}}],"collection":[{"href":"https:\/\/www.autonvaraosahaku.fi\/index.php?rest_route=\/wp\/v2\/product"}],"about":[{"href":"https:\/\/www.autonvaraosahaku.fi\/index.php?rest_route=\/wp\/v2\/types\/product"}],"wp:attachment":[{"href":"https:\/\/www.autonvaraosahaku.fi\/index.php?rest_route=%2Fwp%2Fv2%2Fmedia&parent=8791"}],"wp:term":[{"taxonomy":"pwb-brand","embeddable":true,"href":"https:\/\/www.autonvaraosahaku.fi\/index.php?rest_route=%2Fwp%2Fv2%2Fpwb-brand&post=8791"},{"taxonomy":"product_cat","embeddable":true,"href":"https:\/\/www.autonvaraosahaku.fi\/index.php?rest_route=%2Fwp%2Fv2%2Fproduct_cat&post=8791"},{"taxonomy":"product_tag","embeddable":true,"href":"https:\/\/www.autonvaraosahaku.fi\/index.php?rest_route=%2Fwp%2Fv2%2Fproduct_tag&post=8791"}],"curies":[{"name":"wp","href":"https:\/\/api.w.org\/{rel}","templated":true}]}}