{"id":87913,"date":"2021-02-21T20:58:30","date_gmt":"2021-02-21T20:58:30","guid":{"rendered":"https:\/\/www.autonvaraosahaku.fi\/?product=trw-gdb3371-jarrupalat"},"modified":"2021-02-21T20:58:32","modified_gmt":"2021-02-21T20:58:32","slug":"trw-gdb3371-jarrupalat","status":"publish","type":"product","link":"https:\/\/www.autonvaraosahaku.fi\/?product=trw-gdb3371-jarrupalat","title":{"rendered":"TRW GDB3371 Jarrupalat"},"content":{"rendered":"<p>Valmistaja rajaus: TOKICO; Pituus (mm): 137,0; Korkeus (mm): 56,8; Paksuus [mm]: 16,8; Kulumisenilmaisimen liitos: akustisella kulumavaroittimella; Lis\u00e4tarvike\/lis\u00e4tieto: Tarvikkeilla; Tarkistuskilpi: E9 90R &#8211; 01107\/599; M\u00e4\u00e4r\u00e4yksikk\u00f6: Akselisarja; Tuotelinja: COTEC; Asennuspuoli: Vorderachse; SUBARU: FORESTER SG,FORESTER SH,IMPREZA Stufenheck GD,LEGACY IV Station Wagon BL, BP, B13_,IMPREZA Schr\u00e4gheck GR, GH, G3,OUTBACK BL, BP,IMPREZA Station Wagon GG,LEGACY IV BL, BP,LEGACY V Station Wagon BM, BR,OUTBACK BM, BR,IMPREZA Stufenheck GR,LEGACY V BM, BR; 26296AE160, 26296AG010, 26296AG020, 26296AG040, 26296FE000, 26296FE081, 26296FE082, 26296FG010, 26296SA020; Jarrupalasarja,Jarrupala, Levyjarru<\/p>\n","protected":false},"excerpt":{"rendered":"<p>TRW Jarrupalat GDB3371 Jarrupalasarja,Jarrupala, Levyjarru SUBARU,FORESTER SG,FORESTER SH,IMPREZA Stufenheck GD,LEGACY IV Station Wagon BL, BP, B13_<\/p>\n","protected":false},"featured_media":0,"template":"","meta":{"site-sidebar-layout":"default","site-content-layout":"default","ast-global-header-display":"","ast-main-header-display":"","ast-hfb-above-header-display":"","ast-hfb-below-header-display":"","ast-hfb-mobile-header-display":"","site-post-title":"","ast-breadcrumbs-content":"","ast-featured-img":"","footer-sml-layout":"","theme-transparent-header-meta":"","adv-header-id-meta":"","stick-header-meta":"","header-above-stick-meta":"","header-main-stick-meta":"","header-below-stick-meta":""},"pwb-brand":[332],"product_cat":[100],"product_tag":[],"class_list":{"0":"post-87913","1":"product","2":"type-product","3":"status-publish","5":"pwb-brand-trw","6":"product_cat-jarrupalat","7":"desktop-align-left","8":"tablet-align-left","9":"mobile-align-left","11":"first","12":"instock","13":"product-type-external"},"brands":[{"id":332,"name":"TRW","slug":"trw"}],"_links":{"self":[{"href":"https:\/\/www.autonvaraosahaku.fi\/index.php?rest_route=\/wp\/v2\/product\/87913","targetHints":{"allow":["GET"]}}],"collection":[{"href":"https:\/\/www.autonvaraosahaku.fi\/index.php?rest_route=\/wp\/v2\/product"}],"about":[{"href":"https:\/\/www.autonvaraosahaku.fi\/index.php?rest_route=\/wp\/v2\/types\/product"}],"wp:attachment":[{"href":"https:\/\/www.autonvaraosahaku.fi\/index.php?rest_route=%2Fwp%2Fv2%2Fmedia&parent=87913"}],"wp:term":[{"taxonomy":"pwb-brand","embeddable":true,"href":"https:\/\/www.autonvaraosahaku.fi\/index.php?rest_route=%2Fwp%2Fv2%2Fpwb-brand&post=87913"},{"taxonomy":"product_cat","embeddable":true,"href":"https:\/\/www.autonvaraosahaku.fi\/index.php?rest_route=%2Fwp%2Fv2%2Fproduct_cat&post=87913"},{"taxonomy":"product_tag","embeddable":true,"href":"https:\/\/www.autonvaraosahaku.fi\/index.php?rest_route=%2Fwp%2Fv2%2Fproduct_tag&post=87913"}],"curies":[{"name":"wp","href":"https:\/\/api.w.org\/{rel}","templated":true}]}}