{"id":87919,"date":"2021-02-21T20:58:30","date_gmt":"2021-02-21T20:58:30","guid":{"rendered":"https:\/\/www.autonvaraosahaku.fi\/?product=magneti-marelli-510033423002-kytkin-ohjausakseli"},"modified":"2021-02-21T20:58:34","modified_gmt":"2021-02-21T20:58:34","slug":"magneti-marelli-510033423002-kytkin-ohjausakseli","status":"publish","type":"product","link":"https:\/\/www.autonvaraosahaku.fi\/?product=magneti-marelli-510033423002-kytkin-ohjausakseli","title":{"rendered":"MAGNETI MARELLI 510033423002 Kytkin ohjausakseli"},"content":{"rendered":"<p>Napojen m\u00e4\u00e4r\u00e4: 10; Laatu: O.E. (Original); V\u00e4ri: Musta; Yhdistelm\u00e4kytkintoiminto: \u00c4\u00e4nimerkill\u00e4, Valonvaihtajalla; Alustanumeroon: 5284; CITRO\u00cbN: AX ZA-_,BX XB-_,BX Break XB-_,C15 VD-_,VISA Cabriolet,C15 Kombi; PEUGEOT: 205 II 20A\/C,205 I Cabriolet 741B, 20D,205 I 741A\/C,309 I 10C, 10A,104,104 Coupe,J9 Bus,205 Kasten,J9 Kasten,J9 Pritsche\/Fahrgestell; TALBOT: SAMBA Cabriolet 51E,SAMBA 51A,SOLARA; 625342, 97530385, 625342<\/p>\n","protected":false},"excerpt":{"rendered":"<p>MAGNETI MARELLI Kytkin Ohjausakseli 510033423002  CITRO\u00cbN,PEUGEOT,TALBOT,AX ZA-_,BX XB-_,BX Break XB-_,C15 VD-_,VISA Cabriolet,C15 Kombi,205 II 20A\/C<\/p>\n","protected":false},"featured_media":0,"template":"","meta":{"site-sidebar-layout":"default","site-content-layout":"default","ast-global-header-display":"","ast-main-header-display":"","ast-hfb-above-header-display":"","ast-hfb-below-header-display":"","ast-hfb-mobile-header-display":"","site-post-title":"","ast-breadcrumbs-content":"","ast-featured-img":"","footer-sml-layout":"","theme-transparent-header-meta":"","adv-header-id-meta":"","stick-header-meta":"","header-above-stick-meta":"","header-main-stick-meta":"","header-below-stick-meta":""},"pwb-brand":[34],"product_cat":[65],"product_tag":[],"class_list":{"0":"post-87919","1":"product","2":"type-product","3":"status-publish","5":"pwb-brand-magneti-marelli","6":"product_cat-kytkin-ohjausakseli","7":"desktop-align-left","8":"tablet-align-left","9":"mobile-align-left","11":"first","12":"instock","13":"product-type-external"},"brands":[{"id":34,"name":"MAGNETI MARELLI","slug":"magneti-marelli"}],"_links":{"self":[{"href":"https:\/\/www.autonvaraosahaku.fi\/index.php?rest_route=\/wp\/v2\/product\/87919","targetHints":{"allow":["GET"]}}],"collection":[{"href":"https:\/\/www.autonvaraosahaku.fi\/index.php?rest_route=\/wp\/v2\/product"}],"about":[{"href":"https:\/\/www.autonvaraosahaku.fi\/index.php?rest_route=\/wp\/v2\/types\/product"}],"wp:attachment":[{"href":"https:\/\/www.autonvaraosahaku.fi\/index.php?rest_route=%2Fwp%2Fv2%2Fmedia&parent=87919"}],"wp:term":[{"taxonomy":"pwb-brand","embeddable":true,"href":"https:\/\/www.autonvaraosahaku.fi\/index.php?rest_route=%2Fwp%2Fv2%2Fpwb-brand&post=87919"},{"taxonomy":"product_cat","embeddable":true,"href":"https:\/\/www.autonvaraosahaku.fi\/index.php?rest_route=%2Fwp%2Fv2%2Fproduct_cat&post=87919"},{"taxonomy":"product_tag","embeddable":true,"href":"https:\/\/www.autonvaraosahaku.fi\/index.php?rest_route=%2Fwp%2Fv2%2Fproduct_tag&post=87919"}],"curies":[{"name":"wp","href":"https:\/\/api.w.org\/{rel}","templated":true}]}}