{"id":87924,"date":"2021-02-21T20:58:30","date_gmt":"2021-02-21T20:58:30","guid":{"rendered":"https:\/\/www.autonvaraosahaku.fi\/?product=wahler-410048-88d-termostaatti"},"modified":"2021-02-21T20:58:36","modified_gmt":"2021-02-21T20:58:36","slug":"wahler-410048-88d-termostaatti","status":"publish","type":"product","link":"https:\/\/www.autonvaraosahaku.fi\/?product=wahler-410048-88d-termostaatti","title":{"rendered":"WAHLER 410048.88D Termostaatti"},"content":{"rendered":"<p>Avausl\u00e4mp\u00f6tila [\u00b0C]: 88; Lis\u00e4tarvike\/lis\u00e4tieto: Tiivisteill\u00e4, L\u00e4mp\u00f6anturilla; Kotelomalli: Metallikotelo; Varustelumahdollisuudet: ECO F4; LANCIA: YPSILON 843,MUSA 350; OPEL: CORSA D,ASTRA H Caravan L35,ASTRA H L48,ASTRA H GTC L08,CORSA D Van,ASTRA H Stufenheck L69,ASTRA H Kasten L70; ALFA ROMEO: MITO 955; FIAT: GRANDE PUNTO 199,PUNTO EVO 199,DOBLO Cargo 223,DOBLO 119,DOBLO Kasten\/Kombi 263,PUNTO 199,IDEA,STRADA Pick-up 178E,QUBO 225,DOBLO Gro\u00dfraumlimousine 152, 263,FIORINO Kasten\/Kombi 225,LINEA 323,PUNTO Van 199,DOBLO Pritsche\/Fahrgestell 263; VAUXHALL: CORSA Mk III D L_8,ASTRA Mk V H CC,ASTRA Mk V H Estate,CORSAVAN Mk III D,ASTRAVAN Mk V H; 55194271, 55202373, 55194271, 55202373, 55224022, 55194271, 55202373, 1338020, 6338039, 93184200; Termostaatti, J\u00e4\u00e4hdytysneste<\/p>\n","protected":false},"excerpt":{"rendered":"<p>WAHLER Termostaatti 410048.88D Termostaatti, J\u00e4\u00e4hdytysneste LANCIA,OPEL,ALFA ROMEO,YPSILON 843,MUSA 350,CORSA D,ASTRA H Caravan L35,ASTRA H L48<\/p>\n","protected":false},"featured_media":0,"template":"","meta":{"site-sidebar-layout":"default","site-content-layout":"default","ast-global-header-display":"","ast-main-header-display":"","ast-hfb-above-header-display":"","ast-hfb-below-header-display":"","ast-hfb-mobile-header-display":"","site-post-title":"","ast-breadcrumbs-content":"","ast-featured-img":"","footer-sml-layout":"","theme-transparent-header-meta":"","adv-header-id-meta":"","stick-header-meta":"","header-above-stick-meta":"","header-main-stick-meta":"","header-below-stick-meta":""},"pwb-brand":[446],"product_cat":[174],"product_tag":[],"class_list":{"0":"post-87924","1":"product","2":"type-product","3":"status-publish","5":"pwb-brand-wahler","6":"product_cat-termostaatti","7":"desktop-align-left","8":"tablet-align-left","9":"mobile-align-left","11":"first","12":"instock","13":"product-type-external"},"brands":[{"id":446,"name":"WAHLER","slug":"wahler"}],"_links":{"self":[{"href":"https:\/\/www.autonvaraosahaku.fi\/index.php?rest_route=\/wp\/v2\/product\/87924","targetHints":{"allow":["GET"]}}],"collection":[{"href":"https:\/\/www.autonvaraosahaku.fi\/index.php?rest_route=\/wp\/v2\/product"}],"about":[{"href":"https:\/\/www.autonvaraosahaku.fi\/index.php?rest_route=\/wp\/v2\/types\/product"}],"wp:attachment":[{"href":"https:\/\/www.autonvaraosahaku.fi\/index.php?rest_route=%2Fwp%2Fv2%2Fmedia&parent=87924"}],"wp:term":[{"taxonomy":"pwb-brand","embeddable":true,"href":"https:\/\/www.autonvaraosahaku.fi\/index.php?rest_route=%2Fwp%2Fv2%2Fpwb-brand&post=87924"},{"taxonomy":"product_cat","embeddable":true,"href":"https:\/\/www.autonvaraosahaku.fi\/index.php?rest_route=%2Fwp%2Fv2%2Fproduct_cat&post=87924"},{"taxonomy":"product_tag","embeddable":true,"href":"https:\/\/www.autonvaraosahaku.fi\/index.php?rest_route=%2Fwp%2Fv2%2Fproduct_tag&post=87924"}],"curies":[{"name":"wp","href":"https:\/\/api.w.org\/{rel}","templated":true}]}}