{"id":8793,"date":"2021-02-21T14:04:02","date_gmt":"2021-02-21T14:04:02","guid":{"rendered":"https:\/\/www.autonvaraosahaku.fi\/?product=master-sport-13311-pcs-ms-koiranluu"},"modified":"2021-02-21T14:04:03","modified_gmt":"2021-02-21T14:04:03","slug":"master-sport-13311-pcs-ms-koiranluu","status":"publish","type":"product","link":"https:\/\/www.autonvaraosahaku.fi\/?product=master-sport-13311-pcs-ms-koiranluu","title":{"rendered":"MASTER-SPORT 13311-PCS-MS Koiranluu"},"content":{"rendered":"<p>Asennuspuoli: Taka-akseli, Molemminpuolin; Materiaali: Alumiini; Tanko \/ tuki: Heilurintanko; Lukum\u00e4\u00e4r\u00e4 akselille: 2; Nettopaino [kg]: 0,29; Bruttopaino [kg]: 0,31; BMW: 5 E39,5 Touring E39; ALPINA: B10 E39,D10 E39,B10 Kombi E39; 1092292, 1095532, 33551092292, 33551095532; Kallistuksenvakaajan Yhdystanko,Tanko, Kallistuksenvaimennin<\/p>\n","protected":false},"excerpt":{"rendered":"<p>MASTER-SPORT Koiranluu 13311-PCS-MS Kallistuksenvakaajan Yhdystanko,Tanko, Kallistuksenvaimennin BMW,ALPINA,5 E39,5 Touring E39,B10 E39,D10 E39<\/p>\n","protected":false},"featured_media":0,"template":"","meta":{"site-sidebar-layout":"default","site-content-layout":"default","ast-global-header-display":"","ast-main-header-display":"","ast-hfb-above-header-display":"","ast-hfb-below-header-display":"","ast-hfb-mobile-header-display":"","site-post-title":"","ast-breadcrumbs-content":"","ast-featured-img":"","footer-sml-layout":"","theme-transparent-header-meta":"","adv-header-id-meta":"","stick-header-meta":"","header-above-stick-meta":"","header-main-stick-meta":"","header-below-stick-meta":""},"pwb-brand":[61],"product_cat":[38],"product_tag":[],"class_list":{"0":"post-8793","1":"product","2":"type-product","3":"status-publish","5":"pwb-brand-master-sport","6":"product_cat-koiranluu","7":"desktop-align-left","8":"tablet-align-left","9":"mobile-align-left","11":"first","12":"instock","13":"product-type-external"},"brands":[{"id":61,"name":"MASTER-SPORT","slug":"master-sport"}],"_links":{"self":[{"href":"https:\/\/www.autonvaraosahaku.fi\/index.php?rest_route=\/wp\/v2\/product\/8793","targetHints":{"allow":["GET"]}}],"collection":[{"href":"https:\/\/www.autonvaraosahaku.fi\/index.php?rest_route=\/wp\/v2\/product"}],"about":[{"href":"https:\/\/www.autonvaraosahaku.fi\/index.php?rest_route=\/wp\/v2\/types\/product"}],"wp:attachment":[{"href":"https:\/\/www.autonvaraosahaku.fi\/index.php?rest_route=%2Fwp%2Fv2%2Fmedia&parent=8793"}],"wp:term":[{"taxonomy":"pwb-brand","embeddable":true,"href":"https:\/\/www.autonvaraosahaku.fi\/index.php?rest_route=%2Fwp%2Fv2%2Fpwb-brand&post=8793"},{"taxonomy":"product_cat","embeddable":true,"href":"https:\/\/www.autonvaraosahaku.fi\/index.php?rest_route=%2Fwp%2Fv2%2Fproduct_cat&post=8793"},{"taxonomy":"product_tag","embeddable":true,"href":"https:\/\/www.autonvaraosahaku.fi\/index.php?rest_route=%2Fwp%2Fv2%2Fproduct_tag&post=8793"}],"curies":[{"name":"wp","href":"https:\/\/api.w.org\/{rel}","templated":true}]}}