{"id":87934,"date":"2021-02-21T20:58:38","date_gmt":"2021-02-21T20:58:38","guid":{"rendered":"https:\/\/www.autonvaraosahaku.fi\/?product=magneti-marelli-430719014800-takaluukun-kaasujousi"},"modified":"2021-02-21T20:58:40","modified_gmt":"2021-02-21T20:58:40","slug":"magneti-marelli-430719014800-takaluukun-kaasujousi","status":"publish","type":"product","link":"https:\/\/www.autonvaraosahaku.fi\/?product=magneti-marelli-430719014800-takaluukun-kaasujousi","title":{"rendered":"MAGNETI MARELLI 430719014800 Takaluukun kaasujousi"},"content":{"rendered":"<p>Pituus (mm): 611; Kopan l\u00e4pimitta (mm): 19; Isku (mm): 230; M\u00e4nn\u00e4nvarren l\u00e4pimitta [mm]: 8; CITRO\u00cbN: SAXO S0, S1; 8731C0, 96181191, 9618119180, 9634949880; Kaasujousi, Tavaratila<\/p>\n","protected":false},"excerpt":{"rendered":"<p>MAGNETI MARELLI Takaluukun Kaasujousi 430719014800 Kaasujousi, Tavaratila CITRO\u00cbN,SAXO S0, S1<\/p>\n","protected":false},"featured_media":0,"template":"","meta":{"site-sidebar-layout":"default","site-content-layout":"default","ast-global-header-display":"","ast-main-header-display":"","ast-hfb-above-header-display":"","ast-hfb-below-header-display":"","ast-hfb-mobile-header-display":"","site-post-title":"","ast-breadcrumbs-content":"","ast-featured-img":"","footer-sml-layout":"","theme-transparent-header-meta":"","adv-header-id-meta":"","stick-header-meta":"","header-above-stick-meta":"","header-main-stick-meta":"","header-below-stick-meta":""},"pwb-brand":[34],"product_cat":[59],"product_tag":[],"class_list":{"0":"post-87934","1":"product","2":"type-product","3":"status-publish","5":"pwb-brand-magneti-marelli","6":"product_cat-takaluukun-kaasujousi","7":"desktop-align-left","8":"tablet-align-left","9":"mobile-align-left","11":"first","12":"instock","13":"product-type-external"},"brands":[{"id":34,"name":"MAGNETI MARELLI","slug":"magneti-marelli"}],"_links":{"self":[{"href":"https:\/\/www.autonvaraosahaku.fi\/index.php?rest_route=\/wp\/v2\/product\/87934","targetHints":{"allow":["GET"]}}],"collection":[{"href":"https:\/\/www.autonvaraosahaku.fi\/index.php?rest_route=\/wp\/v2\/product"}],"about":[{"href":"https:\/\/www.autonvaraosahaku.fi\/index.php?rest_route=\/wp\/v2\/types\/product"}],"wp:attachment":[{"href":"https:\/\/www.autonvaraosahaku.fi\/index.php?rest_route=%2Fwp%2Fv2%2Fmedia&parent=87934"}],"wp:term":[{"taxonomy":"pwb-brand","embeddable":true,"href":"https:\/\/www.autonvaraosahaku.fi\/index.php?rest_route=%2Fwp%2Fv2%2Fpwb-brand&post=87934"},{"taxonomy":"product_cat","embeddable":true,"href":"https:\/\/www.autonvaraosahaku.fi\/index.php?rest_route=%2Fwp%2Fv2%2Fproduct_cat&post=87934"},{"taxonomy":"product_tag","embeddable":true,"href":"https:\/\/www.autonvaraosahaku.fi\/index.php?rest_route=%2Fwp%2Fv2%2Fproduct_tag&post=87934"}],"curies":[{"name":"wp","href":"https:\/\/api.w.org\/{rel}","templated":true}]}}