{"id":87953,"date":"2021-02-21T20:58:46","date_gmt":"2021-02-21T20:58:46","guid":{"rendered":"https:\/\/www.autonvaraosahaku.fi\/?product=magneti-marelli-301181305900-alatukivarsi"},"modified":"2021-02-21T20:58:48","modified_gmt":"2021-02-21T20:58:48","slug":"magneti-marelli-301181305900-alatukivarsi","status":"publish","type":"product","link":"https:\/\/www.autonvaraosahaku.fi\/?product=magneti-marelli-301181305900-alatukivarsi","title":{"rendered":"MAGNETI MARELLI 301181305900 Alatukivarsi"},"content":{"rendered":"<p>Asennuspuoli: Etuakseli, oikea; Ohjausmalli: Viistotukivarsi; Materiaali: Ter\u00e4s; parilliset tuotenumerot: 301181305800; FIAT: GRANDE PUNTO 199,PUNTO EVO 199,PUNTO 199,QUBO 225,FIORINO Kasten\/Kombi 225,LINEA 323,GRANDE PUNTO Van 199_,PUNTO EVO Van 199_; PEUGEOT: BIPPER AA_,BIPPER Tepee; CITRO\u00cbN: NEMO Kasten AA_,NEMO Kombi; ALFA ROMEO: MITO 955; ABARTH: PUNTO 199_; 50511650, 51783056, 51839039, 51895366, 51783056; Tukivarsi,Tukivarsi, Py\u00f6r\u00e4ntuenta<\/p>\n","protected":false},"excerpt":{"rendered":"<p>MAGNETI MARELLI Alatukivarsi 301181305900 Tukivarsi,Tukivarsi, Py\u00f6r\u00e4ntuenta FIAT,PEUGEOT,CITRO\u00cbN,GRANDE PUNTO 199,PUNTO EVO 199,PUNTO 199,QUBO 225<\/p>\n","protected":false},"featured_media":0,"template":"","meta":{"site-sidebar-layout":"default","site-content-layout":"default","ast-global-header-display":"","ast-main-header-display":"","ast-hfb-above-header-display":"","ast-hfb-below-header-display":"","ast-hfb-mobile-header-display":"","site-post-title":"","ast-breadcrumbs-content":"","ast-featured-img":"","footer-sml-layout":"","theme-transparent-header-meta":"","adv-header-id-meta":"","stick-header-meta":"","header-above-stick-meta":"","header-main-stick-meta":"","header-below-stick-meta":""},"pwb-brand":[34],"product_cat":[62],"product_tag":[],"class_list":{"0":"post-87953","1":"product","2":"type-product","3":"status-publish","5":"pwb-brand-magneti-marelli","6":"product_cat-alatukivarsi","7":"desktop-align-left","8":"tablet-align-left","9":"mobile-align-left","11":"first","12":"instock","13":"product-type-external"},"brands":[{"id":34,"name":"MAGNETI MARELLI","slug":"magneti-marelli"}],"_links":{"self":[{"href":"https:\/\/www.autonvaraosahaku.fi\/index.php?rest_route=\/wp\/v2\/product\/87953","targetHints":{"allow":["GET"]}}],"collection":[{"href":"https:\/\/www.autonvaraosahaku.fi\/index.php?rest_route=\/wp\/v2\/product"}],"about":[{"href":"https:\/\/www.autonvaraosahaku.fi\/index.php?rest_route=\/wp\/v2\/types\/product"}],"wp:attachment":[{"href":"https:\/\/www.autonvaraosahaku.fi\/index.php?rest_route=%2Fwp%2Fv2%2Fmedia&parent=87953"}],"wp:term":[{"taxonomy":"pwb-brand","embeddable":true,"href":"https:\/\/www.autonvaraosahaku.fi\/index.php?rest_route=%2Fwp%2Fv2%2Fpwb-brand&post=87953"},{"taxonomy":"product_cat","embeddable":true,"href":"https:\/\/www.autonvaraosahaku.fi\/index.php?rest_route=%2Fwp%2Fv2%2Fproduct_cat&post=87953"},{"taxonomy":"product_tag","embeddable":true,"href":"https:\/\/www.autonvaraosahaku.fi\/index.php?rest_route=%2Fwp%2Fv2%2Fproduct_tag&post=87953"}],"curies":[{"name":"wp","href":"https:\/\/api.w.org\/{rel}","templated":true}]}}