{"id":87960,"date":"2021-02-21T20:58:46","date_gmt":"2021-02-21T20:58:46","guid":{"rendered":"https:\/\/www.autonvaraosahaku.fi\/?product=magneti-marelli-153071760114-oljynsuodatin"},"modified":"2021-02-21T20:58:50","modified_gmt":"2021-02-21T20:58:50","slug":"magneti-marelli-153071760114-oljynsuodatin","status":"publish","type":"product","link":"https:\/\/www.autonvaraosahaku.fi\/?product=magneti-marelli-153071760114-oljynsuodatin","title":{"rendered":"MAGNETI MARELLI 153071760114 \u00d6ljynsuodatin"},"content":{"rendered":"<p>Korkeus (mm): 96,5; Suodatintyyppi: Ruuvattava suodatin; Kierremitta: UNF 3\/4&#8221;-16; L\u00e4pimitta 1 [mm]: 71,5; L\u00e4pimitta 2 [mm]: 62,5; Ulkol\u00e4pimitta [mm]: 76,5; TECDOC-moottorinumero: 57; RENAULT: TRAFIC Pritsche\/Fahrgestell P6; FIAT: DUCATO Pritsche\/Fahrgestell 230,DUCATO Bus 230,PUNTO 176,DUCATO Kasten 290,DUCATO Pritsche\/Fahrgestell 290,DUCATO Kasten 230L,DUCATO Kasten 280,DUCATO Pritsche\/Fahrgestell 280,124 Spider,DUCATO Panorama 280,BRAVO I 182,BRAVA 182,PUNTO Cabriolet 176C,UNO 146A\/E,DUCATO Panorama 290,X 1\/9 128 AS,127,PALIO Weekend 178DX,FIORINO Kasten 146,TIPO 160,128 Coupe,CROMA 154,128,TEMPRA 159,131,124 Coupe,RITMO I 138A,PUNTO Van 176L,TEMPRA S.W. 159,FIORINO Pick up 146,FIORINO 147,REGATA 138,124 Familiare,RITMO Cabriolet,PALIO 178BX,127 Panorama,128 Familiare,FIORINO 127,UNO Kasten 146,131 Familiare\/Panorama,147,FIORINO Pick up 147,REGATA Weekend 138,147 Panorama,DUNA 146 B,DUNA Weekend 146 B; SEAT: IBIZA I 021A,MALAGA 023A,RONDA 022A; ALFA ROMEO: 156 Sportwagon 932,SPIDER 916S_,166 936,164 164,145 930,155 167,146 930,SPIDER 105,GIULIA,GTV 116,GIULIA GT; CHRYSLER: GRAND VOYAGER V RT,CIRRUS; LANCIA: DELTA I 831AB0,KAPPA 838A,DELTA II 836,KAPPA SW 838B,KAPPA Coupe 838,DEDRA 835,Y10 156,DEDRA SW 835,PRISMA 831AB0; DODGE: CARAVAN NS,STRATUS,NEON; AUTOBIANCHI: Y10; MASERATI: BITURBO Coupe,BITURBO Spider,QUATTROPORTE IV,BITURBO 70, 77,420\/430 69, 78, AF3; ZASTAVA: 101 1100,YUGO,YUGO FLORIDA; X18, X19, X501, X532, X533, 116440603000, 60507080, 60574554, 605745540, 7773854, 1109W7, 4212109, 4228326, 4339509, 4356500, 4363484, 4371581, 4382101, 4394463, 43944630, 4434790, 4434792, 4434895, 4449040, 46805830, 46805831, 5939831, 5951865, 60507080, 60574554, 60810474, 60810709, 71736160, 71736166, 71754231, 7581562, 7689285, 7773854, 5010963, 5012555, 5019918, 244191401, 1520860400, 7701415064, 0003938626, 0004449040, 3938626, 4449040, SE700030288A, 0003938626, 0004449040, 3938626, 4449040, SE700030288A<\/p>\n","protected":false},"excerpt":{"rendered":"<p>MAGNETI MARELLI \u00d6ljynsuodatin 153071760114  RENAULT,FIAT,SEAT,TRAFIC Pritsche\/Fahrgestell P6,DUCATO Pritsche\/Fahrgestell 230,DUCATO Bus 230,PUNTO 176<\/p>\n","protected":false},"featured_media":0,"template":"","meta":{"site-sidebar-layout":"default","site-content-layout":"default","ast-global-header-display":"","ast-main-header-display":"","ast-hfb-above-header-display":"","ast-hfb-below-header-display":"","ast-hfb-mobile-header-display":"","site-post-title":"","ast-breadcrumbs-content":"","ast-featured-img":"","footer-sml-layout":"","theme-transparent-header-meta":"","adv-header-id-meta":"","stick-header-meta":"","header-above-stick-meta":"","header-main-stick-meta":"","header-below-stick-meta":""},"pwb-brand":[34],"product_cat":[30],"product_tag":[],"class_list":{"0":"post-87960","1":"product","2":"type-product","3":"status-publish","5":"pwb-brand-magneti-marelli","6":"product_cat-oljynsuodatin","7":"desktop-align-left","8":"tablet-align-left","9":"mobile-align-left","11":"first","12":"instock","13":"product-type-external"},"brands":[{"id":34,"name":"MAGNETI MARELLI","slug":"magneti-marelli"}],"_links":{"self":[{"href":"https:\/\/www.autonvaraosahaku.fi\/index.php?rest_route=\/wp\/v2\/product\/87960","targetHints":{"allow":["GET"]}}],"collection":[{"href":"https:\/\/www.autonvaraosahaku.fi\/index.php?rest_route=\/wp\/v2\/product"}],"about":[{"href":"https:\/\/www.autonvaraosahaku.fi\/index.php?rest_route=\/wp\/v2\/types\/product"}],"wp:attachment":[{"href":"https:\/\/www.autonvaraosahaku.fi\/index.php?rest_route=%2Fwp%2Fv2%2Fmedia&parent=87960"}],"wp:term":[{"taxonomy":"pwb-brand","embeddable":true,"href":"https:\/\/www.autonvaraosahaku.fi\/index.php?rest_route=%2Fwp%2Fv2%2Fpwb-brand&post=87960"},{"taxonomy":"product_cat","embeddable":true,"href":"https:\/\/www.autonvaraosahaku.fi\/index.php?rest_route=%2Fwp%2Fv2%2Fproduct_cat&post=87960"},{"taxonomy":"product_tag","embeddable":true,"href":"https:\/\/www.autonvaraosahaku.fi\/index.php?rest_route=%2Fwp%2Fv2%2Fproduct_tag&post=87960"}],"curies":[{"name":"wp","href":"https:\/\/api.w.org\/{rel}","templated":true}]}}