{"id":87961,"date":"2021-02-21T20:58:46","date_gmt":"2021-02-21T20:58:46","guid":{"rendered":"https:\/\/www.autonvaraosahaku.fi\/?product=denso-dcp17071-ilmastoinnin-kompressori"},"modified":"2021-02-21T20:58:50","modified_gmt":"2021-02-21T20:58:50","slug":"denso-dcp17071-ilmastoinnin-kompressori","status":"publish","type":"product","link":"https:\/\/www.autonvaraosahaku.fi\/?product=denso-dcp17071-ilmastoinnin-kompressori","title":{"rendered":"DENSO DCP17071 Ilmastoinnin kompressori"},"content":{"rendered":"<p>Laatu: OE; Valmistaja rajaus: DENSO, MERCEDES-BENZ; Pituus (mm): 205; Korkeus (mm): 138; kiiloja: 5; Asennusmalli: Poltti\/ruuvi; Hihnapy\u00f6r\u00e4-\u00d8[mm]: 100; Paino [g]: 5770; Sis\u00e4\u00e4ntulol\u00e4pimitta [mm]: 17,8; Ulostulon l\u00e4pimitta [mm]: 15; \u00d6ljynt\u00e4ytt\u00f6m\u00e4\u00e4r\u00e4 [ml]: 120; Kompressori\u00f6ljy: PAG 46; Kompressorin tunnus: 6SEU16C; t\u00e4ytetty: ; Kylm\u00e4aine: R 134a; OE-numerolle: A0022304811; MERCEDES-BENZ: A-CLASS W169,B-CLASS W245,C-CLASS Coupe C204; 0012303611, 0012309111, 0022301411, 0022304811, 12303611, 12309111, 22301411, 22304811, A0012303611, A0012309111, A0022301411, A0022304811; AC Kompressori,Kompressori, Ilmastointilaite<\/p>\n","protected":false},"excerpt":{"rendered":"<p>DENSO Ilmastoinnin Kompressori DCP17071 AC Kompressori,Kompressori, Ilmastointilaite MERCEDES-BENZ,A-CLASS W169,B-CLASS W245,C-CLASS Coupe C204<\/p>\n","protected":false},"featured_media":0,"template":"","meta":{"site-sidebar-layout":"default","site-content-layout":"default","ast-global-header-display":"","ast-main-header-display":"","ast-hfb-above-header-display":"","ast-hfb-below-header-display":"","ast-hfb-mobile-header-display":"","site-post-title":"","ast-breadcrumbs-content":"","ast-featured-img":"","footer-sml-layout":"","theme-transparent-header-meta":"","adv-header-id-meta":"","stick-header-meta":"","header-above-stick-meta":"","header-main-stick-meta":"","header-below-stick-meta":""},"pwb-brand":[278],"product_cat":[444],"product_tag":[],"class_list":{"0":"post-87961","1":"product","2":"type-product","3":"status-publish","5":"pwb-brand-denso","6":"product_cat-ilmastoinnin-kompressori","7":"desktop-align-left","8":"tablet-align-left","9":"mobile-align-left","11":"first","12":"instock","13":"product-type-external"},"brands":[{"id":278,"name":"DENSO","slug":"denso"}],"_links":{"self":[{"href":"https:\/\/www.autonvaraosahaku.fi\/index.php?rest_route=\/wp\/v2\/product\/87961","targetHints":{"allow":["GET"]}}],"collection":[{"href":"https:\/\/www.autonvaraosahaku.fi\/index.php?rest_route=\/wp\/v2\/product"}],"about":[{"href":"https:\/\/www.autonvaraosahaku.fi\/index.php?rest_route=\/wp\/v2\/types\/product"}],"wp:attachment":[{"href":"https:\/\/www.autonvaraosahaku.fi\/index.php?rest_route=%2Fwp%2Fv2%2Fmedia&parent=87961"}],"wp:term":[{"taxonomy":"pwb-brand","embeddable":true,"href":"https:\/\/www.autonvaraosahaku.fi\/index.php?rest_route=%2Fwp%2Fv2%2Fpwb-brand&post=87961"},{"taxonomy":"product_cat","embeddable":true,"href":"https:\/\/www.autonvaraosahaku.fi\/index.php?rest_route=%2Fwp%2Fv2%2Fproduct_cat&post=87961"},{"taxonomy":"product_tag","embeddable":true,"href":"https:\/\/www.autonvaraosahaku.fi\/index.php?rest_route=%2Fwp%2Fv2%2Fproduct_tag&post=87961"}],"curies":[{"name":"wp","href":"https:\/\/api.w.org\/{rel}","templated":true}]}}