{"id":87989,"date":"2021-02-21T20:58:54","date_gmt":"2021-02-21T20:58:54","guid":{"rendered":"https:\/\/www.autonvaraosahaku.fi\/?product=metzger-wm-654d-pyoranlaakerit"},"modified":"2021-02-21T20:59:01","modified_gmt":"2021-02-21T20:59:01","slug":"metzger-wm-654d-pyoranlaakerit","status":"publish","type":"product","link":"https:\/\/www.autonvaraosahaku.fi\/?product=metzger-wm-654d-pyoranlaakerit","title":{"rendered":"METZGER WM 654D Py\u00f6r\u00e4nlaakerit"},"content":{"rendered":"<p>Ulkol\u00e4pimitta [mm]: 45,25, 59,1; Sis\u00e4l\u00e4pimitta [mm]: 18,9, 31,8; Leveys (mm): 16,75, 16,7; Asennuspuoli: Vorderachse beidseitig; MERCEDES-BENZ: 190 W201,Stufenheck W124,SL R107,KOMBI Kombi S124,E-CLASS W124,COUPE C124,E-CLASS Kombi S124,E-CLASS Cabriolet A124,E-CLASS Coupe C124; 2013300251, A2013300251; Py\u00f6r\u00e4nlaakerisarja<\/p>\n","protected":false},"excerpt":{"rendered":"<p>METZGER Py\u00f6r\u00e4nlaakerit WM 654D Py\u00f6r\u00e4nlaakerisarja MERCEDES-BENZ,190 W201,Stufenheck W124,SL R107,KOMBI Kombi S124,E-CLASS W124,COUPE C124<\/p>\n","protected":false},"featured_media":0,"template":"","meta":{"site-sidebar-layout":"default","site-content-layout":"default","ast-global-header-display":"","ast-main-header-display":"","ast-hfb-above-header-display":"","ast-hfb-below-header-display":"","ast-hfb-mobile-header-display":"","site-post-title":"","ast-breadcrumbs-content":"","ast-featured-img":"","footer-sml-layout":"","theme-transparent-header-meta":"","adv-header-id-meta":"","stick-header-meta":"","header-above-stick-meta":"","header-main-stick-meta":"","header-below-stick-meta":""},"pwb-brand":[69],"product_cat":[83],"product_tag":[],"class_list":{"0":"post-87989","1":"product","2":"type-product","3":"status-publish","5":"pwb-brand-metzger","6":"product_cat-pyoranlaakerit","7":"desktop-align-left","8":"tablet-align-left","9":"mobile-align-left","11":"first","12":"instock","13":"product-type-external"},"brands":[{"id":69,"name":"METZGER","slug":"metzger"}],"_links":{"self":[{"href":"https:\/\/www.autonvaraosahaku.fi\/index.php?rest_route=\/wp\/v2\/product\/87989","targetHints":{"allow":["GET"]}}],"collection":[{"href":"https:\/\/www.autonvaraosahaku.fi\/index.php?rest_route=\/wp\/v2\/product"}],"about":[{"href":"https:\/\/www.autonvaraosahaku.fi\/index.php?rest_route=\/wp\/v2\/types\/product"}],"wp:attachment":[{"href":"https:\/\/www.autonvaraosahaku.fi\/index.php?rest_route=%2Fwp%2Fv2%2Fmedia&parent=87989"}],"wp:term":[{"taxonomy":"pwb-brand","embeddable":true,"href":"https:\/\/www.autonvaraosahaku.fi\/index.php?rest_route=%2Fwp%2Fv2%2Fpwb-brand&post=87989"},{"taxonomy":"product_cat","embeddable":true,"href":"https:\/\/www.autonvaraosahaku.fi\/index.php?rest_route=%2Fwp%2Fv2%2Fproduct_cat&post=87989"},{"taxonomy":"product_tag","embeddable":true,"href":"https:\/\/www.autonvaraosahaku.fi\/index.php?rest_route=%2Fwp%2Fv2%2Fproduct_tag&post=87989"}],"curies":[{"name":"wp","href":"https:\/\/api.w.org\/{rel}","templated":true}]}}