{"id":88006,"date":"2021-02-21T20:59:02","date_gmt":"2021-02-21T20:59:02","guid":{"rendered":"https:\/\/www.autonvaraosahaku.fi\/?product=sidem-53480-alatukivarsi"},"modified":"2021-02-21T20:59:08","modified_gmt":"2021-02-21T20:59:08","slug":"sidem-53480-alatukivarsi","status":"publish","type":"product","link":"https:\/\/www.autonvaraosahaku.fi\/?product=sidem-53480-alatukivarsi","title":{"rendered":"SIDEM 53480 Alatukivarsi"},"content":{"rendered":"<p>Asennuspuoli: Alla, Etuakseli, vasen; Kartiomitta (mm): 16; Ohjausmalli: Pitkitt\u00e4istukivarsi; Huomioi huolto-ohjeet: ; parilliset tuotenumerot: 53481; Materiaali alusta: Ter\u00e4s; Vain jnk. yhteydess\u00e4: Ball joint; PEUGEOT: 205 II 20A\/C,205 I Cabriolet 741B, 20D,205 I 741A\/C,205 Kasten; CITRO\u00cbN: C15 VD-_,C15 Kombi; 352049, 352050, 352051, 91516336, 352049, 352050, 352051, 91516336; Tukivarsi,Tukivarsi, Py\u00f6r\u00e4ntuenta<\/p>\n","protected":false},"excerpt":{"rendered":"<p>SIDEM Alatukivarsi 53480 Tukivarsi,Tukivarsi, Py\u00f6r\u00e4ntuenta PEUGEOT,CITRO\u00cbN,205 II 20A\/C,205 I Cabriolet 741B, 20D,205 I 741A\/C,205 Kasten,C15 VD-_<\/p>\n","protected":false},"featured_media":0,"template":"","meta":{"site-sidebar-layout":"default","site-content-layout":"default","ast-global-header-display":"","ast-main-header-display":"","ast-hfb-above-header-display":"","ast-hfb-below-header-display":"","ast-hfb-mobile-header-display":"","site-post-title":"","ast-breadcrumbs-content":"","ast-featured-img":"","footer-sml-layout":"","theme-transparent-header-meta":"","adv-header-id-meta":"","stick-header-meta":"","header-above-stick-meta":"","header-main-stick-meta":"","header-below-stick-meta":""},"pwb-brand":[195],"product_cat":[62],"product_tag":[],"class_list":{"0":"post-88006","1":"product","2":"type-product","3":"status-publish","5":"pwb-brand-sidem","6":"product_cat-alatukivarsi","7":"desktop-align-left","8":"tablet-align-left","9":"mobile-align-left","11":"first","12":"instock","13":"product-type-external"},"brands":[{"id":195,"name":"SIDEM","slug":"sidem"}],"_links":{"self":[{"href":"https:\/\/www.autonvaraosahaku.fi\/index.php?rest_route=\/wp\/v2\/product\/88006","targetHints":{"allow":["GET"]}}],"collection":[{"href":"https:\/\/www.autonvaraosahaku.fi\/index.php?rest_route=\/wp\/v2\/product"}],"about":[{"href":"https:\/\/www.autonvaraosahaku.fi\/index.php?rest_route=\/wp\/v2\/types\/product"}],"wp:attachment":[{"href":"https:\/\/www.autonvaraosahaku.fi\/index.php?rest_route=%2Fwp%2Fv2%2Fmedia&parent=88006"}],"wp:term":[{"taxonomy":"pwb-brand","embeddable":true,"href":"https:\/\/www.autonvaraosahaku.fi\/index.php?rest_route=%2Fwp%2Fv2%2Fpwb-brand&post=88006"},{"taxonomy":"product_cat","embeddable":true,"href":"https:\/\/www.autonvaraosahaku.fi\/index.php?rest_route=%2Fwp%2Fv2%2Fproduct_cat&post=88006"},{"taxonomy":"product_tag","embeddable":true,"href":"https:\/\/www.autonvaraosahaku.fi\/index.php?rest_route=%2Fwp%2Fv2%2Fproduct_tag&post=88006"}],"curies":[{"name":"wp","href":"https:\/\/api.w.org\/{rel}","templated":true}]}}