{"id":88007,"date":"2021-02-21T20:59:02","date_gmt":"2021-02-21T20:59:02","guid":{"rendered":"https:\/\/www.autonvaraosahaku.fi\/?product=febi-bilstein-27797-oljynsuodatin"},"modified":"2021-02-21T20:59:08","modified_gmt":"2021-02-21T20:59:08","slug":"febi-bilstein-27797-oljynsuodatin","status":"publish","type":"product","link":"https:\/\/www.autonvaraosahaku.fi\/?product=febi-bilstein-27797-oljynsuodatin","title":{"rendered":"FEBI BILSTEIN 27797 \u00d6ljynsuodatin"},"content":{"rendered":"<p>Suodatintyyppi: Ruuvattava suodatin, Ruuvattava suodatin; Korkeus (mm): 264; Sis\u00e4l\u00e4pimitta [mm]: 93,0; Ulkol\u00e4pimitta [mm]: 107,0; Sis\u00e4kierre (mm): 1 1\/8 &#8211; 16; Paino [kg]: 1,144; Moottorinumero: D16B520; VOLVO: FH16,FL12,FM12,N10,NH12; SCANIA: 4 &#8211; series,4 &#8211; series bus,K &#8211; series,K &#8211; series bus,N &#8211; series bus,P,G,R,T &#8211; series; RENAULT TRUCKS: C,G,KERAX,MAGNUM,MAJOR,MANAGER,MAXTER,MIDLINER,MIDLUM,PREMIUM,R,T; 0042537127, 042537127, 42537127, 5000133555, 5000670699, 5000670700, 5001546650, 5001846641, 5010550600, 7421700201, 7423114230, 21707134, 466634<\/p>\n","protected":false},"excerpt":{"rendered":"<p>FEBI BILSTEIN \u00d6ljynsuodatin 27797  VOLVO,SCANIA,RENAULT TRUCKS,FH16,FL12,FM12,N10,NH12,4 &#8211; series,4 &#8211; series bus,K &#8211; series,K &#8211; series bus<\/p>\n","protected":false},"featured_media":0,"template":"","meta":{"site-sidebar-layout":"default","site-content-layout":"default","ast-global-header-display":"","ast-main-header-display":"","ast-hfb-above-header-display":"","ast-hfb-below-header-display":"","ast-hfb-mobile-header-display":"","site-post-title":"","ast-breadcrumbs-content":"","ast-featured-img":"","footer-sml-layout":"","theme-transparent-header-meta":"","adv-header-id-meta":"","stick-header-meta":"","header-above-stick-meta":"","header-main-stick-meta":"","header-below-stick-meta":""},"pwb-brand":[50],"product_cat":[30],"product_tag":[],"class_list":{"0":"post-88007","1":"product","2":"type-product","3":"status-publish","5":"pwb-brand-febi-bilstein","6":"product_cat-oljynsuodatin","7":"desktop-align-left","8":"tablet-align-left","9":"mobile-align-left","11":"first","12":"instock","13":"product-type-external"},"brands":[{"id":50,"name":"FEBI BILSTEIN","slug":"febi-bilstein"}],"_links":{"self":[{"href":"https:\/\/www.autonvaraosahaku.fi\/index.php?rest_route=\/wp\/v2\/product\/88007","targetHints":{"allow":["GET"]}}],"collection":[{"href":"https:\/\/www.autonvaraosahaku.fi\/index.php?rest_route=\/wp\/v2\/product"}],"about":[{"href":"https:\/\/www.autonvaraosahaku.fi\/index.php?rest_route=\/wp\/v2\/types\/product"}],"wp:attachment":[{"href":"https:\/\/www.autonvaraosahaku.fi\/index.php?rest_route=%2Fwp%2Fv2%2Fmedia&parent=88007"}],"wp:term":[{"taxonomy":"pwb-brand","embeddable":true,"href":"https:\/\/www.autonvaraosahaku.fi\/index.php?rest_route=%2Fwp%2Fv2%2Fpwb-brand&post=88007"},{"taxonomy":"product_cat","embeddable":true,"href":"https:\/\/www.autonvaraosahaku.fi\/index.php?rest_route=%2Fwp%2Fv2%2Fproduct_cat&post=88007"},{"taxonomy":"product_tag","embeddable":true,"href":"https:\/\/www.autonvaraosahaku.fi\/index.php?rest_route=%2Fwp%2Fv2%2Fproduct_tag&post=88007"}],"curies":[{"name":"wp","href":"https:\/\/api.w.org\/{rel}","templated":true}]}}