{"id":88035,"date":"2021-02-21T20:59:19","date_gmt":"2021-02-21T20:59:19","guid":{"rendered":"https:\/\/www.autonvaraosahaku.fi\/?product=febi-bilstein-26150-kasijarrukengat"},"modified":"2021-02-21T20:59:21","modified_gmt":"2021-02-21T20:59:21","slug":"febi-bilstein-26150-kasijarrukengat","status":"publish","type":"product","link":"https:\/\/www.autonvaraosahaku.fi\/?product=febi-bilstein-26150-kasijarrukengat","title":{"rendered":"FEBI BILSTEIN 26150 K\u00e4sijarrukeng\u00e4t"},"content":{"rendered":"<p>Leveys (mm): 20,0; Ulkol\u00e4pimitta [mm]: 164,0; Tarkistuskilpi: ECE R90 Approved; Asennuspuoli: Taka-akseli; Paksuus 1 [mm]: 3,3; Paino [kg]: 0,82, 0,82; Moottorinumero: OM646; MERCEDES-BENZ: C-CLASS W203,C-CLASS T-Model S203,C-CLASS Coupe CL203,SLK R171,CLK C209,VANEO 414,CLK Cabriolet A209,CLC-CLASS CL203; 2034200120, 2034200120S1, 4144200320, A2034200120, A4144200320; Jarrukenk\u00e4sarja, K\u00e4sijarru<\/p>\n","protected":false},"excerpt":{"rendered":"<p>FEBI BILSTEIN K\u00e4sijarrukeng\u00e4t 26150 Jarrukenk\u00e4sarja, K\u00e4sijarru MERCEDES-BENZ,C-CLASS W203,C-CLASS T-Model S203,C-CLASS Coupe CL203,SLK R171,CLK C209<\/p>\n","protected":false},"featured_media":0,"template":"","meta":{"site-sidebar-layout":"default","site-content-layout":"default","ast-global-header-display":"","ast-main-header-display":"","ast-hfb-above-header-display":"","ast-hfb-below-header-display":"","ast-hfb-mobile-header-display":"","site-post-title":"","ast-breadcrumbs-content":"","ast-featured-img":"","footer-sml-layout":"","theme-transparent-header-meta":"","adv-header-id-meta":"","stick-header-meta":"","header-above-stick-meta":"","header-main-stick-meta":"","header-below-stick-meta":""},"pwb-brand":[50],"product_cat":[236],"product_tag":[],"class_list":{"0":"post-88035","1":"product","2":"type-product","3":"status-publish","5":"pwb-brand-febi-bilstein","6":"product_cat-kasijarrukengat","7":"desktop-align-left","8":"tablet-align-left","9":"mobile-align-left","11":"first","12":"instock","13":"product-type-external"},"brands":[{"id":50,"name":"FEBI BILSTEIN","slug":"febi-bilstein"}],"_links":{"self":[{"href":"https:\/\/www.autonvaraosahaku.fi\/index.php?rest_route=\/wp\/v2\/product\/88035","targetHints":{"allow":["GET"]}}],"collection":[{"href":"https:\/\/www.autonvaraosahaku.fi\/index.php?rest_route=\/wp\/v2\/product"}],"about":[{"href":"https:\/\/www.autonvaraosahaku.fi\/index.php?rest_route=\/wp\/v2\/types\/product"}],"wp:attachment":[{"href":"https:\/\/www.autonvaraosahaku.fi\/index.php?rest_route=%2Fwp%2Fv2%2Fmedia&parent=88035"}],"wp:term":[{"taxonomy":"pwb-brand","embeddable":true,"href":"https:\/\/www.autonvaraosahaku.fi\/index.php?rest_route=%2Fwp%2Fv2%2Fpwb-brand&post=88035"},{"taxonomy":"product_cat","embeddable":true,"href":"https:\/\/www.autonvaraosahaku.fi\/index.php?rest_route=%2Fwp%2Fv2%2Fproduct_cat&post=88035"},{"taxonomy":"product_tag","embeddable":true,"href":"https:\/\/www.autonvaraosahaku.fi\/index.php?rest_route=%2Fwp%2Fv2%2Fproduct_tag&post=88035"}],"curies":[{"name":"wp","href":"https:\/\/api.w.org\/{rel}","templated":true}]}}