{"id":88041,"date":"2021-02-21T20:59:19","date_gmt":"2021-02-21T20:59:19","guid":{"rendered":"https:\/\/www.autonvaraosahaku.fi\/?product=trw-gs8745-kasijarrukengat"},"modified":"2021-02-21T20:59:23","modified_gmt":"2021-02-21T20:59:23","slug":"trw-gs8745-kasijarrukengat","status":"publish","type":"product","link":"https:\/\/www.autonvaraosahaku.fi\/?product=trw-gs8745-kasijarrukengat","title":{"rendered":"TRW GS8745 K\u00e4sijarrukeng\u00e4t"},"content":{"rendered":"<p>L\u00e4pimitta [mm]: 164; Leveys (mm): 25; Tarkistuskilpi: E9-90R-01713\/054; Paino [kg]: 0,874; Asennuspuoli: Hinterachse; MERCEDES-BENZ: C-CLASS W204,C-CLASS T-Model S204,E-CLASS T-Model S212,E-CLASS Coupe C207,C-CLASS Coupe C204,E-CLASS Cabriolet A207; 0044208620, A0044208620; Jarrukenk\u00e4sarja, K\u00e4sijarru<\/p>\n","protected":false},"excerpt":{"rendered":"<p>TRW K\u00e4sijarrukeng\u00e4t GS8745 Jarrukenk\u00e4sarja, K\u00e4sijarru MERCEDES-BENZ,C-CLASS W204,C-CLASS T-Model S204,E-CLASS T-Model S212,E-CLASS Coupe C207<\/p>\n","protected":false},"featured_media":0,"template":"","meta":{"site-sidebar-layout":"default","site-content-layout":"default","ast-global-header-display":"","ast-main-header-display":"","ast-hfb-above-header-display":"","ast-hfb-below-header-display":"","ast-hfb-mobile-header-display":"","site-post-title":"","ast-breadcrumbs-content":"","ast-featured-img":"","footer-sml-layout":"","theme-transparent-header-meta":"","adv-header-id-meta":"","stick-header-meta":"","header-above-stick-meta":"","header-main-stick-meta":"","header-below-stick-meta":""},"pwb-brand":[332],"product_cat":[236],"product_tag":[],"class_list":{"0":"post-88041","1":"product","2":"type-product","3":"status-publish","5":"pwb-brand-trw","6":"product_cat-kasijarrukengat","7":"desktop-align-left","8":"tablet-align-left","9":"mobile-align-left","11":"first","12":"instock","13":"product-type-external"},"brands":[{"id":332,"name":"TRW","slug":"trw"}],"_links":{"self":[{"href":"https:\/\/www.autonvaraosahaku.fi\/index.php?rest_route=\/wp\/v2\/product\/88041","targetHints":{"allow":["GET"]}}],"collection":[{"href":"https:\/\/www.autonvaraosahaku.fi\/index.php?rest_route=\/wp\/v2\/product"}],"about":[{"href":"https:\/\/www.autonvaraosahaku.fi\/index.php?rest_route=\/wp\/v2\/types\/product"}],"wp:attachment":[{"href":"https:\/\/www.autonvaraosahaku.fi\/index.php?rest_route=%2Fwp%2Fv2%2Fmedia&parent=88041"}],"wp:term":[{"taxonomy":"pwb-brand","embeddable":true,"href":"https:\/\/www.autonvaraosahaku.fi\/index.php?rest_route=%2Fwp%2Fv2%2Fpwb-brand&post=88041"},{"taxonomy":"product_cat","embeddable":true,"href":"https:\/\/www.autonvaraosahaku.fi\/index.php?rest_route=%2Fwp%2Fv2%2Fproduct_cat&post=88041"},{"taxonomy":"product_tag","embeddable":true,"href":"https:\/\/www.autonvaraosahaku.fi\/index.php?rest_route=%2Fwp%2Fv2%2Fproduct_tag&post=88041"}],"curies":[{"name":"wp","href":"https:\/\/api.w.org\/{rel}","templated":true}]}}