{"id":88052,"date":"2021-02-21T20:59:27","date_gmt":"2021-02-21T20:59:27","guid":{"rendered":"https:\/\/www.autonvaraosahaku.fi\/?product=meyle-013-026-0630-vesipumppu"},"modified":"2021-02-21T20:59:28","modified_gmt":"2021-02-21T20:59:28","slug":"meyle-013-026-0630-vesipumppu","status":"publish","type":"product","link":"https:\/\/www.autonvaraosahaku.fi\/?product=meyle-013-026-0630-vesipumppu","title":{"rendered":"MEYLE 013 026 0630 Vesipumppu"},"content":{"rendered":"<p>Lis\u00e4tarvike\/lis\u00e4tieto: Tiivisteill\u00e4; Akselil\u00e4pimitalle [mm]: 30; Pantiton uusi osa: ; Suositellun erikoisty\u00f6kalun tuotenumero: 999 990 0001; lis\u00e4tieto: ORIGINAL Quality; MERCEDES-BENZ: SL R107,Stufenheck W123,G-CLASS W460,COUPE C123,S-CLASS W108, W109,S-CLASS W116,COUPE W111,KOMBI Kombi S123,T1 Bus 601,SL Coupe C107,T1 Pritsche\/Fahrgestell 601; 1102000120, 1102000920, 1102001720, 1152001520, 1212000920<\/p>\n","protected":false},"excerpt":{"rendered":"<p>MEYLE Vesipumppu 013 026 0630  MERCEDES-BENZ,SL R107,Stufenheck W123,G-CLASS W460,COUPE C123,S-CLASS W108, W109,S-CLASS W116,COUPE W111<\/p>\n","protected":false},"featured_media":0,"template":"","meta":{"site-sidebar-layout":"default","site-content-layout":"default","ast-global-header-display":"","ast-main-header-display":"","ast-hfb-above-header-display":"","ast-hfb-below-header-display":"","ast-hfb-mobile-header-display":"","site-post-title":"","ast-breadcrumbs-content":"","ast-featured-img":"","footer-sml-layout":"","theme-transparent-header-meta":"","adv-header-id-meta":"","stick-header-meta":"","header-above-stick-meta":"","header-main-stick-meta":"","header-below-stick-meta":""},"pwb-brand":[84],"product_cat":[279],"product_tag":[],"class_list":{"0":"post-88052","1":"product","2":"type-product","3":"status-publish","5":"pwb-brand-meyle","6":"product_cat-vesipumppu","7":"desktop-align-left","8":"tablet-align-left","9":"mobile-align-left","11":"first","12":"instock","13":"product-type-external"},"brands":[{"id":84,"name":"MEYLE","slug":"meyle"}],"_links":{"self":[{"href":"https:\/\/www.autonvaraosahaku.fi\/index.php?rest_route=\/wp\/v2\/product\/88052","targetHints":{"allow":["GET"]}}],"collection":[{"href":"https:\/\/www.autonvaraosahaku.fi\/index.php?rest_route=\/wp\/v2\/product"}],"about":[{"href":"https:\/\/www.autonvaraosahaku.fi\/index.php?rest_route=\/wp\/v2\/types\/product"}],"wp:attachment":[{"href":"https:\/\/www.autonvaraosahaku.fi\/index.php?rest_route=%2Fwp%2Fv2%2Fmedia&parent=88052"}],"wp:term":[{"taxonomy":"pwb-brand","embeddable":true,"href":"https:\/\/www.autonvaraosahaku.fi\/index.php?rest_route=%2Fwp%2Fv2%2Fpwb-brand&post=88052"},{"taxonomy":"product_cat","embeddable":true,"href":"https:\/\/www.autonvaraosahaku.fi\/index.php?rest_route=%2Fwp%2Fv2%2Fproduct_cat&post=88052"},{"taxonomy":"product_tag","embeddable":true,"href":"https:\/\/www.autonvaraosahaku.fi\/index.php?rest_route=%2Fwp%2Fv2%2Fproduct_tag&post=88052"}],"curies":[{"name":"wp","href":"https:\/\/api.w.org\/{rel}","templated":true}]}}