{"id":8807,"date":"2021-02-21T14:04:06","date_gmt":"2021-02-21T14:04:06","guid":{"rendered":"https:\/\/www.autonvaraosahaku.fi\/?product=meyle-100-800-9050-jaahdytysnesteen-lampotila-anturi"},"modified":"2021-02-21T14:04:07","modified_gmt":"2021-02-21T14:04:07","slug":"meyle-100-800-9050-jaahdytysnesteen-lampotila-anturi","status":"publish","type":"product","link":"https:\/\/www.autonvaraosahaku.fi\/?product=meyle-100-800-9050-jaahdytysnesteen-lampotila-anturi","title":{"rendered":"MEYLE 100 800 9050 J\u00e4\u00e4hdytysnesteen l\u00e4mp\u00f6tila anturi"},"content":{"rendered":"<p>K\u00e4ytt\u00f6j\u00e4nnite [V]: 12; Tunnistinmalli: NTC-anturi; Kytkent\u00e4piste (\u00b0C): 120, -40; L\u00e4pimitta [mm]: 20; Kierremitta: &#8211;; Avainv\u00e4li: &#8211;; V\u00e4ri: Sininen; Napojen m\u00e4\u00e4r\u00e4: 2; lis\u00e4tieto: ORIGINAL Quality; Alustanumerosta: 89-H-300 001; VW: TRANSPORTER IV Bus 70XB, 70XC, 7DB, 7DW,GOLF III 1H1,SHARAN 7M8, 7M9, 7M6,POLO 6N1,GOLF II 19E, 1G1,PASSAT Variant 3B5,PASSAT Variant 3A5, 35I,PASSAT 3B2,GOLF I Cabriolet 155,TRANSPORTER IV Kasten 70XA,GOLF III Variant 1H5,TRANSPORTER III Bus,POLO 86C, 80,POLO Coupe 86C, 80,PASSAT 3A2, 35I,CORRADO 53I,CADDY II Kasten 9K9A,TRANSPORTER IV Pritsche\/Fahrgestell 70XD,POLO CLASSIC 6KV2,SCIROCCO 53B,VENTO 1H2,LT 28-35 I Kasten 281-363,LT 28-35 I Bus 281-363,CADDY I 14,JETTA II 19E, 1G2, 165,POLO Kasten 6NF,TRANSPORTER III Kasten,LT 28-35 I Pritsche\/Fahrgestell 281-363,CADDY II Kombi 9K9B,TRANSPORTER III Pritsche\/Fahrgestell,CADDY II Pick-up 9U7,POLO Kasten 86CF; AUDI: A4 8D2, B5,A4 Avant 8D5, B5,80 8C, B4,80 89, 89Q, 8A, B3,CABRIOLET 8G7, B4,100 4A, C4,80 Avant 8C, B4,A6 Avant 4A, C4,A6 4A, C4,COUPE 89, 8B,100 Avant 4A, C4,200 44, 44Q; SEAT: IBIZA II 6K1,CORDOBA 6K1, 6K2,CORDOBA Vario 6K1,TOLEDO I 1L,INCA 6K9; FORD: GALAXY WGR; 025906041A, 1669965, 95VW12A648BA, 025906041A, 025906041A; J\u00e4\u00e4hdytysnestel\u00e4mp\u00f6tilan Sensori<\/p>\n","protected":false},"excerpt":{"rendered":"<p>MEYLE J\u00e4\u00e4hdytysnesteen L\u00e4mp\u00f6tila Anturi 100 800 9050 J\u00e4\u00e4hdytysnestel\u00e4mp\u00f6tilan Sensori VW,AUDI,SEAT,TRANSPORTER IV Bus 70XB, 70XC, 7DB, 7DW<\/p>\n","protected":false},"featured_media":0,"template":"","meta":{"site-sidebar-layout":"default","site-content-layout":"default","ast-global-header-display":"","ast-main-header-display":"","ast-hfb-above-header-display":"","ast-hfb-below-header-display":"","ast-hfb-mobile-header-display":"","site-post-title":"","ast-breadcrumbs-content":"","ast-featured-img":"","footer-sml-layout":"","theme-transparent-header-meta":"","adv-header-id-meta":"","stick-header-meta":"","header-above-stick-meta":"","header-main-stick-meta":"","header-below-stick-meta":""},"pwb-brand":[84],"product_cat":[200],"product_tag":[],"class_list":{"0":"post-8807","1":"product","2":"type-product","3":"status-publish","5":"pwb-brand-meyle","6":"product_cat-jaahdytysnesteen-lampotila-anturi","7":"desktop-align-left","8":"tablet-align-left","9":"mobile-align-left","11":"first","12":"instock","13":"product-type-external"},"brands":[{"id":84,"name":"MEYLE","slug":"meyle"}],"_links":{"self":[{"href":"https:\/\/www.autonvaraosahaku.fi\/index.php?rest_route=\/wp\/v2\/product\/8807","targetHints":{"allow":["GET"]}}],"collection":[{"href":"https:\/\/www.autonvaraosahaku.fi\/index.php?rest_route=\/wp\/v2\/product"}],"about":[{"href":"https:\/\/www.autonvaraosahaku.fi\/index.php?rest_route=\/wp\/v2\/types\/product"}],"wp:attachment":[{"href":"https:\/\/www.autonvaraosahaku.fi\/index.php?rest_route=%2Fwp%2Fv2%2Fmedia&parent=8807"}],"wp:term":[{"taxonomy":"pwb-brand","embeddable":true,"href":"https:\/\/www.autonvaraosahaku.fi\/index.php?rest_route=%2Fwp%2Fv2%2Fpwb-brand&post=8807"},{"taxonomy":"product_cat","embeddable":true,"href":"https:\/\/www.autonvaraosahaku.fi\/index.php?rest_route=%2Fwp%2Fv2%2Fproduct_cat&post=8807"},{"taxonomy":"product_tag","embeddable":true,"href":"https:\/\/www.autonvaraosahaku.fi\/index.php?rest_route=%2Fwp%2Fv2%2Fproduct_tag&post=8807"}],"curies":[{"name":"wp","href":"https:\/\/api.w.org\/{rel}","templated":true}]}}