{"id":88071,"date":"2021-02-21T20:59:35","date_gmt":"2021-02-21T20:59:35","guid":{"rendered":"https:\/\/www.autonvaraosahaku.fi\/?product=lpr-4690-takajarrusylinteri"},"modified":"2021-02-21T20:59:36","modified_gmt":"2021-02-21T20:59:36","slug":"lpr-4690-takajarrusylinteri","status":"publish","type":"product","link":"https:\/\/www.autonvaraosahaku.fi\/?product=lpr-4690-takajarrusylinteri","title":{"rendered":"LPR 4690 Takajarrusylinteri"},"content":{"rendered":"<p>Materiaali: Alumiini; Kierremitta: 10 x 1; Reik\u00e4-\u00d8 [mm]: 20,64; Jarruj\u00e4rjestelm\u00e4: TRW; tuotenumerolle: 4690; Organisaationumerosta: 08730; CITRO\u00cbN: C2 JM_,C3 I FC_,SAXO S0, S1,XSARA N1,C3 Pluriel HB_,XSARA Break N2,XSARA Coupe N0,ZX N2,ZX Break N2,C2 ENTERPRISE,SAXO Hatchback van S3_,XSARA Kasten\/Schr\u00e4gheck; PEUGEOT: 206 Schr\u00e4gheck 2A\/C,206 CC 2D,206 SW 2E\/K,106 II 1,206+ T3E,306 Schr\u00e4gheck 7A, 7C, N3, N5,306 Cabriolet 7D, N3, N5,1007 KM_,306 Break 7E, N3, N5,306 7B, N3, N5,206 Stufenheck,206 Van,106 Van 1_,306 Van N_, 7_,306 Kasten\/Schr\u00e4gheck; 4402C8, 4402E5; Py\u00f6r\u00e4n Jarrusylinteri,Jarrusylinteri<\/p>\n","protected":false},"excerpt":{"rendered":"<p>LPR Takajarrusylinteri 4690 Py\u00f6r\u00e4n Jarrusylinteri,Jarrusylinteri CITRO\u00cbN,PEUGEOT,C2 JM_,C3 I FC_,SAXO S0, S1,XSARA N1,C3 Pluriel HB_,XSARA Break N2<\/p>\n","protected":false},"featured_media":0,"template":"","meta":{"site-sidebar-layout":"default","site-content-layout":"default","ast-global-header-display":"","ast-main-header-display":"","ast-hfb-above-header-display":"","ast-hfb-below-header-display":"","ast-hfb-mobile-header-display":"","site-post-title":"","ast-breadcrumbs-content":"","ast-featured-img":"","footer-sml-layout":"","theme-transparent-header-meta":"","adv-header-id-meta":"","stick-header-meta":"","header-above-stick-meta":"","header-main-stick-meta":"","header-below-stick-meta":""},"pwb-brand":[238],"product_cat":[158],"product_tag":[],"class_list":{"0":"post-88071","1":"product","2":"type-product","3":"status-publish","5":"pwb-brand-lpr","6":"product_cat-takajarrusylinteri","7":"desktop-align-left","8":"tablet-align-left","9":"mobile-align-left","11":"first","12":"instock","13":"product-type-external"},"brands":[{"id":238,"name":"LPR","slug":"lpr"}],"_links":{"self":[{"href":"https:\/\/www.autonvaraosahaku.fi\/index.php?rest_route=\/wp\/v2\/product\/88071","targetHints":{"allow":["GET"]}}],"collection":[{"href":"https:\/\/www.autonvaraosahaku.fi\/index.php?rest_route=\/wp\/v2\/product"}],"about":[{"href":"https:\/\/www.autonvaraosahaku.fi\/index.php?rest_route=\/wp\/v2\/types\/product"}],"wp:attachment":[{"href":"https:\/\/www.autonvaraosahaku.fi\/index.php?rest_route=%2Fwp%2Fv2%2Fmedia&parent=88071"}],"wp:term":[{"taxonomy":"pwb-brand","embeddable":true,"href":"https:\/\/www.autonvaraosahaku.fi\/index.php?rest_route=%2Fwp%2Fv2%2Fpwb-brand&post=88071"},{"taxonomy":"product_cat","embeddable":true,"href":"https:\/\/www.autonvaraosahaku.fi\/index.php?rest_route=%2Fwp%2Fv2%2Fproduct_cat&post=88071"},{"taxonomy":"product_tag","embeddable":true,"href":"https:\/\/www.autonvaraosahaku.fi\/index.php?rest_route=%2Fwp%2Fv2%2Fproduct_tag&post=88071"}],"curies":[{"name":"wp","href":"https:\/\/api.w.org\/{rel}","templated":true}]}}