{"id":88075,"date":"2021-02-21T20:59:35","date_gmt":"2021-02-21T20:59:35","guid":{"rendered":"https:\/\/www.autonvaraosahaku.fi\/?product=lpr-4682-takajarrusylinteri"},"modified":"2021-02-21T20:59:37","modified_gmt":"2021-02-21T20:59:37","slug":"lpr-4682-takajarrusylinteri","status":"publish","type":"product","link":"https:\/\/www.autonvaraosahaku.fi\/?product=lpr-4682-takajarrusylinteri","title":{"rendered":"LPR 4682 Takajarrusylinteri"},"content":{"rendered":"<p>Materiaali: Valurauta; Kiinnityrreikien et\u00e4isyys [mm]: 36, 36; Kierremitta: 10 x 1; Reik\u00e4-\u00d8 [mm]: 20,64; Jarruj\u00e4rjestelm\u00e4: Bendix; Valmistusvuoteen: 04\/1994; CITRO\u00cbN: XSARA Break N2,ZX N2,ZX Break N2,XSARA Kasten,XSARA Kasten\/Schr\u00e4gheck; PEUGEOT: 306 Schr\u00e4gheck 7A, 7C, N3, N5,306 Cabriolet 7D, N3, N5,306 Break 7E, N3, N5,306 7B, N3, N5,306 Van N_, 7_,306 Kasten\/Schr\u00e4gheck; 4402A2; Py\u00f6r\u00e4n Jarrusylinteri,Jarrusylinteri<\/p>\n","protected":false},"excerpt":{"rendered":"<p>LPR Takajarrusylinteri 4682 Py\u00f6r\u00e4n Jarrusylinteri,Jarrusylinteri CITRO\u00cbN,PEUGEOT,XSARA Break N2,ZX N2,ZX Break N2,XSARA Kasten,XSARA Kasten\/Schr\u00e4gheck<\/p>\n","protected":false},"featured_media":0,"template":"","meta":{"site-sidebar-layout":"default","site-content-layout":"default","ast-global-header-display":"","ast-main-header-display":"","ast-hfb-above-header-display":"","ast-hfb-below-header-display":"","ast-hfb-mobile-header-display":"","site-post-title":"","ast-breadcrumbs-content":"","ast-featured-img":"","footer-sml-layout":"","theme-transparent-header-meta":"","adv-header-id-meta":"","stick-header-meta":"","header-above-stick-meta":"","header-main-stick-meta":"","header-below-stick-meta":""},"pwb-brand":[238],"product_cat":[158],"product_tag":[],"class_list":{"0":"post-88075","1":"product","2":"type-product","3":"status-publish","5":"pwb-brand-lpr","6":"product_cat-takajarrusylinteri","7":"desktop-align-left","8":"tablet-align-left","9":"mobile-align-left","11":"first","12":"instock","13":"product-type-external"},"brands":[{"id":238,"name":"LPR","slug":"lpr"}],"_links":{"self":[{"href":"https:\/\/www.autonvaraosahaku.fi\/index.php?rest_route=\/wp\/v2\/product\/88075","targetHints":{"allow":["GET"]}}],"collection":[{"href":"https:\/\/www.autonvaraosahaku.fi\/index.php?rest_route=\/wp\/v2\/product"}],"about":[{"href":"https:\/\/www.autonvaraosahaku.fi\/index.php?rest_route=\/wp\/v2\/types\/product"}],"wp:attachment":[{"href":"https:\/\/www.autonvaraosahaku.fi\/index.php?rest_route=%2Fwp%2Fv2%2Fmedia&parent=88075"}],"wp:term":[{"taxonomy":"pwb-brand","embeddable":true,"href":"https:\/\/www.autonvaraosahaku.fi\/index.php?rest_route=%2Fwp%2Fv2%2Fpwb-brand&post=88075"},{"taxonomy":"product_cat","embeddable":true,"href":"https:\/\/www.autonvaraosahaku.fi\/index.php?rest_route=%2Fwp%2Fv2%2Fproduct_cat&post=88075"},{"taxonomy":"product_tag","embeddable":true,"href":"https:\/\/www.autonvaraosahaku.fi\/index.php?rest_route=%2Fwp%2Fv2%2Fproduct_tag&post=88075"}],"curies":[{"name":"wp","href":"https:\/\/api.w.org\/{rel}","templated":true}]}}