{"id":88091,"date":"2021-02-21T20:59:43","date_gmt":"2021-02-21T20:59:43","guid":{"rendered":"https:\/\/www.autonvaraosahaku.fi\/?product=lpr-3706-kytkimen-tyosylinteri"},"modified":"2021-02-21T20:59:44","modified_gmt":"2021-02-21T20:59:44","slug":"lpr-3706-kytkimen-tyosylinteri","status":"publish","type":"product","link":"https:\/\/www.autonvaraosahaku.fi\/?product=lpr-3706-kytkimen-tyosylinteri","title":{"rendered":"LPR 3706 Kytkimen ty\u00f6sylinteri"},"content":{"rendered":"<p>Kiinnityrreikien et\u00e4isyys [mm]: 55,7; Kierremitta: 7\/16 24 UNS; Materiaali: Valurauta; Jarruj\u00e4rjestelm\u00e4: TRW; Reik\u00e4-\u00d8 [mm]: 22,22, 22,22; Valmistusvuoteen: 08\/1996; JEEP: CHEROKEE XJ; 52087507, 52104023, 53001324, 8953001324, CHRRE002; Ty\u00f6sylinteri, Kytkin<\/p>\n","protected":false},"excerpt":{"rendered":"<p>LPR Kytkimen Ty\u00f6sylinteri 3706 Ty\u00f6sylinteri, Kytkin JEEP,CHEROKEE XJ<\/p>\n","protected":false},"featured_media":0,"template":"","meta":{"site-sidebar-layout":"default","site-content-layout":"default","ast-global-header-display":"","ast-main-header-display":"","ast-hfb-above-header-display":"","ast-hfb-below-header-display":"","ast-hfb-mobile-header-display":"","site-post-title":"","ast-breadcrumbs-content":"","ast-featured-img":"","footer-sml-layout":"","theme-transparent-header-meta":"","adv-header-id-meta":"","stick-header-meta":"","header-above-stick-meta":"","header-main-stick-meta":"","header-below-stick-meta":""},"pwb-brand":[238],"product_cat":[310],"product_tag":[],"class_list":{"0":"post-88091","1":"product","2":"type-product","3":"status-publish","5":"pwb-brand-lpr","6":"product_cat-kytkimen-tyosylinteri","7":"desktop-align-left","8":"tablet-align-left","9":"mobile-align-left","11":"first","12":"instock","13":"product-type-external"},"brands":[{"id":238,"name":"LPR","slug":"lpr"}],"_links":{"self":[{"href":"https:\/\/www.autonvaraosahaku.fi\/index.php?rest_route=\/wp\/v2\/product\/88091","targetHints":{"allow":["GET"]}}],"collection":[{"href":"https:\/\/www.autonvaraosahaku.fi\/index.php?rest_route=\/wp\/v2\/product"}],"about":[{"href":"https:\/\/www.autonvaraosahaku.fi\/index.php?rest_route=\/wp\/v2\/types\/product"}],"wp:attachment":[{"href":"https:\/\/www.autonvaraosahaku.fi\/index.php?rest_route=%2Fwp%2Fv2%2Fmedia&parent=88091"}],"wp:term":[{"taxonomy":"pwb-brand","embeddable":true,"href":"https:\/\/www.autonvaraosahaku.fi\/index.php?rest_route=%2Fwp%2Fv2%2Fpwb-brand&post=88091"},{"taxonomy":"product_cat","embeddable":true,"href":"https:\/\/www.autonvaraosahaku.fi\/index.php?rest_route=%2Fwp%2Fv2%2Fproduct_cat&post=88091"},{"taxonomy":"product_tag","embeddable":true,"href":"https:\/\/www.autonvaraosahaku.fi\/index.php?rest_route=%2Fwp%2Fv2%2Fproduct_tag&post=88091"}],"curies":[{"name":"wp","href":"https:\/\/api.w.org\/{rel}","templated":true}]}}