{"id":88097,"date":"2021-02-21T20:59:43","date_gmt":"2021-02-21T20:59:43","guid":{"rendered":"https:\/\/www.autonvaraosahaku.fi\/?product=mapco-6699-jarrupalat"},"modified":"2021-02-21T20:59:46","modified_gmt":"2021-02-21T20:59:46","slug":"mapco-6699-jarrupalat","status":"publish","type":"product","link":"https:\/\/www.autonvaraosahaku.fi\/?product=mapco-6699-jarrupalat","title":{"rendered":"MAPCO 6699 Jarrupalat"},"content":{"rendered":"<p>Jarruj\u00e4rjestelm\u00e4: BREMBO; Asennuspuoli: Etuakseli; Reik\u00e4v\u00e4li 1 [mm]: 1,8; Reik\u00e4v\u00e4li 2 [mm]: 7,1; Paksuus [mm]: 17,7; Leveys (mm): 119,8; Korkeus (mm): 71,7; Korvaava tuote\/korvaava tiedote 2: Huudonvaimennuspellill\u00e4; Kulumisenilmaisimen liitos: Kulumisenilmaisemelle; Paino [kg]: 1,9; Suositellun tarvikkeen tuotenumero: 9623, 9620, 9624, 56803, 56802; Huomioi mitat: ; M\u00e4\u00e4r\u00e4yksikk\u00f6: Akselisarja; Valmistusvuosi alkaen: 08\/1993; MERCEDES-BENZ: C-CLASS W203,E-CLASS W211,C-CLASS T-Model S203,E-CLASS T-Model S211,E-CLASS W212,C-CLASS Coupe CL203,M-CLASS W163,SLK R171,SL R129,CLK C209,S-CLASS W220,CLS C219,SL R230,CLK Cabriolet A209,S-CLASS Coupe C215; 0034205820, 0044200520, 004420052067, 0044209020, 0064203220, A0034205820, A0044200520, A004420052067, A0044209020, A0064203220; Jarrupalasarja,Jarrupala, Levyjarru<\/p>\n","protected":false},"excerpt":{"rendered":"<p>MAPCO Jarrupalat 6699 Jarrupalasarja,Jarrupala, Levyjarru MERCEDES-BENZ,C-CLASS W203,E-CLASS W211,C-CLASS T-Model S203,E-CLASS T-Model S211<\/p>\n","protected":false},"featured_media":0,"template":"","meta":{"site-sidebar-layout":"default","site-content-layout":"default","ast-global-header-display":"","ast-main-header-display":"","ast-hfb-above-header-display":"","ast-hfb-below-header-display":"","ast-hfb-mobile-header-display":"","site-post-title":"","ast-breadcrumbs-content":"","ast-featured-img":"","footer-sml-layout":"","theme-transparent-header-meta":"","adv-header-id-meta":"","stick-header-meta":"","header-above-stick-meta":"","header-main-stick-meta":"","header-below-stick-meta":""},"pwb-brand":[36],"product_cat":[100],"product_tag":[],"class_list":{"0":"post-88097","1":"product","2":"type-product","3":"status-publish","5":"pwb-brand-mapco","6":"product_cat-jarrupalat","7":"desktop-align-left","8":"tablet-align-left","9":"mobile-align-left","11":"first","12":"instock","13":"product-type-external"},"brands":[{"id":36,"name":"MAPCO","slug":"mapco"}],"_links":{"self":[{"href":"https:\/\/www.autonvaraosahaku.fi\/index.php?rest_route=\/wp\/v2\/product\/88097","targetHints":{"allow":["GET"]}}],"collection":[{"href":"https:\/\/www.autonvaraosahaku.fi\/index.php?rest_route=\/wp\/v2\/product"}],"about":[{"href":"https:\/\/www.autonvaraosahaku.fi\/index.php?rest_route=\/wp\/v2\/types\/product"}],"wp:attachment":[{"href":"https:\/\/www.autonvaraosahaku.fi\/index.php?rest_route=%2Fwp%2Fv2%2Fmedia&parent=88097"}],"wp:term":[{"taxonomy":"pwb-brand","embeddable":true,"href":"https:\/\/www.autonvaraosahaku.fi\/index.php?rest_route=%2Fwp%2Fv2%2Fpwb-brand&post=88097"},{"taxonomy":"product_cat","embeddable":true,"href":"https:\/\/www.autonvaraosahaku.fi\/index.php?rest_route=%2Fwp%2Fv2%2Fproduct_cat&post=88097"},{"taxonomy":"product_tag","embeddable":true,"href":"https:\/\/www.autonvaraosahaku.fi\/index.php?rest_route=%2Fwp%2Fv2%2Fproduct_tag&post=88097"}],"curies":[{"name":"wp","href":"https:\/\/api.w.org\/{rel}","templated":true}]}}