{"id":88116,"date":"2021-02-21T20:59:51","date_gmt":"2021-02-21T20:59:51","guid":{"rendered":"https:\/\/www.autonvaraosahaku.fi\/?product=febi-bilstein-22099-muut-luokat"},"modified":"2021-02-21T20:59:53","modified_gmt":"2021-02-21T20:59:53","slug":"febi-bilstein-22099-muut-luokat","status":"publish","type":"product","link":"https:\/\/www.autonvaraosahaku.fi\/?product=febi-bilstein-22099-muut-luokat","title":{"rendered":"FEBI BILSTEIN 22099 Muut luokat"},"content":{"rendered":"<p>Pituus (mm): 110; Sis\u00e4l\u00e4pimitta [mm]: 18,0, 18,0; Paino [kg]: 0,610, 0,610; Erikoisajoneuvo: nicht f\u00fcr Krankenwagen; OPEL: OMEGA A 16_, 17_, 19_,OMEGA B Caravan 21_, 22_, 23_,OMEGA B 25_, 26_, 27_,OMEGA A Caravan 66_, 67_; VAUXHALL: OMEGA B,OMEGA B Estate,CARLTON Mk III; 9195731, 00920352, 00920355, 00920368, 090486012, 0920352, 0920355, 0920368, 90486012, 920352, 920355, 920368, 009195731, 090092805, 090468012, 09195731, 90092805, 90468012, 9195731<\/p>\n","protected":false},"excerpt":{"rendered":"<p>FEBI BILSTEIN K\u00e4\u00e4nt\u00f6varsi 22099  OPEL,VAUXHALL,OMEGA A 16_, 17_, 19_,OMEGA B Caravan 21_, 22_, 23_,OMEGA B 25_, 26_, 27_,OMEGA A Caravan 66_, 67_<\/p>\n","protected":false},"featured_media":0,"template":"","meta":{"site-sidebar-layout":"default","site-content-layout":"default","ast-global-header-display":"","ast-main-header-display":"","ast-hfb-above-header-display":"","ast-hfb-below-header-display":"","ast-hfb-mobile-header-display":"","site-post-title":"","ast-breadcrumbs-content":"","ast-featured-img":"","footer-sml-layout":"","theme-transparent-header-meta":"","adv-header-id-meta":"","stick-header-meta":"","header-above-stick-meta":"","header-main-stick-meta":"","header-below-stick-meta":""},"pwb-brand":[50],"product_cat":[37],"product_tag":[],"class_list":{"0":"post-88116","1":"product","2":"type-product","3":"status-publish","5":"pwb-brand-febi-bilstein","6":"product_cat-muut-luokat","7":"desktop-align-left","8":"tablet-align-left","9":"mobile-align-left","11":"first","12":"instock","13":"product-type-external"},"brands":[{"id":50,"name":"FEBI BILSTEIN","slug":"febi-bilstein"}],"_links":{"self":[{"href":"https:\/\/www.autonvaraosahaku.fi\/index.php?rest_route=\/wp\/v2\/product\/88116","targetHints":{"allow":["GET"]}}],"collection":[{"href":"https:\/\/www.autonvaraosahaku.fi\/index.php?rest_route=\/wp\/v2\/product"}],"about":[{"href":"https:\/\/www.autonvaraosahaku.fi\/index.php?rest_route=\/wp\/v2\/types\/product"}],"wp:attachment":[{"href":"https:\/\/www.autonvaraosahaku.fi\/index.php?rest_route=%2Fwp%2Fv2%2Fmedia&parent=88116"}],"wp:term":[{"taxonomy":"pwb-brand","embeddable":true,"href":"https:\/\/www.autonvaraosahaku.fi\/index.php?rest_route=%2Fwp%2Fv2%2Fpwb-brand&post=88116"},{"taxonomy":"product_cat","embeddable":true,"href":"https:\/\/www.autonvaraosahaku.fi\/index.php?rest_route=%2Fwp%2Fv2%2Fproduct_cat&post=88116"},{"taxonomy":"product_tag","embeddable":true,"href":"https:\/\/www.autonvaraosahaku.fi\/index.php?rest_route=%2Fwp%2Fv2%2Fproduct_tag&post=88116"}],"curies":[{"name":"wp","href":"https:\/\/api.w.org\/{rel}","templated":true}]}}