{"id":88118,"date":"2021-02-21T20:59:51","date_gmt":"2021-02-21T20:59:51","guid":{"rendered":"https:\/\/www.autonvaraosahaku.fi\/?product=vaico-v22-50006-vesipumppu"},"modified":"2021-02-21T20:59:54","modified_gmt":"2021-02-21T20:59:54","slug":"vaico-v22-50006-vesipumppu","status":"publish","type":"product","link":"https:\/\/www.autonvaraosahaku.fi\/?product=vaico-v22-50006-vesipumppu","title":{"rendered":"VAICO V22-50006 Vesipumppu"},"content":{"rendered":"<p>Hammasluku: 18; L\u00e4mmityslaite \/ j\u00e4\u00e4hdytys: Metallisiipipy\u00f6r\u00e4; Lis\u00e4tarvike\/lis\u00e4tieto: Tiivisteill\u00e4; K\u00e4ytt\u00f6: Mekaaninen; Paino [kg]: 0,647; Pakkausleveys [cm]: 12,9; Pakkauskorkeus [mm]: 11,3; Pakkaussyvyys [cm]: 14,8; lis\u00e4tieto: CST99; Moottorinumerosta: 3762434; FIAT: QUBO 225,FIORINO Kasten\/Kombi 225; CITRO\u00cbN: BERLINGO MF,C2 JM_,C3 I FC_,SAXO S0, S1,BERLINGO Kasten M_,C3 II,XSARA N1,C3 Pluriel HB_,XSARA Break N2,XSARA Coupe N0,NEMO Kasten AA_,NEMO Kombi,XSARA Kasten; PEUGEOT: 206 Schr\u00e4gheck 2A\/C,207 WA_, WC_,307 SW 3H,307 3A\/C,207 SW WK_,206 SW 2E\/K,106 II 1,206+ T3E,307 Break 3E,306 Schr\u00e4gheck 7A, 7C, N3, N5,1007 KM_,PARTNER Combispace 5F,PARTNER Kasten 5,306 Break 7E, N3, N5,306 7B, N3, N5,207 Stufenheck,206 Stufenheck,BIPPER AA_,BIPPER Tepee,206 Van,306 Van N_, 7_,207 Van; 1201G0, 1609417080, 9631152480, 9631169188, 1201G0, 9631152480<\/p>\n","protected":false},"excerpt":{"rendered":"<p>VAICO Vesipumppu V22-50006  FIAT,CITRO\u00cbN,PEUGEOT,QUBO 225,FIORINO Kasten\/Kombi 225,BERLINGO MF,C2 JM_,C3 I FC_,SAXO S0, S1,BERLINGO Kasten M_,C3 II<\/p>\n","protected":false},"featured_media":0,"template":"","meta":{"site-sidebar-layout":"default","site-content-layout":"default","ast-global-header-display":"","ast-main-header-display":"","ast-hfb-above-header-display":"","ast-hfb-below-header-display":"","ast-hfb-mobile-header-display":"","site-post-title":"","ast-breadcrumbs-content":"","ast-featured-img":"","footer-sml-layout":"","theme-transparent-header-meta":"","adv-header-id-meta":"","stick-header-meta":"","header-above-stick-meta":"","header-main-stick-meta":"","header-below-stick-meta":""},"pwb-brand":[330],"product_cat":[279],"product_tag":[],"class_list":{"0":"post-88118","1":"product","2":"type-product","3":"status-publish","5":"pwb-brand-vaico","6":"product_cat-vesipumppu","7":"desktop-align-left","8":"tablet-align-left","9":"mobile-align-left","11":"first","12":"instock","13":"product-type-external"},"brands":[{"id":330,"name":"VAICO","slug":"vaico"}],"_links":{"self":[{"href":"https:\/\/www.autonvaraosahaku.fi\/index.php?rest_route=\/wp\/v2\/product\/88118","targetHints":{"allow":["GET"]}}],"collection":[{"href":"https:\/\/www.autonvaraosahaku.fi\/index.php?rest_route=\/wp\/v2\/product"}],"about":[{"href":"https:\/\/www.autonvaraosahaku.fi\/index.php?rest_route=\/wp\/v2\/types\/product"}],"wp:attachment":[{"href":"https:\/\/www.autonvaraosahaku.fi\/index.php?rest_route=%2Fwp%2Fv2%2Fmedia&parent=88118"}],"wp:term":[{"taxonomy":"pwb-brand","embeddable":true,"href":"https:\/\/www.autonvaraosahaku.fi\/index.php?rest_route=%2Fwp%2Fv2%2Fpwb-brand&post=88118"},{"taxonomy":"product_cat","embeddable":true,"href":"https:\/\/www.autonvaraosahaku.fi\/index.php?rest_route=%2Fwp%2Fv2%2Fproduct_cat&post=88118"},{"taxonomy":"product_tag","embeddable":true,"href":"https:\/\/www.autonvaraosahaku.fi\/index.php?rest_route=%2Fwp%2Fv2%2Fproduct_tag&post=88118"}],"curies":[{"name":"wp","href":"https:\/\/api.w.org\/{rel}","templated":true}]}}