{"id":88133,"date":"2021-02-21T20:59:59","date_gmt":"2021-02-21T20:59:59","guid":{"rendered":"https:\/\/www.autonvaraosahaku.fi\/?product=corteco-19027628b-nokka-akselin-tiiviste"},"modified":"2021-02-21T21:00:01","modified_gmt":"2021-02-21T21:00:01","slug":"corteco-19027628b-nokka-akselin-tiiviste","status":"publish","type":"product","link":"https:\/\/www.autonvaraosahaku.fi\/?product=corteco-19027628b-nokka-akselin-tiiviste","title":{"rendered":"CORTECO 19027628B Nokka akselin tiiviste"},"content":{"rendered":"<p>Sis\u00e4l\u00e4pimitta 1 [mm]: 30; Ulkol\u00e4pimitta 1 [mm]: 40; Korkeus 1 (mm): 7; Materiaali: FPM (fluori-kumi); Suojavaippa: Suojakumilla; Rihlamalli: Oikea kierre; Moottorinumero: M 119.974; MERCEDES-BENZ: 190 W201,Stufenheck W124,SL R129,S-CLASS W126,KOMBI Kombi S124,E-CLASS W124,G-CLASS W463,COUPE C124,S-CLASS W140,E-CLASS Kombi S124,S-CLASS Coupe C140,CABRIOLET A124,G-CLASS Cabrio W463; RENAULT: ESPACE III JE0_,MEGANE Scenic JA0\/1_,MEGANE I BA0\/1_,LAGUNA I B56_, 556_,CLIO I B\/C57_, 5\/357_,ESPACE II J\/S63_,SUPER 5 B\/C40_,19 I B\/C53_,TRAFIC Kasten TXX,9 L42_,SAFRANE I B54_,ESPACE I J11_,11 B\/C37_,21 Stufenheck L48_,25 B29_,MASTER I Kasten T__,18 134_,21 Kombi K48_,FUEGO 136_,21 B48_,20 127_,TRAFIC Pritsche\/Fahrgestell P6,MASTER I Pritsche\/Fahrgestell P__,TRAFIC Pritsche\/Fahrgestell PXX; VOLVO: V40 Kombi VW,S40 I VS; LAND ROVER: FREELANDER LN,FREELANDER Soft Top; ROVER: 25 RF,200 RF,200 Hatchback XW,100 \/ METRO XP,100 Cabriolet XP; 0K9BV10602A, LUC100290L, 0069975347, 0109976147, 7700619461, 7700719273, 7703087189, LUC100290, 8420818; Akselitiiviste, Nokka-Akseli<\/p>\n","protected":false},"excerpt":{"rendered":"<p>CORTECO Nokka Akselin Tiiviste 19027628B Akselitiiviste, Nokka-Akseli MERCEDES-BENZ,RENAULT,VOLVO,190 W201,Stufenheck W124,SL R129,S-CLASS W126<\/p>\n","protected":false},"featured_media":0,"template":"","meta":{"site-sidebar-layout":"default","site-content-layout":"default","ast-global-header-display":"","ast-main-header-display":"","ast-hfb-above-header-display":"","ast-hfb-below-header-display":"","ast-hfb-mobile-header-display":"","site-post-title":"","ast-breadcrumbs-content":"","ast-featured-img":"","footer-sml-layout":"","theme-transparent-header-meta":"","adv-header-id-meta":"","stick-header-meta":"","header-above-stick-meta":"","header-main-stick-meta":"","header-below-stick-meta":""},"pwb-brand":[53],"product_cat":[122],"product_tag":[],"class_list":{"0":"post-88133","1":"product","2":"type-product","3":"status-publish","5":"pwb-brand-corteco","6":"product_cat-nokka-akselin-tiiviste","7":"desktop-align-left","8":"tablet-align-left","9":"mobile-align-left","11":"first","12":"instock","13":"product-type-external"},"brands":[{"id":53,"name":"CORTECO","slug":"corteco"}],"_links":{"self":[{"href":"https:\/\/www.autonvaraosahaku.fi\/index.php?rest_route=\/wp\/v2\/product\/88133","targetHints":{"allow":["GET"]}}],"collection":[{"href":"https:\/\/www.autonvaraosahaku.fi\/index.php?rest_route=\/wp\/v2\/product"}],"about":[{"href":"https:\/\/www.autonvaraosahaku.fi\/index.php?rest_route=\/wp\/v2\/types\/product"}],"wp:attachment":[{"href":"https:\/\/www.autonvaraosahaku.fi\/index.php?rest_route=%2Fwp%2Fv2%2Fmedia&parent=88133"}],"wp:term":[{"taxonomy":"pwb-brand","embeddable":true,"href":"https:\/\/www.autonvaraosahaku.fi\/index.php?rest_route=%2Fwp%2Fv2%2Fpwb-brand&post=88133"},{"taxonomy":"product_cat","embeddable":true,"href":"https:\/\/www.autonvaraosahaku.fi\/index.php?rest_route=%2Fwp%2Fv2%2Fproduct_cat&post=88133"},{"taxonomy":"product_tag","embeddable":true,"href":"https:\/\/www.autonvaraosahaku.fi\/index.php?rest_route=%2Fwp%2Fv2%2Fproduct_tag&post=88133"}],"curies":[{"name":"wp","href":"https:\/\/api.w.org\/{rel}","templated":true}]}}