{"id":88141,"date":"2021-02-21T20:59:59","date_gmt":"2021-02-21T20:59:59","guid":{"rendered":"https:\/\/www.autonvaraosahaku.fi\/?product=corteco-19016609b-tiivisteet"},"modified":"2021-02-21T21:00:04","modified_gmt":"2021-02-21T21:00:04","slug":"corteco-19016609b-tiivisteet","status":"publish","type":"product","link":"https:\/\/www.autonvaraosahaku.fi\/?product=corteco-19016609b-tiivisteet","title":{"rendered":"CORTECO 19016609B Tiivisteet"},"content":{"rendered":"<p>Sis\u00e4l\u00e4pimitta 1 [mm]: 35; Ulkol\u00e4pimitta 1 [mm]: 50; Korkeus 1 (mm): 11; Materiaali: ACM (polyakryyli-kautsu); Suojavaippa: Suojakumilla; Rihlamalli: Vasen kierre; Asennuspuoli: Ausgang; NISSAN: PICK UP D22,200 SX S13,PICK UP D21,SERENA C23M,280 ZX,ZXT HGS130,VANETTE Bus C22,PICK UP 720,VANETTE Kasten C22,URVAN Bus E24,URVAN Kasten E23,VANETTE Bus KC120,URVAN Kasten E24,URVAN Bus E23; 31336X0101, 32136U0100, 806735070, 806735190, 806735210<\/p>\n","protected":false},"excerpt":{"rendered":"<p>CORTECO Akselitiiviste, Vaihteisto 19016609B  NISSAN,PICK UP D22,200 SX S13,PICK UP D21,SERENA C23M,280 ZX,ZXT HGS130,VANETTE Bus C22,PICK UP 720<\/p>\n","protected":false},"featured_media":0,"template":"","meta":{"site-sidebar-layout":"default","site-content-layout":"default","ast-global-header-display":"","ast-main-header-display":"","ast-hfb-above-header-display":"","ast-hfb-below-header-display":"","ast-hfb-mobile-header-display":"","site-post-title":"","ast-breadcrumbs-content":"","ast-featured-img":"","footer-sml-layout":"","theme-transparent-header-meta":"","adv-header-id-meta":"","stick-header-meta":"","header-above-stick-meta":"","header-main-stick-meta":"","header-below-stick-meta":""},"pwb-brand":[53],"product_cat":[27],"product_tag":[],"class_list":{"0":"post-88141","1":"product","2":"type-product","3":"status-publish","5":"pwb-brand-corteco","6":"product_cat-tiivisteet","7":"desktop-align-left","8":"tablet-align-left","9":"mobile-align-left","11":"first","12":"instock","13":"product-type-external"},"brands":[{"id":53,"name":"CORTECO","slug":"corteco"}],"_links":{"self":[{"href":"https:\/\/www.autonvaraosahaku.fi\/index.php?rest_route=\/wp\/v2\/product\/88141","targetHints":{"allow":["GET"]}}],"collection":[{"href":"https:\/\/www.autonvaraosahaku.fi\/index.php?rest_route=\/wp\/v2\/product"}],"about":[{"href":"https:\/\/www.autonvaraosahaku.fi\/index.php?rest_route=\/wp\/v2\/types\/product"}],"wp:attachment":[{"href":"https:\/\/www.autonvaraosahaku.fi\/index.php?rest_route=%2Fwp%2Fv2%2Fmedia&parent=88141"}],"wp:term":[{"taxonomy":"pwb-brand","embeddable":true,"href":"https:\/\/www.autonvaraosahaku.fi\/index.php?rest_route=%2Fwp%2Fv2%2Fpwb-brand&post=88141"},{"taxonomy":"product_cat","embeddable":true,"href":"https:\/\/www.autonvaraosahaku.fi\/index.php?rest_route=%2Fwp%2Fv2%2Fproduct_cat&post=88141"},{"taxonomy":"product_tag","embeddable":true,"href":"https:\/\/www.autonvaraosahaku.fi\/index.php?rest_route=%2Fwp%2Fv2%2Fproduct_tag&post=88141"}],"curies":[{"name":"wp","href":"https:\/\/api.w.org\/{rel}","templated":true}]}}