{"id":88142,"date":"2021-02-21T20:59:59","date_gmt":"2021-02-21T20:59:59","guid":{"rendered":"https:\/\/www.autonvaraosahaku.fi\/?product=mapco-60503-ilmansuodatin"},"modified":"2021-02-21T21:00:05","modified_gmt":"2021-02-21T21:00:05","slug":"mapco-60503-ilmansuodatin","status":"publish","type":"product","link":"https:\/\/www.autonvaraosahaku.fi\/?product=mapco-60503-ilmansuodatin","title":{"rendered":"MAPCO 60503 Ilmansuodatin"},"content":{"rendered":"<p>Suodatintyyppi: Suodatinpanos; Ulkol\u00e4pimitta [mm]: 206; Sis\u00e4l\u00e4pimitta [mm]: 111; Korkeus (mm): 175; Muoto: Py\u00f6re\u00e4; Valmistusvuosi alkaen: 07\/1986; KIA: JOICE; HYUNDAI: GALLOPER II JK-01,SONATA IV EF,H-1 Kasten,H-1 \/ STAREX,SANTAMO,SONATA III Y-3,GALLOPER I,PONY X-2,LANTRA I J-1,S COUPE SLC,PONY \/ EXCEL Stufenheck X-2,SONATA II Y-2,PONY; MITSUBISHI: ECLIPSE I D2_A,PAJERO I L04_G, L14_G,COLT III C5_A,GALLOPER JK-01,GALANT IV E3_A,LANCER V CB\/D_A,GALANT IV Stufenheck E3_A,LANCER IV C6_A, C7_A,COLT II C1_A,LANCER III Station Wagon C1_V, C3_V,GALANT III E1_A,LANCER IV Stufenheck C6_A,SANTAMO,SPACE WAGON D0_V\/W,SAPPORO III E16A; 2811332510, 2811332510, MD603932, MD620385, MR571477, MZ311788, XD603932<\/p>\n","protected":false},"excerpt":{"rendered":"<p>MAPCO Ilmansuodatin 60503  KIA,HYUNDAI,MITSUBISHI,JOICE,GALLOPER II JK-01,SONATA IV EF,H-1 Kasten,H-1 \/ STAREX,SANTAMO,SONATA III Y-3,GALLOPER I<\/p>\n","protected":false},"featured_media":0,"template":"","meta":{"site-sidebar-layout":"default","site-content-layout":"default","ast-global-header-display":"","ast-main-header-display":"","ast-hfb-above-header-display":"","ast-hfb-below-header-display":"","ast-hfb-mobile-header-display":"","site-post-title":"","ast-breadcrumbs-content":"","ast-featured-img":"","footer-sml-layout":"","theme-transparent-header-meta":"","adv-header-id-meta":"","stick-header-meta":"","header-above-stick-meta":"","header-main-stick-meta":"","header-below-stick-meta":""},"pwb-brand":[36],"product_cat":[31],"product_tag":[],"class_list":{"0":"post-88142","1":"product","2":"type-product","3":"status-publish","5":"pwb-brand-mapco","6":"product_cat-ilmansuodatin","7":"desktop-align-left","8":"tablet-align-left","9":"mobile-align-left","11":"first","12":"instock","13":"product-type-external"},"brands":[{"id":36,"name":"MAPCO","slug":"mapco"}],"_links":{"self":[{"href":"https:\/\/www.autonvaraosahaku.fi\/index.php?rest_route=\/wp\/v2\/product\/88142","targetHints":{"allow":["GET"]}}],"collection":[{"href":"https:\/\/www.autonvaraosahaku.fi\/index.php?rest_route=\/wp\/v2\/product"}],"about":[{"href":"https:\/\/www.autonvaraosahaku.fi\/index.php?rest_route=\/wp\/v2\/types\/product"}],"wp:attachment":[{"href":"https:\/\/www.autonvaraosahaku.fi\/index.php?rest_route=%2Fwp%2Fv2%2Fmedia&parent=88142"}],"wp:term":[{"taxonomy":"pwb-brand","embeddable":true,"href":"https:\/\/www.autonvaraosahaku.fi\/index.php?rest_route=%2Fwp%2Fv2%2Fpwb-brand&post=88142"},{"taxonomy":"product_cat","embeddable":true,"href":"https:\/\/www.autonvaraosahaku.fi\/index.php?rest_route=%2Fwp%2Fv2%2Fproduct_cat&post=88142"},{"taxonomy":"product_tag","embeddable":true,"href":"https:\/\/www.autonvaraosahaku.fi\/index.php?rest_route=%2Fwp%2Fv2%2Fproduct_tag&post=88142"}],"curies":[{"name":"wp","href":"https:\/\/api.w.org\/{rel}","templated":true}]}}