{"id":88146,"date":"2021-02-21T20:59:59","date_gmt":"2021-02-21T20:59:59","guid":{"rendered":"https:\/\/www.autonvaraosahaku.fi\/?product=mapco-51619-raidetangon-paa"},"modified":"2021-02-21T21:00:06","modified_gmt":"2021-02-21T21:00:06","slug":"mapco-51619-raidetangon-paa","status":"publish","type":"product","link":"https:\/\/www.autonvaraosahaku.fi\/?product=mapco-51619-raidetangon-paa","title":{"rendered":"MAPCO 51619 Raidetangon p\u00e4\u00e4"},"content":{"rendered":"<p>Asennuspuoli: Etuakseli, vasen; Kartiomitta (mm): 16,7; Sis\u00e4kierre (mm): M18x1,5; Ulkokierre [mm]: M14x1,5; Pituus (mm): 110; parilliset tuotenumerot: 51620; Tarvittava kappalem\u00e4\u00e4r\u00e4: 1; LAND ROVER: FREELANDER 2 FA_; VOLVO: XC60,V70 III BW,V60,XC70 II,S80 II AS,S60 II; FORD: MONDEO IV Turnier BA7,S-MAX WA6,GALAXY WA6,MONDEO IV BA7,MONDEO IV Stufenheck BA7; 1433274, 6G913290AA, LR002610, 30776249, 31280000, 31302344<\/p>\n","protected":false},"excerpt":{"rendered":"<p>MAPCO Raidetangon P\u00e4\u00e4 51619  LAND ROVER,VOLVO,FORD,FREELANDER 2 FA_,XC60,V70 III BW,V60,XC70 II,S80 II AS,S60 II,MONDEO IV Turnier BA7,S-MAX WA6<\/p>\n","protected":false},"featured_media":0,"template":"","meta":{"site-sidebar-layout":"default","site-content-layout":"default","ast-global-header-display":"","ast-main-header-display":"","ast-hfb-above-header-display":"","ast-hfb-below-header-display":"","ast-hfb-mobile-header-display":"","site-post-title":"","ast-breadcrumbs-content":"","ast-featured-img":"","footer-sml-layout":"","theme-transparent-header-meta":"","adv-header-id-meta":"","stick-header-meta":"","header-above-stick-meta":"","header-main-stick-meta":"","header-below-stick-meta":""},"pwb-brand":[36],"product_cat":[96],"product_tag":[],"class_list":{"0":"post-88146","1":"product","2":"type-product","3":"status-publish","5":"pwb-brand-mapco","6":"product_cat-raidetangon-paa","7":"desktop-align-left","8":"tablet-align-left","9":"mobile-align-left","11":"first","12":"instock","13":"product-type-external"},"brands":[{"id":36,"name":"MAPCO","slug":"mapco"}],"_links":{"self":[{"href":"https:\/\/www.autonvaraosahaku.fi\/index.php?rest_route=\/wp\/v2\/product\/88146","targetHints":{"allow":["GET"]}}],"collection":[{"href":"https:\/\/www.autonvaraosahaku.fi\/index.php?rest_route=\/wp\/v2\/product"}],"about":[{"href":"https:\/\/www.autonvaraosahaku.fi\/index.php?rest_route=\/wp\/v2\/types\/product"}],"wp:attachment":[{"href":"https:\/\/www.autonvaraosahaku.fi\/index.php?rest_route=%2Fwp%2Fv2%2Fmedia&parent=88146"}],"wp:term":[{"taxonomy":"pwb-brand","embeddable":true,"href":"https:\/\/www.autonvaraosahaku.fi\/index.php?rest_route=%2Fwp%2Fv2%2Fpwb-brand&post=88146"},{"taxonomy":"product_cat","embeddable":true,"href":"https:\/\/www.autonvaraosahaku.fi\/index.php?rest_route=%2Fwp%2Fv2%2Fproduct_cat&post=88146"},{"taxonomy":"product_tag","embeddable":true,"href":"https:\/\/www.autonvaraosahaku.fi\/index.php?rest_route=%2Fwp%2Fv2%2Fproduct_tag&post=88146"}],"curies":[{"name":"wp","href":"https:\/\/api.w.org\/{rel}","templated":true}]}}