{"id":88164,"date":"2021-02-21T21:00:09","date_gmt":"2021-02-21T21:00:09","guid":{"rendered":"https:\/\/www.autonvaraosahaku.fi\/?product=corteco-12010693b-kampiakselin-tiiviste"},"modified":"2021-02-21T21:00:15","modified_gmt":"2021-02-21T21:00:15","slug":"corteco-12010693b-kampiakselin-tiiviste","status":"publish","type":"product","link":"https:\/\/www.autonvaraosahaku.fi\/?product=corteco-12010693b-kampiakselin-tiiviste","title":{"rendered":"CORTECO 12010693B Kampiakselin tiiviste"},"content":{"rendered":"<p>Asennuspuoli: Vaihteiston puoli; Sis\u00e4l\u00e4pimitta 1 [mm]: 54; Ulkol\u00e4pimitta 1 [mm]: 82; Korkeus 1 (mm): 11,45; Materiaali: ACM (polyakryyli-kautsu); Rihlamalli: Vasen kierre; Moottorinumero: 10S; MERCEDES-BENZ: 190 W201,Stufenheck W124,SL R129,Stufenheck W123,KOMBI Kombi S124,E-CLASS Kombi S124,S-CLASS Coupe C126,KOMBI Kombi S123; BMW: 3 E36; OPEL: VECTRA A 86_, 87_,KADETT E CC 33_, 34_, 43_, 44_,CORSA A CC 93_, 94_, 98_, 99_,KADETT C Coupe,MANTA B 58_, 59_,KADETT B,KADETT C,ASCONA B 81_, 86_, 87_, 88_,MANTA A 58_, 59_,CORSA A TR 91_, 92_, 96_, 97_,KADETT D 31_-34_, 41_-44_,KADETT E 39_, 49_,KADETT B Coupe,KADETT E Caravan 35_, 36_, 45_, 46_,ASCONA A 81_, 86_, 87_, 88_,KADETT C City,KADETT A,REKORD E Caravan 61_, 66_, 67_,KADETT D 32_,37_,39, _42,KADETT C Caravan,KADETT B Caravan,KADETT A Coupe,KADETT D Caravan 35_, 36_, 45_, 46_,CORSA A Kasten,KADETT E Kasten 37_, 47_,OLYMPIA A Coupe,KADETT A Caravan,OLYMPIA A; FORD: ORION II AFF; RENAULT: 19 II Chamade L53_; TOYOTA: CRESSIDA Stufenheck RX3_; VOLVO: 940 944; ALFA ROMEO: GT; PORSCHE: 911 964; ROVER: 800 XS; 614808, 614814, 614818, 614814; Akselitiiviste, Kampiakseli<\/p>\n","protected":false},"excerpt":{"rendered":"<p>CORTECO Kampiakselin Tiiviste 12010693B Akselitiiviste, Kampiakseli MERCEDES-BENZ,BMW,OPEL,190 W201,Stufenheck W124,SL R129,Stufenheck W123<\/p>\n","protected":false},"featured_media":0,"template":"","meta":{"site-sidebar-layout":"default","site-content-layout":"default","ast-global-header-display":"","ast-main-header-display":"","ast-hfb-above-header-display":"","ast-hfb-below-header-display":"","ast-hfb-mobile-header-display":"","site-post-title":"","ast-breadcrumbs-content":"","ast-featured-img":"","footer-sml-layout":"","theme-transparent-header-meta":"","adv-header-id-meta":"","stick-header-meta":"","header-above-stick-meta":"","header-main-stick-meta":"","header-below-stick-meta":""},"pwb-brand":[53],"product_cat":[88],"product_tag":[],"class_list":{"0":"post-88164","1":"product","2":"type-product","3":"status-publish","5":"pwb-brand-corteco","6":"product_cat-kampiakselin-tiiviste","7":"desktop-align-left","8":"tablet-align-left","9":"mobile-align-left","11":"first","12":"instock","13":"product-type-external"},"brands":[{"id":53,"name":"CORTECO","slug":"corteco"}],"_links":{"self":[{"href":"https:\/\/www.autonvaraosahaku.fi\/index.php?rest_route=\/wp\/v2\/product\/88164","targetHints":{"allow":["GET"]}}],"collection":[{"href":"https:\/\/www.autonvaraosahaku.fi\/index.php?rest_route=\/wp\/v2\/product"}],"about":[{"href":"https:\/\/www.autonvaraosahaku.fi\/index.php?rest_route=\/wp\/v2\/types\/product"}],"wp:attachment":[{"href":"https:\/\/www.autonvaraosahaku.fi\/index.php?rest_route=%2Fwp%2Fv2%2Fmedia&parent=88164"}],"wp:term":[{"taxonomy":"pwb-brand","embeddable":true,"href":"https:\/\/www.autonvaraosahaku.fi\/index.php?rest_route=%2Fwp%2Fv2%2Fpwb-brand&post=88164"},{"taxonomy":"product_cat","embeddable":true,"href":"https:\/\/www.autonvaraosahaku.fi\/index.php?rest_route=%2Fwp%2Fv2%2Fproduct_cat&post=88164"},{"taxonomy":"product_tag","embeddable":true,"href":"https:\/\/www.autonvaraosahaku.fi\/index.php?rest_route=%2Fwp%2Fv2%2Fproduct_tag&post=88164"}],"curies":[{"name":"wp","href":"https:\/\/api.w.org\/{rel}","templated":true}]}}