{"id":88185,"date":"2021-02-21T21:00:18","date_gmt":"2021-02-21T21:00:18","guid":{"rendered":"https:\/\/www.autonvaraosahaku.fi\/?product=vaico-v42-0073-alatukivarsi"},"modified":"2021-02-21T21:00:27","modified_gmt":"2021-02-21T21:00:27","slug":"vaico-v42-0073-alatukivarsi","status":"publish","type":"product","link":"https:\/\/www.autonvaraosahaku.fi\/?product=vaico-v42-0073-alatukivarsi","title":{"rendered":"VAICO V42-0073 Alatukivarsi"},"content":{"rendered":"<p>Ohjausmalli: Poikittaistukivarsi; Asennuspuoli: Vasen, Etuakseli, ala; Akselimittaus asennuksen j\u00e4lkeen: ; Suositellun erikoisty\u00f6kalun tuotenumero: V99-1020; parilliset tuotenumerot: V42-0072; Paino [kg]: 4,25; Pakkausleveys [cm]: 37,2; Pakkauskorkeus [mm]: 6,5; Pakkaussyvyys [cm]: 36; lis\u00e4tieto: CST99; Organisaationumeroon: 09189; PEUGEOT: 206 Schr\u00e4gheck 2A\/C,206 CC 2D,206 SW 2E\/K,206+ T3E,206 Stufenheck,206 Van; 3520H7, 3520P2, 3520V6; Tukivarsi,Tukivarsi, Py\u00f6r\u00e4ntuenta<\/p>\n","protected":false},"excerpt":{"rendered":"<p>VAICO Alatukivarsi V42-0073 Tukivarsi,Tukivarsi, Py\u00f6r\u00e4ntuenta PEUGEOT,206 Schr\u00e4gheck 2A\/C,206 CC 2D,206 SW 2E\/K,206+ T3E,206 Stufenheck,206 Van<\/p>\n","protected":false},"featured_media":0,"template":"","meta":{"site-sidebar-layout":"default","site-content-layout":"default","ast-global-header-display":"","ast-main-header-display":"","ast-hfb-above-header-display":"","ast-hfb-below-header-display":"","ast-hfb-mobile-header-display":"","site-post-title":"","ast-breadcrumbs-content":"","ast-featured-img":"","footer-sml-layout":"","theme-transparent-header-meta":"","adv-header-id-meta":"","stick-header-meta":"","header-above-stick-meta":"","header-main-stick-meta":"","header-below-stick-meta":""},"pwb-brand":[330],"product_cat":[62],"product_tag":[],"class_list":{"0":"post-88185","1":"product","2":"type-product","3":"status-publish","5":"pwb-brand-vaico","6":"product_cat-alatukivarsi","7":"desktop-align-left","8":"tablet-align-left","9":"mobile-align-left","11":"first","12":"instock","13":"product-type-external"},"brands":[{"id":330,"name":"VAICO","slug":"vaico"}],"_links":{"self":[{"href":"https:\/\/www.autonvaraosahaku.fi\/index.php?rest_route=\/wp\/v2\/product\/88185","targetHints":{"allow":["GET"]}}],"collection":[{"href":"https:\/\/www.autonvaraosahaku.fi\/index.php?rest_route=\/wp\/v2\/product"}],"about":[{"href":"https:\/\/www.autonvaraosahaku.fi\/index.php?rest_route=\/wp\/v2\/types\/product"}],"wp:attachment":[{"href":"https:\/\/www.autonvaraosahaku.fi\/index.php?rest_route=%2Fwp%2Fv2%2Fmedia&parent=88185"}],"wp:term":[{"taxonomy":"pwb-brand","embeddable":true,"href":"https:\/\/www.autonvaraosahaku.fi\/index.php?rest_route=%2Fwp%2Fv2%2Fpwb-brand&post=88185"},{"taxonomy":"product_cat","embeddable":true,"href":"https:\/\/www.autonvaraosahaku.fi\/index.php?rest_route=%2Fwp%2Fv2%2Fproduct_cat&post=88185"},{"taxonomy":"product_tag","embeddable":true,"href":"https:\/\/www.autonvaraosahaku.fi\/index.php?rest_route=%2Fwp%2Fv2%2Fproduct_tag&post=88185"}],"curies":[{"name":"wp","href":"https:\/\/api.w.org\/{rel}","templated":true}]}}