{"id":88234,"date":"2021-02-21T21:00:47","date_gmt":"2021-02-21T21:00:47","guid":{"rendered":"https:\/\/www.autonvaraosahaku.fi\/?product=corteco-016267b-kannen-pultit"},"modified":"2021-02-21T21:00:49","modified_gmt":"2021-02-21T21:00:49","slug":"corteco-016267b-kannen-pultit","status":"publish","type":"product","link":"https:\/\/www.autonvaraosahaku.fi\/?product=corteco-016267b-kannen-pultit","title":{"rendered":"CORTECO 016267B Kannen pultit"},"content":{"rendered":"<p>Kierremitta: M10; Kierrenousu 1 [mm]: 1,50; Pituus (mm): 143; M\u00e4\u00e4r\u00e4: 10; Ruuvikanta\/mutteriprofiili: Polydrive; TECDOC-moottorinumero: 12069; FORD: FIESTA V JH_, JD_,MONDEO III Kombi BWY,FOCUS II Kombi DA_,FIESTA VI,MONDEO IV Turnier BA7,FOCUS Kombi DNW,FOCUS II DA_,FOCUS DAW, DBW,FOCUS C-MAX,FIESTA IV JA_, JB_,FUSION JU_,C-MAX DM2,MONDEO IV BA7,FOCUS Stufenheck DFW,FOCUS II Stufenheck DA_,FOCUS II Cabriolet,PUMA EC_,MONDEO IV Stufenheck BA7,FIESTA VI Van,FIESTA Kasten J5_, J3_; MAZDA: 2 DY,MX-5 III NC,121 III JASM, JBSM; VOLVO: V50 MW,C30,S40 II MS; 1072042, 1102782, 1102783&#215;10, C40110135, 30711635; Sylinterikannen Pultit,Syl.Kannen Pulttisarja<\/p>\n","protected":false},"excerpt":{"rendered":"<p>CORTECO Kannen Pultit 016267B Sylinterikannen Pultit,Syl.Kannen Pulttisarja FORD,MAZDA,VOLVO,FIESTA V JH_, JD_,MONDEO III Kombi BWY,FOCUS II Kombi DA_<\/p>\n","protected":false},"featured_media":0,"template":"","meta":{"site-sidebar-layout":"default","site-content-layout":"default","ast-global-header-display":"","ast-main-header-display":"","ast-hfb-above-header-display":"","ast-hfb-below-header-display":"","ast-hfb-mobile-header-display":"","site-post-title":"","ast-breadcrumbs-content":"","ast-featured-img":"","footer-sml-layout":"","theme-transparent-header-meta":"","adv-header-id-meta":"","stick-header-meta":"","header-above-stick-meta":"","header-main-stick-meta":"","header-below-stick-meta":""},"pwb-brand":[53],"product_cat":[67],"product_tag":[],"class_list":{"0":"post-88234","1":"product","2":"type-product","3":"status-publish","5":"pwb-brand-corteco","6":"product_cat-kannen-pultit","7":"desktop-align-left","8":"tablet-align-left","9":"mobile-align-left","11":"first","12":"instock","13":"product-type-external"},"brands":[{"id":53,"name":"CORTECO","slug":"corteco"}],"_links":{"self":[{"href":"https:\/\/www.autonvaraosahaku.fi\/index.php?rest_route=\/wp\/v2\/product\/88234","targetHints":{"allow":["GET"]}}],"collection":[{"href":"https:\/\/www.autonvaraosahaku.fi\/index.php?rest_route=\/wp\/v2\/product"}],"about":[{"href":"https:\/\/www.autonvaraosahaku.fi\/index.php?rest_route=\/wp\/v2\/types\/product"}],"wp:attachment":[{"href":"https:\/\/www.autonvaraosahaku.fi\/index.php?rest_route=%2Fwp%2Fv2%2Fmedia&parent=88234"}],"wp:term":[{"taxonomy":"pwb-brand","embeddable":true,"href":"https:\/\/www.autonvaraosahaku.fi\/index.php?rest_route=%2Fwp%2Fv2%2Fpwb-brand&post=88234"},{"taxonomy":"product_cat","embeddable":true,"href":"https:\/\/www.autonvaraosahaku.fi\/index.php?rest_route=%2Fwp%2Fv2%2Fproduct_cat&post=88234"},{"taxonomy":"product_tag","embeddable":true,"href":"https:\/\/www.autonvaraosahaku.fi\/index.php?rest_route=%2Fwp%2Fv2%2Fproduct_tag&post=88234"}],"curies":[{"name":"wp","href":"https:\/\/api.w.org\/{rel}","templated":true}]}}