{"id":88235,"date":"2021-02-21T21:00:47","date_gmt":"2021-02-21T21:00:47","guid":{"rendered":"https:\/\/www.autonvaraosahaku.fi\/?product=febi-bilstein-34043-polttoainesuodatin"},"modified":"2021-02-21T21:00:49","modified_gmt":"2021-02-21T21:00:49","slug":"febi-bilstein-34043-polttoainesuodatin","status":"publish","type":"product","link":"https:\/\/www.autonvaraosahaku.fi\/?product=febi-bilstein-34043-polttoainesuodatin","title":{"rendered":"FEBI BILSTEIN 34043 Polttoainesuodatin"},"content":{"rendered":"<p>Suodatintyyppi: Letkusuodatin, Letkusuodatin; Pituus (mm): 117,5; Ulkol\u00e4pimitta [mm]: 62,0; Materiaali: Ter\u00e4s; Putki-\u00d8 (mm): 8; Paino [kg]: 0,181; Huomioi tekniset tiedot: ; NISSAN: MICRA II K11,NAVARA D40,PRIMERA P11,TERRANO II R20,PRIMERA Traveller WP11,PRIMERA Hatchback P11,PATROL GR II Wagon Y61,ALMERA I Hatchback N15,PICK UP D22,NAVARA D22,PATHFINDER R50,ALMERA Mk II N16,200 SX S13,ALMERA I N15,PICK UP D21,100 NX B13,200 SX S14,PRIMERA P10,PATROL Hardtop K160,MAXIMA QX A32,300 ZX Z31,SUNNY II Coupe B12,NP300,SUNNY III N14,VANETTE Bus C22,PULSAR V Schr\u00e4gheck N14,SUNNY III Liftback N14,PRIMERA Hatchback P10,PRIMERA Traveller W10,NAVARA Pritsche\/Fahrgestell D22,PATROL Station Wagon W160,SUNNY II Hatchback N13,NAVARA Pick-up D21,SILVIA S12,BLUEBIRD T72 , T12,LAUREL JC32,SUNNY III Traveller Y10,PICK UP 720,BLUEBIRD Hatchback T72, T12,180 SX Coupe S13,MAXIMA II J30,SUNNY II N13,PRAIRIE PRO M11,NAVARA Pritsche\/Fahrgestell D21,BLUEBIRD U11,PRAIRIE M10, NM10,SUNNY Kasten Y10,SUNNY II Traveller B12,URVAN Bus E24,200 SX S15,BLUEBIRD 910,URVAN Kasten E24,MAXIMA Station Wagon; INFINITI: QX4; OPEL: FRONTERA A Sport 5_SUD2,FRONTERA A 5_MWL4,MONTEREY A UBS_,MONTEREY B; FORD: MAVERICK UDS, UNS; VAUXHALL: FRONTERA Mk I A,MONTEREY,FRONTERA Mk I A Sport; ISUZU: TROOPER,TROOPER Soft Top UBS,TROOPER UB,TROOPER Soft Top; 1952951, 1960297, 1960568, 1640041B00, 8250553640, 8941257840, 1N0513470, 164000W000, 164000W005, 164000W010, 164000W01A, 1640041B00, 1640041B05, 1640041B1A, 164009F900, 16400D0300, 16400F5100, 16400G9601, 16400V2700, A640M41BMOSA, AY505NS001, AY505NS003, 0818500, 0818501, 818500, 818501, 025055364, 025121113, 025121785, 090169150, 25055364, 25121113, 25121785, 90169150<\/p>\n","protected":false},"excerpt":{"rendered":"<p>FEBI BILSTEIN Polttoainesuodatin 34043  NISSAN,INFINITI,OPEL,MICRA II K11,NAVARA D40,PRIMERA P11,TERRANO II R20,PRIMERA Traveller WP11<\/p>\n","protected":false},"featured_media":0,"template":"","meta":{"site-sidebar-layout":"default","site-content-layout":"default","ast-global-header-display":"","ast-main-header-display":"","ast-hfb-above-header-display":"","ast-hfb-below-header-display":"","ast-hfb-mobile-header-display":"","site-post-title":"","ast-breadcrumbs-content":"","ast-featured-img":"","footer-sml-layout":"","theme-transparent-header-meta":"","adv-header-id-meta":"","stick-header-meta":"","header-above-stick-meta":"","header-main-stick-meta":"","header-below-stick-meta":""},"pwb-brand":[50],"product_cat":[29],"product_tag":[],"class_list":{"0":"post-88235","1":"product","2":"type-product","3":"status-publish","5":"pwb-brand-febi-bilstein","6":"product_cat-polttoainesuodatin","7":"desktop-align-left","8":"tablet-align-left","9":"mobile-align-left","11":"first","12":"instock","13":"product-type-external"},"brands":[{"id":50,"name":"FEBI BILSTEIN","slug":"febi-bilstein"}],"_links":{"self":[{"href":"https:\/\/www.autonvaraosahaku.fi\/index.php?rest_route=\/wp\/v2\/product\/88235","targetHints":{"allow":["GET"]}}],"collection":[{"href":"https:\/\/www.autonvaraosahaku.fi\/index.php?rest_route=\/wp\/v2\/product"}],"about":[{"href":"https:\/\/www.autonvaraosahaku.fi\/index.php?rest_route=\/wp\/v2\/types\/product"}],"wp:attachment":[{"href":"https:\/\/www.autonvaraosahaku.fi\/index.php?rest_route=%2Fwp%2Fv2%2Fmedia&parent=88235"}],"wp:term":[{"taxonomy":"pwb-brand","embeddable":true,"href":"https:\/\/www.autonvaraosahaku.fi\/index.php?rest_route=%2Fwp%2Fv2%2Fpwb-brand&post=88235"},{"taxonomy":"product_cat","embeddable":true,"href":"https:\/\/www.autonvaraosahaku.fi\/index.php?rest_route=%2Fwp%2Fv2%2Fproduct_cat&post=88235"},{"taxonomy":"product_tag","embeddable":true,"href":"https:\/\/www.autonvaraosahaku.fi\/index.php?rest_route=%2Fwp%2Fv2%2Fproduct_tag&post=88235"}],"curies":[{"name":"wp","href":"https:\/\/api.w.org\/{rel}","templated":true}]}}