{"id":88261,"date":"2021-02-21T21:00:56","date_gmt":"2021-02-21T21:00:56","guid":{"rendered":"https:\/\/www.autonvaraosahaku.fi\/?product=japanparts-pa-280af-jarrupalat"},"modified":"2021-02-21T21:01:00","modified_gmt":"2021-02-21T21:01:00","slug":"japanparts-pa-280af-jarrupalat","status":"publish","type":"product","link":"https:\/\/www.autonvaraosahaku.fi\/?product=japanparts-pa-280af-jarrupalat","title":{"rendered":"JAPANPARTS PA-280AF Jarrupalat"},"content":{"rendered":"<p>Asennuspuoli: Etuakseli; Jarrutyyppi: Levyjarru; Pituus (mm): 123; Korkeus (mm): 60,4; Paksuus [mm]: 17; WVA-numero: 23585; Tarkistuskilpi: ECE R90 APPROVED; M\u00e4\u00e4r\u00e4yksikk\u00f6: Akselisarja; TOYOTA: RAV 4 II CLA2_, XA2_, ZCA2_, ACA2_; 04465YZZCN, 4465YZZCN, 0446542070, 0446542071, 0446542080, 0446542110, 0446542130, 0446544110, 04465YZZCN; Jarrupalasarja,Jarrupala, Levyjarru<\/p>\n","protected":false},"excerpt":{"rendered":"<p>JAPANPARTS Jarrupalat PA-280AF Jarrupalasarja,Jarrupala, Levyjarru TOYOTA,RAV 4 II CLA2_, XA2_, ZCA2_, ACA2_<\/p>\n","protected":false},"featured_media":0,"template":"","meta":{"site-sidebar-layout":"default","site-content-layout":"default","ast-global-header-display":"","ast-main-header-display":"","ast-hfb-above-header-display":"","ast-hfb-below-header-display":"","ast-hfb-mobile-header-display":"","site-post-title":"","ast-breadcrumbs-content":"","ast-featured-img":"","footer-sml-layout":"","theme-transparent-header-meta":"","adv-header-id-meta":"","stick-header-meta":"","header-above-stick-meta":"","header-main-stick-meta":"","header-below-stick-meta":""},"pwb-brand":[334],"product_cat":[100],"product_tag":[],"class_list":{"0":"post-88261","1":"product","2":"type-product","3":"status-publish","5":"pwb-brand-japanparts","6":"product_cat-jarrupalat","7":"desktop-align-left","8":"tablet-align-left","9":"mobile-align-left","11":"first","12":"instock","13":"product-type-external"},"brands":[{"id":334,"name":"JAPANPARTS","slug":"japanparts"}],"_links":{"self":[{"href":"https:\/\/www.autonvaraosahaku.fi\/index.php?rest_route=\/wp\/v2\/product\/88261","targetHints":{"allow":["GET"]}}],"collection":[{"href":"https:\/\/www.autonvaraosahaku.fi\/index.php?rest_route=\/wp\/v2\/product"}],"about":[{"href":"https:\/\/www.autonvaraosahaku.fi\/index.php?rest_route=\/wp\/v2\/types\/product"}],"wp:attachment":[{"href":"https:\/\/www.autonvaraosahaku.fi\/index.php?rest_route=%2Fwp%2Fv2%2Fmedia&parent=88261"}],"wp:term":[{"taxonomy":"pwb-brand","embeddable":true,"href":"https:\/\/www.autonvaraosahaku.fi\/index.php?rest_route=%2Fwp%2Fv2%2Fpwb-brand&post=88261"},{"taxonomy":"product_cat","embeddable":true,"href":"https:\/\/www.autonvaraosahaku.fi\/index.php?rest_route=%2Fwp%2Fv2%2Fproduct_cat&post=88261"},{"taxonomy":"product_tag","embeddable":true,"href":"https:\/\/www.autonvaraosahaku.fi\/index.php?rest_route=%2Fwp%2Fv2%2Fproduct_tag&post=88261"}],"curies":[{"name":"wp","href":"https:\/\/api.w.org\/{rel}","templated":true}]}}