{"id":88265,"date":"2021-02-21T21:00:56","date_gmt":"2021-02-21T21:00:56","guid":{"rendered":"https:\/\/www.autonvaraosahaku.fi\/?product=japanparts-kk-18010-pyoranlaakerit"},"modified":"2021-02-21T21:01:01","modified_gmt":"2021-02-21T21:01:01","slug":"japanparts-kk-18010-pyoranlaakerit","status":"publish","type":"product","link":"https:\/\/www.autonvaraosahaku.fi\/?product=japanparts-kk-18010-pyoranlaakerit","title":{"rendered":"JAPANPARTS KK-18010 Py\u00f6r\u00e4nlaakerit"},"content":{"rendered":"<p>Sis\u00e4l\u00e4pimitta [mm]: 41; Ulkol\u00e4pimitta [mm]: 68; Korkeus (mm): 40; Asennuspuoli: Vorderachse; SUZUKI: GRAND VITARA I FT,VITARA ET, TA,VITARA Cabrio ET, TA,X-90 EL; 0926328030, 0926941001, 0926941001000, 4346285C00, 4346285C00000, 926328030, 926941001; Py\u00f6r\u00e4nlaakerisarja<\/p>\n","protected":false},"excerpt":{"rendered":"<p>JAPANPARTS Py\u00f6r\u00e4nlaakerit KK-18010 Py\u00f6r\u00e4nlaakerisarja SUZUKI,GRAND VITARA I FT,VITARA ET, TA,VITARA Cabrio ET, TA,X-90 EL<\/p>\n","protected":false},"featured_media":0,"template":"","meta":{"site-sidebar-layout":"default","site-content-layout":"default","ast-global-header-display":"","ast-main-header-display":"","ast-hfb-above-header-display":"","ast-hfb-below-header-display":"","ast-hfb-mobile-header-display":"","site-post-title":"","ast-breadcrumbs-content":"","ast-featured-img":"","footer-sml-layout":"","theme-transparent-header-meta":"","adv-header-id-meta":"","stick-header-meta":"","header-above-stick-meta":"","header-main-stick-meta":"","header-below-stick-meta":""},"pwb-brand":[334],"product_cat":[83],"product_tag":[],"class_list":{"0":"post-88265","1":"product","2":"type-product","3":"status-publish","5":"pwb-brand-japanparts","6":"product_cat-pyoranlaakerit","7":"desktop-align-left","8":"tablet-align-left","9":"mobile-align-left","11":"first","12":"instock","13":"product-type-external"},"brands":[{"id":334,"name":"JAPANPARTS","slug":"japanparts"}],"_links":{"self":[{"href":"https:\/\/www.autonvaraosahaku.fi\/index.php?rest_route=\/wp\/v2\/product\/88265","targetHints":{"allow":["GET"]}}],"collection":[{"href":"https:\/\/www.autonvaraosahaku.fi\/index.php?rest_route=\/wp\/v2\/product"}],"about":[{"href":"https:\/\/www.autonvaraosahaku.fi\/index.php?rest_route=\/wp\/v2\/types\/product"}],"wp:attachment":[{"href":"https:\/\/www.autonvaraosahaku.fi\/index.php?rest_route=%2Fwp%2Fv2%2Fmedia&parent=88265"}],"wp:term":[{"taxonomy":"pwb-brand","embeddable":true,"href":"https:\/\/www.autonvaraosahaku.fi\/index.php?rest_route=%2Fwp%2Fv2%2Fpwb-brand&post=88265"},{"taxonomy":"product_cat","embeddable":true,"href":"https:\/\/www.autonvaraosahaku.fi\/index.php?rest_route=%2Fwp%2Fv2%2Fproduct_cat&post=88265"},{"taxonomy":"product_tag","embeddable":true,"href":"https:\/\/www.autonvaraosahaku.fi\/index.php?rest_route=%2Fwp%2Fv2%2Fproduct_tag&post=88265"}],"curies":[{"name":"wp","href":"https:\/\/api.w.org\/{rel}","templated":true}]}}