{"id":88288,"date":"2021-02-21T21:01:04","date_gmt":"2021-02-21T21:01:04","guid":{"rendered":"https:\/\/www.autonvaraosahaku.fi\/?product=vemo-v40-80-2402-kytkin-ohjausakseli"},"modified":"2021-02-21T21:01:10","modified_gmt":"2021-02-21T21:01:10","slug":"vemo-v40-80-2402-kytkin-ohjausakseli","status":"publish","type":"product","link":"https:\/\/www.autonvaraosahaku.fi\/?product=vemo-v40-80-2402-kytkin-ohjausakseli","title":{"rendered":"VEMO V40-80-2402 Kytkin ohjausakseli"},"content":{"rendered":"<p>Yhdistelm\u00e4kytkintoiminto: ilman Boardcomputer-toimintoa, Takaikkunan huuhtelutoiminnolla, Aikav\u00e4li-pyyhint\u00e4, valonpesulla; Paino [kg]: 0,076; Pakkausleveys [cm]: 20,6; Pakkauskorkeus [mm]: 6,5; Pakkaussyvyys [cm]: 6,8; Tuotelinja: Original Quality; Varusteet: f\u00fcr Fahrzeuge ohne Bordcomputer; OPEL: ZAFIRA B A05,ZAFIRA A F75_,ASTRA G CC F48_, F08_,ASTRA G Caravan F35_,CORSA B 73_, 78_, 79_,AGILA A H00,ASTRA F CC 53_, 54_, 58_, 59_,OMEGA B Caravan 21_, 22_, 23_,VECTRA B Caravan 31_,ASTRA G Cabriolet F67,ASTRA F Caravan 51_, 52_,ASTRA G Coupe F07_,ASTRA G Stufenheck F69_,CALIBRA A 85_,VECTRA B CC 38_,ASTRA F 56_, 57_,SINTRA,TIGRA 95_,VECTRA A CC 88_, 89_,COMBO 71_,ASTRA F CLASSIC Caravan,CORSA B Kasten 73_,ASTRA G Kasten F70,ASTRA F Van 55_; VAUXHALL: CALIBRA,ZAFIRA Mk I A F75,ASTRA Mk IV G CC,ASTRA Mk III F CC,CORSA Mk I B,ASTRA Mk IV G Sedan,AGILA Mk I A,VECTRA B CC,VECTRA B Estate,ASTRA Mk III F Estate,ASTRAVAN Mk IV G,ASTRA Mk IV G Coupe F67,CAVALIER Mk III CC,COMBO Mk I B,TIGRA Mk I F07,OMEGA B Estate,ASTRA Mk IV G Convertible,ASTRAVAN Mk III F,ASTRA Mk IV G Estate; 01241132, 1241132, 90243395<\/p>\n","protected":false},"excerpt":{"rendered":"<p>VEMO Kytkin Ohjausakseli V40-80-2402  OPEL,VAUXHALL,ZAFIRA B A05,ZAFIRA A F75_,ASTRA G CC F48_, F08_,ASTRA G Caravan F35_,CORSA B 73_, 78_, 79_<\/p>\n","protected":false},"featured_media":0,"template":"","meta":{"site-sidebar-layout":"default","site-content-layout":"default","ast-global-header-display":"","ast-main-header-display":"","ast-hfb-above-header-display":"","ast-hfb-below-header-display":"","ast-hfb-mobile-header-display":"","site-post-title":"","ast-breadcrumbs-content":"","ast-featured-img":"","footer-sml-layout":"","theme-transparent-header-meta":"","adv-header-id-meta":"","stick-header-meta":"","header-above-stick-meta":"","header-main-stick-meta":"","header-below-stick-meta":""},"pwb-brand":[168],"product_cat":[65],"product_tag":[],"class_list":{"0":"post-88288","1":"product","2":"type-product","3":"status-publish","5":"pwb-brand-vemo","6":"product_cat-kytkin-ohjausakseli","7":"desktop-align-left","8":"tablet-align-left","9":"mobile-align-left","11":"first","12":"instock","13":"product-type-external"},"brands":[{"id":168,"name":"VEMO","slug":"vemo"}],"_links":{"self":[{"href":"https:\/\/www.autonvaraosahaku.fi\/index.php?rest_route=\/wp\/v2\/product\/88288","targetHints":{"allow":["GET"]}}],"collection":[{"href":"https:\/\/www.autonvaraosahaku.fi\/index.php?rest_route=\/wp\/v2\/product"}],"about":[{"href":"https:\/\/www.autonvaraosahaku.fi\/index.php?rest_route=\/wp\/v2\/types\/product"}],"wp:attachment":[{"href":"https:\/\/www.autonvaraosahaku.fi\/index.php?rest_route=%2Fwp%2Fv2%2Fmedia&parent=88288"}],"wp:term":[{"taxonomy":"pwb-brand","embeddable":true,"href":"https:\/\/www.autonvaraosahaku.fi\/index.php?rest_route=%2Fwp%2Fv2%2Fpwb-brand&post=88288"},{"taxonomy":"product_cat","embeddable":true,"href":"https:\/\/www.autonvaraosahaku.fi\/index.php?rest_route=%2Fwp%2Fv2%2Fproduct_cat&post=88288"},{"taxonomy":"product_tag","embeddable":true,"href":"https:\/\/www.autonvaraosahaku.fi\/index.php?rest_route=%2Fwp%2Fv2%2Fproduct_tag&post=88288"}],"curies":[{"name":"wp","href":"https:\/\/api.w.org\/{rel}","templated":true}]}}