{"id":88292,"date":"2021-02-21T21:01:12","date_gmt":"2021-02-21T21:01:12","guid":{"rendered":"https:\/\/www.autonvaraosahaku.fi\/?product=vemo-v40-72-0323-anturit-sensorit"},"modified":"2021-02-21T21:01:13","modified_gmt":"2021-02-21T21:01:13","slug":"vemo-v40-72-0323-anturit-sensorit","status":"publish","type":"product","link":"https:\/\/www.autonvaraosahaku.fi\/?product=vemo-v40-72-0323-anturit-sensorit","title":{"rendered":"VEMO V40-72-0323 Anturit (sensorit)"},"content":{"rendered":"<p>Pituus (mm): 78; Leveys (mm): 50; Korkeus (mm): 30; Paino [kg]: 0,06; Napojen m\u00e4\u00e4r\u00e4: 3; Pakkausleveys [cm]: 4,9, 5; Pakkauskorkeus [mm]: 3, 9,2; Pakkaussyvyys [cm]: 7,8, 9; Tuotelinja: Original Quality; TECDOC-moottorinumero: 4724; DAEWOO: LANOS KLAT,NUBIRA Wagon KLAJ,LANOS Stufenheck KLAT,NUBIRA Stufenheck KLAJ,NUBIRA KLAJ; KIA: PRIDE DA,SEPHIA Stufenheck FA,SEPHIA FA,PRIDE Van DA; HYUNDAI: COUPE GK,ACCENT II LC,COUPE RD,ACCENT I X-3,ACCENT II Stufenheck LC,LANTRA II Wagon J-2,LANTRA II J-2,ACCENT Stufenheck X-3,LANTRA I J-1; VOLVO: V40 Kombi VW,V70 I LV,850 Kombi LW,S40 I VS,850 LS,480 E,440 K 445,S70 LS,460 L 464; OPEL: ZAFIRA A F75_,ASTRA G CC F48_, F08_,OMEGA A 16_, 17_, 19_,ASTRA G Caravan F35_,CORSA B 73_, 78_, 79_,VECTRA B 36_,ASTRA F CC 53_, 54_, 58_, 59_,VECTRA B Caravan 31_,ASTRA F Caravan 51_, 52_,ASTRA G Stufenheck F69_,VECTRA B CC 38_,VECTRA A 86_, 87_,ASTRA F Cabriolet 53_B,ASTRA F 56_, 57_,KADETT E CC 33_, 34_, 43_, 44_,TIGRA 95_,CORSA A CC 93_, 94_, 98_, 99_,VECTRA A CC 88_, 89_,KADETT E Cabriolet 43B_,ASCONA C 81_, 86_, 87_, 88_,CAMPO TF_,OMEGA A Caravan 66_, 67_,CORSA A TR 91_, 92_, 96_, 97_,ASTRA F CLASSIC Stufenheck,MONTEREY A UBS_,ASTRA F CLASSIC Caravan,KADETT E 39_, 49_,CORSA B Kasten 73_,ASTRA G Kasten F70,KADETT E Caravan 35_, 36_, 45_, 46_,CORSA B Kombi F35,MONTEREY B,ASTRA F Van 55_,CORSA A Kasten,KADETT E Kasten 37_, 47_,KADETT E Combo 38_, 48_; LANCIA: DELTA I 831AB0,DEDRA 835,DEDRA SW 835; FORD: TRANSIT MK-7 Kasten,TRANSIT Kasten FA_ _,TRANSIT CONNECT P65_, P70_, P80_,TRANSIT MK-7 Pritsche\/Fahrgestell; FIAT: PUNTO 176,PUNTO Cabriolet 176C,TEMPRA 159,TEMPRA S.W. 159; CITRO\u00cbN: BERLINGO MF,SAXO S0, S1,BERLINGO Kasten M_,XSARA N1,XSARA Break N2,XM Y4,XSARA Coupe N0,XANTIA X1,BX XB-_,XM Y3,XANTIA Break X1,XM Break Y4,BX Break XB-_,XM Break Y3; ALFA ROMEO: 145 930,146 930; 0000007696064, 5992408, 60811534, 7696064, 95047198, 19204, 19204S, 19204T, 1920FC, 564609, 594607, 594609, 16137039, 0000007696064, 5992408, 60811534, 7696064, 1144809, 1C1Y9F479AA, 8161370390, 8125692400, 8161580550, 3933024750, 3933322032, 8125692400, 8160174600, 8161580550, 33000153, 5234313, 0K95018211, OK95018211, 5992408, 60811534, 7696064, 0235454532, A0235454532, 01238788, 06238927, 0815701, 1238788, 12569240, 12589240, 16137039, 16254719, 17112715, 6238927, 815701, 9389131, 19204, 19204S, 19204T, 1920FC, 564609, 594607, 594609, 7700706876, 8933000153, 1378162, 31303211, 3411400, 3507100<\/p>\n","protected":false},"excerpt":{"rendered":"<p>VEMO Tunnistin, Imusarjapaine V40-72-0323  DAEWOO,KIA,HYUNDAI,LANOS KLAT,NUBIRA Wagon KLAJ,LANOS Stufenheck KLAT,NUBIRA Stufenheck KLAJ,NUBIRA KLAJ<\/p>\n","protected":false},"featured_media":0,"template":"","meta":{"site-sidebar-layout":"default","site-content-layout":"default","ast-global-header-display":"","ast-main-header-display":"","ast-hfb-above-header-display":"","ast-hfb-below-header-display":"","ast-hfb-mobile-header-display":"","site-post-title":"","ast-breadcrumbs-content":"","ast-featured-img":"","footer-sml-layout":"","theme-transparent-header-meta":"","adv-header-id-meta":"","stick-header-meta":"","header-above-stick-meta":"","header-main-stick-meta":"","header-below-stick-meta":""},"pwb-brand":[168],"product_cat":[98],"product_tag":[],"class_list":{"0":"post-88292","1":"product","2":"type-product","3":"status-publish","5":"pwb-brand-vemo","6":"product_cat-anturit-sensorit","7":"desktop-align-left","8":"tablet-align-left","9":"mobile-align-left","11":"first","12":"instock","13":"product-type-external"},"brands":[{"id":168,"name":"VEMO","slug":"vemo"}],"_links":{"self":[{"href":"https:\/\/www.autonvaraosahaku.fi\/index.php?rest_route=\/wp\/v2\/product\/88292","targetHints":{"allow":["GET"]}}],"collection":[{"href":"https:\/\/www.autonvaraosahaku.fi\/index.php?rest_route=\/wp\/v2\/product"}],"about":[{"href":"https:\/\/www.autonvaraosahaku.fi\/index.php?rest_route=\/wp\/v2\/types\/product"}],"wp:attachment":[{"href":"https:\/\/www.autonvaraosahaku.fi\/index.php?rest_route=%2Fwp%2Fv2%2Fmedia&parent=88292"}],"wp:term":[{"taxonomy":"pwb-brand","embeddable":true,"href":"https:\/\/www.autonvaraosahaku.fi\/index.php?rest_route=%2Fwp%2Fv2%2Fpwb-brand&post=88292"},{"taxonomy":"product_cat","embeddable":true,"href":"https:\/\/www.autonvaraosahaku.fi\/index.php?rest_route=%2Fwp%2Fv2%2Fproduct_cat&post=88292"},{"taxonomy":"product_tag","embeddable":true,"href":"https:\/\/www.autonvaraosahaku.fi\/index.php?rest_route=%2Fwp%2Fv2%2Fproduct_tag&post=88292"}],"curies":[{"name":"wp","href":"https:\/\/api.w.org\/{rel}","templated":true}]}}