{"id":88307,"date":"2021-02-21T21:01:12","date_gmt":"2021-02-21T21:01:12","guid":{"rendered":"https:\/\/www.autonvaraosahaku.fi\/?product=vemo-v30-72-0702-kampiakselin-asentotunnistin"},"modified":"2021-02-21T21:01:22","modified_gmt":"2021-02-21T21:01:22","slug":"vemo-v30-72-0702-kampiakselin-asentotunnistin","status":"publish","type":"product","link":"https:\/\/www.autonvaraosahaku.fi\/?product=vemo-v30-72-0702-kampiakselin-asentotunnistin","title":{"rendered":"VEMO V30-72-0702 Kampiakselin asentotunnistin"},"content":{"rendered":"<p>OE-numerolle: 003 153 97 28; Tunnistinmalli: Hall-anturi, aktiivisensori; Korvaava tuote\/korvaava tiedote 2: nokka-akselille, ilman kaapelia; Tarvittava kappalem\u00e4\u00e4r\u00e4: 1; K\u00e4ytt\u00f6: S\u00e4hk\u00f6inen; Lis\u00e4tarvike\/lis\u00e4tieto: Tiivisteill\u00e4; Napojen m\u00e4\u00e4r\u00e4: 3; Liittimi\u00e4: 3; Nimellisj\u00e4nnite (V): 12; Asennussyvyys (mm): 24; Pistokkeen kotelon muoto: Soikea; V\u00e4rimerkint\u00e4: Harmaa; Vastus [kOhm]: 145; L\u00e4mp\u00f6alue alkaen [\u00b0C]: -40; L\u00e4mp\u00f6tila-alue korkeintaan [\u00b0C]: 150; Paino [kg]: 0,027; Pakkausleveys [cm]: 4, 2,48; Pakkauskorkeus [mm]: 6,7, 5,115; Pakkaussyvyys [cm]: 6,8, 5,29; Tuotelinja: Q+, original equipment manufacturer quality MADE IN GERMANY; Valmistusvuoteen: 12\/2012; JEEP: GRAND CHEROKEE III WH, WK,GRAND CHEROKEE II WJ, WG,COMMANDER XK; MERCEDES-BENZ: C-CLASS W203,E-CLASS W211,C-CLASS W204,A-CLASS W169,A-CLASS W168,B-CLASS W245,C-CLASS T-Model S204,C-CLASS T-Model S203,C-CLASS W202,E-CLASS T-Model S211,SLK R170,E-CLASS W210,E-CLASS W212,VIANO W639,M-CLASS W164,C-CLASS Coupe CL203,M-CLASS W163,E-CLASS T-Model S212,GLK-CLASS X204,E-CLASS Kombi S210,VITO Bus W639,SL R129,CLK C209,C-CLASS Kombi S202,S-CLASS W220,VITO \/ MIXTO Kasten W639,SPRINTER 3,5-t Kasten 906,S-CLASS W221,CLS C219,VANEO 414,SL R230,R-CLASS W251, V251,M-CLASS W166,G-CLASS W463,VITO Bus 638,E-CLASS Coupe C207,CLK Cabriolet A209,C-CLASS Coupe C204,SPRINTER 3-t Kasten 903,SPRINTER 3,5-t Bus 906,SPRINTER 2-t Bus 901, 902,SPRINTER 3-t Kasten 906,V-CLASS 638\/2,E-CLASS Cabriolet A207,CLC-CLASS CL203,GL-CLASS X164,G-CLASS W461,SPRINTER 2-t Kasten 901, 902,SPRINTER 3-t Bus 903,CLS C218,SPRINTER 3,5-t Pritsche\/Fahrgestell 906,SPRINTER 3-t Pritsche\/Fahrgestell 903,VITO Kasten 638,SPRINTER 3-t Bus 906,SPRINTER 4-t Pritsche\/Fahrgestell 904,CLS Shooti; CHRYSLER: PT CRUISER PT_,300 C Touring LX,300 C LX; 00K68407876AA, 05080346AA, 5080346AA, 5175762AA, 68407876AA, K05080346AA, K68407876AA, 05080346AA, 5080346AA, 05080346AA, 5080346AA, 0031539726, 0031539728, 0051531328, A0031539726, A0031539728, A0051531328; Nokka Akselin Anturi,Nokka Akselin Tunnistin,Tunnistin, Nokka-Akselin Ajoitus<\/p>\n","protected":false},"excerpt":{"rendered":"<p>VEMO Nokka Akselin Asentotunnistin V30-72-0702 Nokka Akselin Anturi,Nokka Akselin Tunnistin JEEP,MERCEDES-BENZ,CHRYSLER,GRAND CHEROKEE III WH, WK<\/p>\n","protected":false},"featured_media":0,"template":"","meta":{"site-sidebar-layout":"default","site-content-layout":"default","ast-global-header-display":"","ast-main-header-display":"","ast-hfb-above-header-display":"","ast-hfb-below-header-display":"","ast-hfb-mobile-header-display":"","site-post-title":"","ast-breadcrumbs-content":"","ast-featured-img":"","footer-sml-layout":"","theme-transparent-header-meta":"","adv-header-id-meta":"","stick-header-meta":"","header-above-stick-meta":"","header-main-stick-meta":"","header-below-stick-meta":""},"pwb-brand":[168],"product_cat":[184],"product_tag":[],"class_list":{"0":"post-88307","1":"product","2":"type-product","3":"status-publish","5":"pwb-brand-vemo","6":"product_cat-kampiakselin-asentotunnistin","7":"desktop-align-left","8":"tablet-align-left","9":"mobile-align-left","11":"first","12":"instock","13":"product-type-external"},"brands":[{"id":168,"name":"VEMO","slug":"vemo"}],"_links":{"self":[{"href":"https:\/\/www.autonvaraosahaku.fi\/index.php?rest_route=\/wp\/v2\/product\/88307","targetHints":{"allow":["GET"]}}],"collection":[{"href":"https:\/\/www.autonvaraosahaku.fi\/index.php?rest_route=\/wp\/v2\/product"}],"about":[{"href":"https:\/\/www.autonvaraosahaku.fi\/index.php?rest_route=\/wp\/v2\/types\/product"}],"wp:attachment":[{"href":"https:\/\/www.autonvaraosahaku.fi\/index.php?rest_route=%2Fwp%2Fv2%2Fmedia&parent=88307"}],"wp:term":[{"taxonomy":"pwb-brand","embeddable":true,"href":"https:\/\/www.autonvaraosahaku.fi\/index.php?rest_route=%2Fwp%2Fv2%2Fpwb-brand&post=88307"},{"taxonomy":"product_cat","embeddable":true,"href":"https:\/\/www.autonvaraosahaku.fi\/index.php?rest_route=%2Fwp%2Fv2%2Fproduct_cat&post=88307"},{"taxonomy":"product_tag","embeddable":true,"href":"https:\/\/www.autonvaraosahaku.fi\/index.php?rest_route=%2Fwp%2Fv2%2Fproduct_tag&post=88307"}],"curies":[{"name":"wp","href":"https:\/\/api.w.org\/{rel}","templated":true}]}}