{"id":8831,"date":"2021-02-21T14:04:09","date_gmt":"2021-02-21T14:04:09","guid":{"rendered":"https:\/\/www.autonvaraosahaku.fi\/?product=maxgear-39-0015-pyyhkijansulat"},"modified":"2021-02-21T14:04:10","modified_gmt":"2021-02-21T14:04:10","slug":"maxgear-39-0015-pyyhkijansulat","status":"publish","type":"product","link":"https:\/\/www.autonvaraosahaku.fi\/?product=maxgear-39-0015-pyyhkijansulat","title":{"rendered":"MAXGEAR 39-0015 Pyyhkij\u00e4nsulat"},"content":{"rendered":"<p>Pituus (mm): 700; Asennuspuoli: Edess\u00e4, fahrerseitig; Pyyhkij\u00e4nsulkatyyppi: Flatblade-pyyhinsulka (rungoton); Pituus (tuumaa): 28; VW: TOURAN 1T1, 1T2,GOLF PLUS 5M1, 521,SHARAN 7M8, 7M9, 7M6,SHARAN 7N1, 7N2,GOLF SPORTSVAN AM1,CRAFTER Kasten SY_,CRAFTER Bus SY_,CRAFTER Pritsche\/Fahrgestell SZ_; MERCEDES-BENZ: VIANO W639,M-CLASS W164,VITO Bus W639,VITO \/ MIXTO Kasten W639,R-CLASS W251, V251,M-CLASS W166,GL-CLASS X164,V-CLASS W447; BMW: i3 I01; OPEL: ZAFIRA B A05,ZAFIRA TOURER C P12,ZAFIRA B Van; FORD: GALAXY WGR,KUGA II DM2,TRANSIT Kasten FA_ _,TRANSIT Bus FD_ _, FB_ _, FS_ _, FZ_ _, FC_ _,TRANSIT Pritsche\/Fahrgestell FM_ _, FN_ _,TRANSIT CUSTOM Kasten,TOURNEO CUSTOM Bus,TRANSIT CUSTOM Bus,TOURNEO CONNECT \/ GRAND TOURNEO CONNECT Kombi,TRANSIT CONNECT Kasten,TOURNEO COURIER Kombi,TRANSIT CONNECT Kombi,TRANSIT COURIER Kasten,TRANSIT COURIER Kombi; RENAULT: MODUS \/ GRAND MODUS F\/JP0_; FIAT: SCUDO 270_,SCUDO Kasten 270_,SCUDO Pritsche\/Fahrgestell 270_; PEUGEOT: 307 SW 3H,307 CC 3B,407 SW 6E_,307 3A\/C,307 Break 3E,407 6D_,407 Coupe 6C_,EXPERT Tepee VF3V_,EXPERT Kasten VF3A_, VF3U_, VF3X_,ION,EXPERT Pritsche\/Fahrgestell; SEAT: ALHAMBRA 7V8, 7V9,ALHAMBRA 710, 711; TOYOTA: YARIS NHP13_, NSP13_, NCP13_, KSP13_, NLP13_,VERSO S NLP12_, NCP12_, NSP12_; 1373656, 1373657; Tuulilasinpyyhkimet,Pyyhkij\u00e4t,Pyyhkij\u00e4nsulka<\/p>\n","protected":false},"excerpt":{"rendered":"<p>MAXGEAR Pyyhkij\u00e4nsulat 39-0015 Tuulilasinpyyhkimet,Pyyhkij\u00e4t VW,MERCEDES-BENZ,BMW,TOURAN 1T1, 1T2,GOLF PLUS 5M1, 521,SHARAN 7M8, 7M9, 7M6<\/p>\n","protected":false},"featured_media":0,"template":"","meta":{"site-sidebar-layout":"default","site-content-layout":"default","ast-global-header-display":"","ast-main-header-display":"","ast-hfb-above-header-display":"","ast-hfb-below-header-display":"","ast-hfb-mobile-header-display":"","site-post-title":"","ast-breadcrumbs-content":"","ast-featured-img":"","footer-sml-layout":"","theme-transparent-header-meta":"","adv-header-id-meta":"","stick-header-meta":"","header-above-stick-meta":"","header-main-stick-meta":"","header-below-stick-meta":""},"pwb-brand":[48],"product_cat":[33],"product_tag":[],"class_list":{"0":"post-8831","1":"product","2":"type-product","3":"status-publish","5":"pwb-brand-maxgear","6":"product_cat-pyyhkijansulat","7":"desktop-align-left","8":"tablet-align-left","9":"mobile-align-left","11":"first","12":"instock","13":"product-type-external"},"brands":[{"id":48,"name":"MAXGEAR","slug":"maxgear"}],"_links":{"self":[{"href":"https:\/\/www.autonvaraosahaku.fi\/index.php?rest_route=\/wp\/v2\/product\/8831","targetHints":{"allow":["GET"]}}],"collection":[{"href":"https:\/\/www.autonvaraosahaku.fi\/index.php?rest_route=\/wp\/v2\/product"}],"about":[{"href":"https:\/\/www.autonvaraosahaku.fi\/index.php?rest_route=\/wp\/v2\/types\/product"}],"wp:attachment":[{"href":"https:\/\/www.autonvaraosahaku.fi\/index.php?rest_route=%2Fwp%2Fv2%2Fmedia&parent=8831"}],"wp:term":[{"taxonomy":"pwb-brand","embeddable":true,"href":"https:\/\/www.autonvaraosahaku.fi\/index.php?rest_route=%2Fwp%2Fv2%2Fpwb-brand&post=8831"},{"taxonomy":"product_cat","embeddable":true,"href":"https:\/\/www.autonvaraosahaku.fi\/index.php?rest_route=%2Fwp%2Fv2%2Fproduct_cat&post=8831"},{"taxonomy":"product_tag","embeddable":true,"href":"https:\/\/www.autonvaraosahaku.fi\/index.php?rest_route=%2Fwp%2Fv2%2Fproduct_tag&post=8831"}],"curies":[{"name":"wp","href":"https:\/\/api.w.org\/{rel}","templated":true}]}}