{"id":88313,"date":"2021-02-21T21:01:25","date_gmt":"2021-02-21T21:01:25","guid":{"rendered":"https:\/\/www.autonvaraosahaku.fi\/?product=vemo-v25-70-0005-sytytyspuola"},"modified":"2021-02-21T21:01:26","modified_gmt":"2021-02-21T21:01:26","slug":"vemo-v25-70-0005-sytytyspuola","status":"publish","type":"product","link":"https:\/\/www.autonvaraosahaku.fi\/?product=vemo-v25-70-0005-sytytyspuola","title":{"rendered":"VEMO V25-70-0005 Sytytyspuola"},"content":{"rendered":"<p>Napojen m\u00e4\u00e4r\u00e4: 2; J\u00e4nnite (V): 12; Sytytyspuola: Sytytystulppakoskettimella, COP-sytytyspuola (syt.tulpan p\u00e4\u00e4ll\u00e4); Paino [kg]: 0,1788; Pakkausleveys [cm]: 20,6; Pakkauskorkeus [mm]: 6,5; Pakkaussyvyys [cm]: 6,8; Tuotelinja: Original Quality; Tarvittava kappalem\u00e4\u00e4r\u00e4: 4; MAZDA: 3 BK,TRIBUTE EP,3 Stufenheck BK; VOLVO: V50 MW,V70 III BW,C30,S40 II MS,S80 II AS; FORD: FOCUS II Kombi DA_,MONDEO IV Turnier BA7,FOCUS II DA_,S-MAX WA6,FOCUS C-MAX,C-MAX DM2,MAVERICK,TRANSIT MK-7 Kasten,MONDEO IV BA7,FOCUS II Stufenheck DA_,ECOSPORT,TRANSIT MK-7 Pritsche\/Fahrgestell,MONDEO IV Stufenheck BA7; 1224925, 1314271, 1322402, 1578771, 4M5E12A366AA, 4M5G12A366BA, 4M5G12A366BB, 4M5G12A366BC, 4M5G12A366BD, 4M5U12A366BC, 4M5Z12029A, 4M5Z12029B, 4M5Z12029BA, 4M5Z12029BB, 4M5Z12029BC, 4MG12A366BB, 5047437, AM5E12A366AA, AM5E12A366AB, LF1618100, LF1618100A, LF1618100B, ZZCA18100, CL405, 30711786, 31375294, 8694741<\/p>\n","protected":false},"excerpt":{"rendered":"<p>VEMO Sytytyspuola V25-70-0005  MAZDA,VOLVO,FORD,3 BK,TRIBUTE EP,3 Stufenheck BK,V50 MW,V70 III BW,C30,S40 II MS,S80 II AS,FOCUS II Kombi DA_<\/p>\n","protected":false},"featured_media":0,"template":"","meta":{"site-sidebar-layout":"default","site-content-layout":"default","ast-global-header-display":"","ast-main-header-display":"","ast-hfb-above-header-display":"","ast-hfb-below-header-display":"","ast-hfb-mobile-header-display":"","site-post-title":"","ast-breadcrumbs-content":"","ast-featured-img":"","footer-sml-layout":"","theme-transparent-header-meta":"","adv-header-id-meta":"","stick-header-meta":"","header-above-stick-meta":"","header-main-stick-meta":"","header-below-stick-meta":""},"pwb-brand":[168],"product_cat":[25],"product_tag":[],"class_list":{"0":"post-88313","1":"product","2":"type-product","3":"status-publish","5":"pwb-brand-vemo","6":"product_cat-sytytyspuola","7":"desktop-align-left","8":"tablet-align-left","9":"mobile-align-left","11":"first","12":"instock","13":"product-type-external"},"brands":[{"id":168,"name":"VEMO","slug":"vemo"}],"_links":{"self":[{"href":"https:\/\/www.autonvaraosahaku.fi\/index.php?rest_route=\/wp\/v2\/product\/88313","targetHints":{"allow":["GET"]}}],"collection":[{"href":"https:\/\/www.autonvaraosahaku.fi\/index.php?rest_route=\/wp\/v2\/product"}],"about":[{"href":"https:\/\/www.autonvaraosahaku.fi\/index.php?rest_route=\/wp\/v2\/types\/product"}],"wp:attachment":[{"href":"https:\/\/www.autonvaraosahaku.fi\/index.php?rest_route=%2Fwp%2Fv2%2Fmedia&parent=88313"}],"wp:term":[{"taxonomy":"pwb-brand","embeddable":true,"href":"https:\/\/www.autonvaraosahaku.fi\/index.php?rest_route=%2Fwp%2Fv2%2Fpwb-brand&post=88313"},{"taxonomy":"product_cat","embeddable":true,"href":"https:\/\/www.autonvaraosahaku.fi\/index.php?rest_route=%2Fwp%2Fv2%2Fproduct_cat&post=88313"},{"taxonomy":"product_tag","embeddable":true,"href":"https:\/\/www.autonvaraosahaku.fi\/index.php?rest_route=%2Fwp%2Fv2%2Fproduct_tag&post=88313"}],"curies":[{"name":"wp","href":"https:\/\/api.w.org\/{rel}","templated":true}]}}